{"id":38,"date":"2017-07-10T14:42:25","date_gmt":"2017-07-10T14:42:25","guid":{"rendered":"http:\/\/shaha.ancorathemes.com\/?page_id=38"},"modified":"2020-09-14T22:40:32","modified_gmt":"2020-09-14T22:40:32","slug":"framlag","status":"publish","type":"page","link":"https:\/\/grandmosque-iceland.is\/?page_id=38","title":{"rendered":"Framlag"},"content":{"rendered":"<p>[vc_row][vc_column]<div id=\"sc_title_2031742807\"\n\t\tclass=\"sc_title color_style_default sc_title_default  vc_custom_1506954354463\"><h3 class=\"sc_item_title sc_title_title sc_align_center sc_item_title_style_default\">Thank You For Your<br> Desire To Give!<\/h3><\/div><!-- \/.sc_title -->[\/vc_column][vc_column width=&#8221;1\/3&#8243; hide_bg_image_on_tablet=&#8221;&#8221; hide_bg_image_on_mobile=&#8221;&#8221; css=&#8221;.vc_custom_1508853793622{margin-bottom: 2em !important;}&#8221;]<div id=\"sc_donations_1318251092\" class=\"sc_donations_info\"><div class=\"sc_donations_featured\"><img fetchpriority=\"high\" decoding=\"async\" width=\"750\" height=\"560\" src=\"https:\/\/grandmosque-iceland.is\/wp-content\/uploads\/2017\/07\/1200x900_70326171116_092357_feedimage.png\" class=\"attachment-thumb_med size-thumb_med wp-post-image\" alt=\"Moskukostna\u00f0ur\" srcset=\"https:\/\/grandmosque-iceland.is\/wp-content\/uploads\/2017\/07\/1200x900_70326171116_092357_feedimage.png 750w, https:\/\/grandmosque-iceland.is\/wp-content\/uploads\/2017\/07\/1200x900_70326171116_092357_feedimage-300x224.png 300w, https:\/\/grandmosque-iceland.is\/wp-content\/uploads\/2017\/07\/1200x900_70326171116_092357_feedimage-370x276.png 370w\" sizes=\"(max-width: 750px) 100vw, 750px\" \/><\/div><h4 class=\"sc_donations_title entry-title\"><a href=\"https:\/\/grandmosque-iceland.is\/?donation=mosque-expenses\" rel=\"bookmark\">Moskukostna\u00f0ur<\/a><\/h4><div class=\"sc_donations_data\"><span class=\"sc_donations_data_item sc_donations_goal\">\n\t\t\t\t<span class=\"sc_donations_data_label\">Group goal:<\/span>\n\t\t\t\t<span class=\"sc_donations_data_number\">5000.00 USD<\/span>\n\t\t\t<\/span><span class=\"sc_donations_data_item sc_donations_scale\">\n\t\t\t\t<span class=\"sc_donations_data_item sc_donations_scale_raised\" style=\"width:0%;\">\n\t\t\t\t\t<span class=\"sc_donations_data_label\">Raised:<\/span>\n\t\t\t\t\t<span class=\"sc_donations_data_number\">\n\t\t\t\t\t\t<span class=\"sc_donations_data_money\">0.00 USD<\/span>\n\t\t\t\t\t\t<span class=\"sc_donations_data_percent\">0%<\/span>\n\t\t\t\t\t<\/span>\n\t\t\t\t<\/span>\n\t\t\t<\/span><\/div><\/div><!-- \/.sc_donations_info -->[\/vc_column][vc_column width=&#8221;1\/3&#8243; hide_bg_image_on_tablet=&#8221;&#8221; hide_bg_image_on_mobile=&#8221;&#8221; css=&#8221;.vc_custom_1508853802234{margin-bottom: 2em !important;}&#8221;][vc_single_image image=&#8221;1440&#8243; img_size=&#8221;2270&#215;660&#8243; add_caption=&#8221;yes&#8221; alignment=&#8221;center&#8221; title=&#8221;Framlag&#8221;][\/vc_column][vc_column width=&#8221;1\/3&#8243; hide_bg_image_on_tablet=&#8221;&#8221; hide_bg_image_on_mobile=&#8221;&#8221; css=&#8221;.vc_custom_1508853797866{margin-bottom: 2em !important;}&#8221;][vc_raw_html]JTIwJTBBJTBBJTNDZm9ybSUyMGFjdGlvbiUzRCUyMmh0dHBzJTNBJTJGJTJGd3d3LnBheXBhbC5jb20lMkZjZ2ktYmluJTJGd2Vic2NyJTIyJTIwbWV0aG9kJTNEJTIycG9zdCUyMiUyMHRhcmdldCUzRCUyMl90b3AlMjIlM0UlMEElM0NpbnB1dCUyMHR5cGUlM0QlMjJoaWRkZW4lMjIlMjBuYW1lJTNEJTIyY21kJTIyJTIwdmFsdWUlM0QlMjJfcy14Y2xpY2slMjIlM0UlMEElM0NpbnB1dCUyMHR5cGUlM0QlMjJoaWRkZW4lMjIlMjBuYW1lJTNEJTIyaG9zdGVkX2J1dHRvbl9pZCUyMiUyMHZhbHVlJTNEJTIyOTJUWktIUE01JTJBJTJBJTJBJTJBJTIyJTNFJTBBJTNDaW5wdXQlMjB0eXBlJTNEJTIyaW1hZ2UlMjIlMjBzcmMlM0QlMjJodHRwcyUzQSUyRiUyRnd3dy5wYXlwYWxvYmplY3RzLmNvbSUyRmVuX1VTJTJGR0IlMkZpJTJGYnRuJTJGYnRuX2RvbmF0ZUNDX0xHLmdpZiUyMiUyMGJvcmRlciUzRCUyMjAlMjIlMjBuYW1lJTNEJTIyc3VibWl0JTIyJTIwYWx0JTNEJTIyUGF5UGFsJTIwJUUyJTgwJTkzJTIwVGhlJTIwc2FmZXIlMkMlMjBlYXNpZXIlMjB3YXklMjB0byUyMHBheSUyMG9ubGluZS4lMjIlM0UlMEElM0NpbWclMjBhbHQlM0QlMjIlMjIlMjBib3JkZXIlM0QlMjIwJTIyJTIwc3JjJTNEJTIyaHR0cHMlM0ElMkYlMkZ3d3cucGF5cGFsb2JqZWN0cy5jb20lMkZlbl9HQiUyRmklMkZzY3IlMkZwaXhlbC5naWYlMjIlMjB3aWR0aCUzRCUyMjElMjIlMjBoZWlnaHQlM0QlMjIxJTIyJTNFJTBBJTNDJTJGZm9ybSUzRQ==[\/vc_raw_html][\/vc_column][vc_column]<div  id=\"sc_action_783143470\" \n\tclass=\"sc_action color_style_default sc_action_default  vc_custom_1577387553488\"><div class=\"sc_action_content sc_item_content\"><div class=\"sc_action_item sc_action_item_default with_image with_bg_color sc_action_item_ml\" style=\"background-color:#57a68f;\">\n\t\t\t\t\t\t\t<div class=\"sc_action_item_mask\"><\/div>\n\t\t\t\t<div class=\"sc_action_item_inner\">\n\t\t\t\t<h4 class=\"sc_action_item_title\"><span>To Donate month-to-month , please use the monthly donation form<\/span><\/h4><a href=\"\/wp-content\/uploads\/2017\/10\/donation-form-1.pdf\" target=\"_blank\" class=\"sc_action_item_link sc_button sc_button_size_small\"><span class=\"icon-file-pdf\"><\/span>Monthly Donation Form<\/a><\/div><!-- \/.sc_action_item_inner --><\/div><\/div><\/div><!-- \/.sc_action -->[\/vc_column][\/vc_row]<\/p>\n","protected":false},"excerpt":{"rendered":"<p>[vc_row][vc_column][\/vc_column][vc_column width=&#8221;1\/3&#8243; hide_bg_image_on_tablet=&#8221;&#8221; hide_bg_image_on_mobile=&#8221;&#8221; css=&#8221;.vc_custom_1508853793622{margin-bottom: 2em !important;}&#8221;][\/vc_column][vc_column width=&#8221;1\/3&#8243; hide_bg_image_on_tablet=&#8221;&#8221; hide_bg_image_on_mobile=&#8221;&#8221; css=&#8221;.vc_custom_1508853802234{margin-bottom: 2em !important;}&#8221;][vc_single_image image=&#8221;1440&#8243; img_size=&#8221;2270&#215;660&#8243; add_caption=&#8221;yes&#8221; alignment=&#8221;center&#8221; title=&#8221;Framlag&#8221;][\/vc_column][vc_column width=&#8221;1\/3&#8243; hide_bg_image_on_tablet=&#8221;&#8221; hide_bg_image_on_mobile=&#8221;&#8221; css=&#8221;.vc_custom_1508853797866{margin-bottom: 2em !important;}&#8221;][vc_raw_html]JTIwJTBBJTBBJTNDZm9ybSUyMGFjdGlvbiUzRCUyMmh0dHBzJTNBJTJGJTJGd3d3LnBheXBhbC5jb20lMkZjZ2ktYmluJTJGd2Vic2NyJTIyJTIwbWV0aG9kJTNEJTIycG9zdCUyMiUyMHRhcmdldCUzRCUyMl90b3AlMjIlM0UlMEElM0NpbnB1dCUyMHR5cGUlM0QlMjJoaWRkZW4lMjIlMjBuYW1lJTNEJTIyY21kJTIyJTIwdmFsdWUlM0QlMjJfcy14Y2xpY2slMjIlM0UlMEElM0NpbnB1dCUyMHR5cGUlM0QlMjJoaWRkZW4lMjIlMjBuYW1lJTNEJTIyaG9zdGVkX2J1dHRvbl9pZCUyMiUyMHZhbHVlJTNEJTIyOTJUWktIUE01JTJBJTJBJTJBJTJBJTIyJTNFJTBBJTNDaW5wdXQlMjB0eXBlJTNEJTIyaW1hZ2UlMjIlMjBzcmMlM0QlMjJodHRwcyUzQSUyRiUyRnd3dy5wYXlwYWxvYmplY3RzLmNvbSUyRmVuX1VTJTJGR0IlMkZpJTJGYnRuJTJGYnRuX2RvbmF0ZUNDX0xHLmdpZiUyMiUyMGJvcmRlciUzRCUyMjAlMjIlMjBuYW1lJTNEJTIyc3VibWl0JTIyJTIwYWx0JTNEJTIyUGF5UGFsJTIwJUUyJTgwJTkzJTIwVGhlJTIwc2FmZXIlMkMlMjBlYXNpZXIlMjB3YXklMjB0byUyMHBheSUyMG9ubGluZS4lMjIlM0UlMEElM0NpbWclMjBhbHQlM0QlMjIlMjIlMjBib3JkZXIlM0QlMjIwJTIyJTIwc3JjJTNEJTIyaHR0cHMlM0ElMkYlMkZ3d3cucGF5cGFsb2JqZWN0cy5jb20lMkZlbl9HQiUyRmklMkZzY3IlMkZwaXhlbC5naWYlMjIlMjB3aWR0aCUzRCUyMjElMjIlMjBoZWlnaHQlM0QlMjIxJTIyJTNFJTBBJTNDJTJGZm9ybSUzRQ==[\/vc_raw_html][\/vc_column][vc_column][\/vc_column][\/vc_row]<\/p>\n","protected":false},"author":1,"featured_media":0,"parent":0,"menu_order":0,"comment_status":"closed","ping_status":"closed","template":"","meta":{"footnotes":""},"class_list":["post-38","page","type-page","status-publish","hentry"],"yoast_head":"<!-- This site is optimized with the Yoast SEO plugin v27.5 - https:\/\/yoast.com\/product\/yoast-seo-wordpress\/ -->\n<title>Framlag - St\u00f3rmoskan \u00e1 \u00edslands<\/title>\n<meta name=\"robots\" content=\"index, follow, max-snippet:-1, max-image-preview:large, max-video-preview:-1\" \/>\n<link rel=\"canonical\" href=\"https:\/\/grandmosque-iceland.is\/?page_id=38\" \/>\n<meta property=\"og:locale\" content=\"is_IS\" \/>\n<meta property=\"og:type\" content=\"article\" \/>\n<meta property=\"og:title\" content=\"Framlag - St\u00f3rmoskan \u00e1 \u00edslands\" \/>\n<meta property=\"og:description\" content=\"[vc_row][vc_column][\/vc_column][vc_column width=&#8221;1\/3&#8243; hide_bg_image_on_tablet=&#8221;&#8221; hide_bg_image_on_mobile=&#8221;&#8221; css=&#8221;.vc_custom_1508853793622{margin-bottom: 2em !important;}&#8221;][\/vc_column][vc_column width=&#8221;1\/3&#8243; hide_bg_image_on_tablet=&#8221;&#8221; hide_bg_image_on_mobile=&#8221;&#8221; css=&#8221;.vc_custom_1508853802234{margin-bottom: 2em !important;}&#8221;][vc_single_image image=&#8221;1440&#8243; img_size=&#8221;2270&#215;660&#8243; add_caption=&#8221;yes&#8221; alignment=&#8221;center&#8221; title=&#8221;Framlag&#8221;][\/vc_column][vc_column width=&#8221;1\/3&#8243; hide_bg_image_on_tablet=&#8221;&#8221; hide_bg_image_on_mobile=&#8221;&#8221; css=&#8221;.vc_custom_1508853797866{margin-bottom: 2em !important;}&#8221;][vc_raw_html]JTIwJTBBJTBBJTNDZm9ybSUyMGFjdGlvbiUzRCUyMmh0dHBzJTNBJTJGJTJGd3d3LnBheXBhbC5jb20lMkZjZ2ktYmluJTJGd2Vic2NyJTIyJTIwbWV0aG9kJTNEJTIycG9zdCUyMiUyMHRhcmdldCUzRCUyMl90b3AlMjIlM0UlMEElM0NpbnB1dCUyMHR5cGUlM0QlMjJoaWRkZW4lMjIlMjBuYW1lJTNEJTIyY21kJTIyJTIwdmFsdWUlM0QlMjJfcy14Y2xpY2slMjIlM0UlMEElM0NpbnB1dCUyMHR5cGUlM0QlMjJoaWRkZW4lMjIlMjBuYW1lJTNEJTIyaG9zdGVkX2J1dHRvbl9pZCUyMiUyMHZhbHVlJTNEJTIyOTJUWktIUE01JTJBJTJBJTJBJTJBJTIyJTNFJTBBJTNDaW5wdXQlMjB0eXBlJTNEJTIyaW1hZ2UlMjIlMjBzcmMlM0QlMjJodHRwcyUzQSUyRiUyRnd3dy5wYXlwYWxvYmplY3RzLmNvbSUyRmVuX1VTJTJGR0IlMkZpJTJGYnRuJTJGYnRuX2RvbmF0ZUNDX0xHLmdpZiUyMiUyMGJvcmRlciUzRCUyMjAlMjIlMjBuYW1lJTNEJTIyc3VibWl0JTIyJTIwYWx0JTNEJTIyUGF5UGFsJTIwJUUyJTgwJTkzJTIwVGhlJTIwc2FmZXIlMkMlMjBlYXNpZXIlMjB3YXklMjB0byUyMHBheSUyMG9ubGluZS4lMjIlM0UlMEElM0NpbWclMjBhbHQlM0QlMjIlMjIlMjBib3JkZXIlM0QlMjIwJTIyJTIwc3JjJTNEJTIyaHR0cHMlM0ElMkYlMkZ3d3cucGF5cGFsb2JqZWN0cy5jb20lMkZlbl9HQiUyRmklMkZzY3IlMkZwaXhlbC5naWYlMjIlMjB3aWR0aCUzRCUyMjElMjIlMjBoZWlnaHQlM0QlMjIxJTIyJTNFJTBBJTNDJTJGZm9ybSUzRQ==[\/vc_raw_html][\/vc_column][vc_column][\/vc_column][\/vc_row]\" \/>\n<meta property=\"og:url\" content=\"https:\/\/grandmosque-iceland.is\/?page_id=38\" \/>\n<meta property=\"og:site_name\" content=\"St\u00f3rmoskan \u00e1 \u00edslands\" \/>\n<meta property=\"article:modified_time\" content=\"2020-09-14T22:40:32+00:00\" \/>\n<meta name=\"twitter:card\" content=\"summary_large_image\" \/>\n<meta name=\"twitter:label1\" content=\"Est. reading time\" \/>\n\t<meta name=\"twitter:data1\" content=\"1 minute\" \/>\n<script type=\"application\/ld+json\" class=\"yoast-schema-graph\">{\"@context\":\"https:\\\/\\\/schema.org\",\"@graph\":[{\"@type\":\"WebPage\",\"@id\":\"https:\\\/\\\/grandmosque-iceland.is\\\/?page_id=38\",\"url\":\"https:\\\/\\\/grandmosque-iceland.is\\\/?page_id=38\",\"name\":\"Framlag - St\u00f3rmoskan \u00e1 \u00edslands\",\"isPartOf\":{\"@id\":\"https:\\\/\\\/grandmosque-iceland.is\\\/#website\"},\"datePublished\":\"2017-07-10T14:42:25+00:00\",\"dateModified\":\"2020-09-14T22:40:32+00:00\",\"breadcrumb\":{\"@id\":\"https:\\\/\\\/grandmosque-iceland.is\\\/?page_id=38#breadcrumb\"},\"inLanguage\":\"is\",\"potentialAction\":[{\"@type\":\"ReadAction\",\"target\":[\"https:\\\/\\\/grandmosque-iceland.is\\\/?page_id=38\"]}]},{\"@type\":\"BreadcrumbList\",\"@id\":\"https:\\\/\\\/grandmosque-iceland.is\\\/?page_id=38#breadcrumb\",\"itemListElement\":[{\"@type\":\"ListItem\",\"position\":1,\"name\":\"Home\",\"item\":\"https:\\\/\\\/grandmosque-iceland.is\\\/\"},{\"@type\":\"ListItem\",\"position\":2,\"name\":\"Framlag\"}]},{\"@type\":\"WebSite\",\"@id\":\"https:\\\/\\\/grandmosque-iceland.is\\\/#website\",\"url\":\"https:\\\/\\\/grandmosque-iceland.is\\\/\",\"name\":\"St\u00f3rmoskan \u00e1 \u00edslands\",\"description\":\"\",\"publisher\":{\"@id\":\"https:\\\/\\\/grandmosque-iceland.is\\\/#organization\"},\"potentialAction\":[{\"@type\":\"SearchAction\",\"target\":{\"@type\":\"EntryPoint\",\"urlTemplate\":\"https:\\\/\\\/grandmosque-iceland.is\\\/?s={search_term_string}\"},\"query-input\":{\"@type\":\"PropertyValueSpecification\",\"valueRequired\":true,\"valueName\":\"search_term_string\"}}],\"inLanguage\":\"is\"},{\"@type\":\"Organization\",\"@id\":\"https:\\\/\\\/grandmosque-iceland.is\\\/#organization\",\"name\":\"St\u00f3rmoskan \u00e1 \u00edslands\",\"url\":\"https:\\\/\\\/grandmosque-iceland.is\\\/\",\"logo\":{\"@type\":\"ImageObject\",\"inLanguage\":\"is\",\"@id\":\"https:\\\/\\\/grandmosque-iceland.is\\\/#\\\/schema\\\/logo\\\/image\\\/\",\"url\":\"https:\\\/\\\/grandmosque-iceland.is\\\/wp-content\\\/uploads\\\/2019\\\/12\\\/logo-n-1.png\",\"contentUrl\":\"https:\\\/\\\/grandmosque-iceland.is\\\/wp-content\\\/uploads\\\/2019\\\/12\\\/logo-n-1.png\",\"width\":236,\"height\":85,\"caption\":\"St\u00f3rmoskan \u00e1 \u00edslands\"},\"image\":{\"@id\":\"https:\\\/\\\/grandmosque-iceland.is\\\/#\\\/schema\\\/logo\\\/image\\\/\"}}]}<\/script>\n<!-- \/ Yoast SEO plugin. -->","yoast_head_json":{"title":"Framlag - St\u00f3rmoskan \u00e1 \u00edslands","robots":{"index":"index","follow":"follow","max-snippet":"max-snippet:-1","max-image-preview":"max-image-preview:large","max-video-preview":"max-video-preview:-1"},"canonical":"https:\/\/grandmosque-iceland.is\/?page_id=38","og_locale":"is_IS","og_type":"article","og_title":"Framlag - St\u00f3rmoskan \u00e1 \u00edslands","og_description":"[vc_row][vc_column][\/vc_column][vc_column width=&#8221;1\/3&#8243; hide_bg_image_on_tablet=&#8221;&#8221; hide_bg_image_on_mobile=&#8221;&#8221; css=&#8221;.vc_custom_1508853793622{margin-bottom: 2em !important;}&#8221;][\/vc_column][vc_column width=&#8221;1\/3&#8243; hide_bg_image_on_tablet=&#8221;&#8221; hide_bg_image_on_mobile=&#8221;&#8221; css=&#8221;.vc_custom_1508853802234{margin-bottom: 2em !important;}&#8221;][vc_single_image image=&#8221;1440&#8243; img_size=&#8221;2270&#215;660&#8243; add_caption=&#8221;yes&#8221; alignment=&#8221;center&#8221; title=&#8221;Framlag&#8221;][\/vc_column][vc_column width=&#8221;1\/3&#8243; hide_bg_image_on_tablet=&#8221;&#8221; hide_bg_image_on_mobile=&#8221;&#8221; css=&#8221;.vc_custom_1508853797866{margin-bottom: 2em !important;}&#8221;][vc_raw_html]JTIwJTBBJTBBJTNDZm9ybSUyMGFjdGlvbiUzRCUyMmh0dHBzJTNBJTJGJTJGd3d3LnBheXBhbC5jb20lMkZjZ2ktYmluJTJGd2Vic2NyJTIyJTIwbWV0aG9kJTNEJTIycG9zdCUyMiUyMHRhcmdldCUzRCUyMl90b3AlMjIlM0UlMEElM0NpbnB1dCUyMHR5cGUlM0QlMjJoaWRkZW4lMjIlMjBuYW1lJTNEJTIyY21kJTIyJTIwdmFsdWUlM0QlMjJfcy14Y2xpY2slMjIlM0UlMEElM0NpbnB1dCUyMHR5cGUlM0QlMjJoaWRkZW4lMjIlMjBuYW1lJTNEJTIyaG9zdGVkX2J1dHRvbl9pZCUyMiUyMHZhbHVlJTNEJTIyOTJUWktIUE01JTJBJTJBJTJBJTJBJTIyJTNFJTBBJTNDaW5wdXQlMjB0eXBlJTNEJTIyaW1hZ2UlMjIlMjBzcmMlM0QlMjJodHRwcyUzQSUyRiUyRnd3dy5wYXlwYWxvYmplY3RzLmNvbSUyRmVuX1VTJTJGR0IlMkZpJTJGYnRuJTJGYnRuX2RvbmF0ZUNDX0xHLmdpZiUyMiUyMGJvcmRlciUzRCUyMjAlMjIlMjBuYW1lJTNEJTIyc3VibWl0JTIyJTIwYWx0JTNEJTIyUGF5UGFsJTIwJUUyJTgwJTkzJTIwVGhlJTIwc2FmZXIlMkMlMjBlYXNpZXIlMjB3YXklMjB0byUyMHBheSUyMG9ubGluZS4lMjIlM0UlMEElM0NpbWclMjBhbHQlM0QlMjIlMjIlMjBib3JkZXIlM0QlMjIwJTIyJTIwc3JjJTNEJTIyaHR0cHMlM0ElMkYlMkZ3d3cucGF5cGFsb2JqZWN0cy5jb20lMkZlbl9HQiUyRmklMkZzY3IlMkZwaXhlbC5naWYlMjIlMjB3aWR0aCUzRCUyMjElMjIlMjBoZWlnaHQlM0QlMjIxJTIyJTNFJTBBJTNDJTJGZm9ybSUzRQ==[\/vc_raw_html][\/vc_column][vc_column][\/vc_column][\/vc_row]","og_url":"https:\/\/grandmosque-iceland.is\/?page_id=38","og_site_name":"St\u00f3rmoskan \u00e1 \u00edslands","article_modified_time":"2020-09-14T22:40:32+00:00","twitter_card":"summary_large_image","twitter_misc":{"Est. reading time":"1 minute"},"schema":{"@context":"https:\/\/schema.org","@graph":[{"@type":"WebPage","@id":"https:\/\/grandmosque-iceland.is\/?page_id=38","url":"https:\/\/grandmosque-iceland.is\/?page_id=38","name":"Framlag - St\u00f3rmoskan \u00e1 \u00edslands","isPartOf":{"@id":"https:\/\/grandmosque-iceland.is\/#website"},"datePublished":"2017-07-10T14:42:25+00:00","dateModified":"2020-09-14T22:40:32+00:00","breadcrumb":{"@id":"https:\/\/grandmosque-iceland.is\/?page_id=38#breadcrumb"},"inLanguage":"is","potentialAction":[{"@type":"ReadAction","target":["https:\/\/grandmosque-iceland.is\/?page_id=38"]}]},{"@type":"BreadcrumbList","@id":"https:\/\/grandmosque-iceland.is\/?page_id=38#breadcrumb","itemListElement":[{"@type":"ListItem","position":1,"name":"Home","item":"https:\/\/grandmosque-iceland.is\/"},{"@type":"ListItem","position":2,"name":"Framlag"}]},{"@type":"WebSite","@id":"https:\/\/grandmosque-iceland.is\/#website","url":"https:\/\/grandmosque-iceland.is\/","name":"St\u00f3rmoskan \u00e1 \u00edslands","description":"","publisher":{"@id":"https:\/\/grandmosque-iceland.is\/#organization"},"potentialAction":[{"@type":"SearchAction","target":{"@type":"EntryPoint","urlTemplate":"https:\/\/grandmosque-iceland.is\/?s={search_term_string}"},"query-input":{"@type":"PropertyValueSpecification","valueRequired":true,"valueName":"search_term_string"}}],"inLanguage":"is"},{"@type":"Organization","@id":"https:\/\/grandmosque-iceland.is\/#organization","name":"St\u00f3rmoskan \u00e1 \u00edslands","url":"https:\/\/grandmosque-iceland.is\/","logo":{"@type":"ImageObject","inLanguage":"is","@id":"https:\/\/grandmosque-iceland.is\/#\/schema\/logo\/image\/","url":"https:\/\/grandmosque-iceland.is\/wp-content\/uploads\/2019\/12\/logo-n-1.png","contentUrl":"https:\/\/grandmosque-iceland.is\/wp-content\/uploads\/2019\/12\/logo-n-1.png","width":236,"height":85,"caption":"St\u00f3rmoskan \u00e1 \u00edslands"},"image":{"@id":"https:\/\/grandmosque-iceland.is\/#\/schema\/logo\/image\/"}}]}},"amp_enabled":true,"_links":{"self":[{"href":"https:\/\/grandmosque-iceland.is\/index.php?rest_route=\/wp\/v2\/pages\/38","targetHints":{"allow":["GET"]}}],"collection":[{"href":"https:\/\/grandmosque-iceland.is\/index.php?rest_route=\/wp\/v2\/pages"}],"about":[{"href":"https:\/\/grandmosque-iceland.is\/index.php?rest_route=\/wp\/v2\/types\/page"}],"author":[{"embeddable":true,"href":"https:\/\/grandmosque-iceland.is\/index.php?rest_route=\/wp\/v2\/users\/1"}],"replies":[{"embeddable":true,"href":"https:\/\/grandmosque-iceland.is\/index.php?rest_route=%2Fwp%2Fv2%2Fcomments&post=38"}],"version-history":[{"count":13,"href":"https:\/\/grandmosque-iceland.is\/index.php?rest_route=\/wp\/v2\/pages\/38\/revisions"}],"predecessor-version":[{"id":1444,"href":"https:\/\/grandmosque-iceland.is\/index.php?rest_route=\/wp\/v2\/pages\/38\/revisions\/1444"}],"wp:attachment":[{"href":"https:\/\/grandmosque-iceland.is\/index.php?rest_route=%2Fwp%2Fv2%2Fmedia&parent=38"}],"curies":[{"name":"wp","href":"https:\/\/api.w.org\/{rel}","templated":true}]}}