{"id":32,"date":"2017-07-10T14:40:35","date_gmt":"2017-07-10T14:40:35","guid":{"rendered":"http:\/\/shaha.ancorathemes.com\/?page_id=32"},"modified":"2019-12-26T03:12:49","modified_gmt":"2019-12-26T03:12:49","slug":"um-okkur","status":"publish","type":"page","link":"https:\/\/grandmosque-iceland.is\/?page_id=32","title":{"rendered":"Um okkur"},"content":{"rendered":"<p>[vc_row full_width=&#8221;stretch_row_content_no_spaces&#8221;][vc_column width=&#8221;1\/3&#8243;]<div id=\"sc_content_2001396356\"\n\t\tclass=\"sc_content color_style_default scheme_dark sc_content_default sc_float_center\"><div class=\"sc_content_container\"><div id=\"sc_icons_1778103312\" \n\tclass=\"sc_icons sc_icons_default sc_icons_size_large sc_align_center  vc_custom_1577329966686\"><div class=\"sc_icons_item sc_icons_item_linked\"><div id=\"sc_icons_1778103312_icon-icon-shaha-08\" class=\"sc_icons_icon sc_icon_type_ icon-icon-shaha-08\"\n\t\t\t\t\t\t style=\"color: #ffffff\"\t\t\t\t\t\t><span class=\"sc_icon_type_ icon-icon-shaha-08\" style=\"color: #ffffff\"><\/span><\/div><h4 class=\"sc_icons_item_title\"><span>Vi\u00f0bur\u00f0ir<\/span><\/h4><a href=\"\/vidburdir\/\" class=\"sc_icons_item_link\"><\/a><\/div><\/div><!-- \/.sc_icons --><\/div><\/div><!-- \/.sc_content -->[\/vc_column][vc_column width=&#8221;1\/3&#8243;]<div id=\"sc_content_947773468\"\n\t\tclass=\"sc_content color_style_default scheme_dark sc_content_default sc_float_center\"><div class=\"sc_content_container\"><div id=\"sc_icons_159607464\" \n\tclass=\"sc_icons sc_icons_default sc_icons_size_large sc_align_center  vc_custom_1577282642595\"><div class=\"sc_icons_item sc_icons_item_linked\"><div id=\"sc_icons_159607464_icon-icon-shaha-02\" class=\"sc_icons_icon sc_icon_type_ icon-icon-shaha-02\"\n\t\t\t\t\t\t style=\"color: #ffffff\"\t\t\t\t\t\t><span class=\"sc_icon_type_ icon-icon-shaha-02\" style=\"color: #ffffff\"><\/span><\/div><h4 class=\"sc_icons_item_title\"><span>Framlag<\/span><\/h4><a href=\"\/framlag\/\" class=\"sc_icons_item_link\"><\/a><\/div><\/div><!-- \/.sc_icons --><\/div><\/div><!-- \/.sc_content -->[\/vc_column][vc_column width=&#8221;1\/3&#8243;]<div id=\"sc_content_927234755\"\n\t\tclass=\"sc_content color_style_default scheme_dark sc_content_default sc_float_center\"><div class=\"sc_content_container\"><div id=\"sc_icons_1320487394\" \n\tclass=\"sc_icons sc_icons_default sc_icons_size_large sc_align_center  vc_custom_1577286513027\"><div class=\"sc_icons_item sc_icons_item_linked\"><div id=\"sc_icons_1320487394_icon-phone\" class=\"sc_icons_icon sc_icon_type_ icon-phone\"\n\t\t\t\t\t\t style=\"color: #ffffff\"\t\t\t\t\t\t><span class=\"sc_icon_type_ icon-phone\" style=\"color: #ffffff\"><\/span><\/div><h4 class=\"sc_icons_item_title\"><span>Hafa samband<\/span><\/h4><a href=\"\/hafa-samband\/\" class=\"sc_icons_item_link\"><\/a><\/div><\/div><!-- \/.sc_icons --><\/div><\/div><!-- \/.sc_content -->[\/vc_column][\/vc_row][vc_row hide_bg_image_on_tablet=&#8221;&#8221; hide_bg_image_on_mobile=&#8221;&#8221; css=&#8221;.vc_custom_1577283533426{margin-top: 8.4em !important;margin-bottom: 8.4em !important;}&#8221;][vc_column width=&#8221;1\/3&#8243;][vc_single_image image=&#8221;1066&#8243; img_size=&#8221;full&#8221;][\/vc_column][vc_column width=&#8221;2\/3&#8243;]<div id=\"sc_title_308396290\"\n\t\tclass=\"sc_title color_style_default sc_title_default\"><h3 class=\"sc_item_title sc_title_title sc_align_left sc_item_title_style_default\">St\u00f3rmoskan \u00e1 \u00edslands<\/h3><\/div><!-- \/.sc_title -->[vc_column_text css=&#8221;.vc_custom_1577329547936{margin-top: 2em !important;}&#8221;]\u00cdslandsstofnun vill m\u00f3ta og \u00fer\u00f3a starfsemi sem er \u00ed samr\u00e6mi vi\u00f0 norr\u00e6n vi\u00f0mi\u00f0.<\/p>\n<p>Stofnunin s\u00e9rh\u00e6fir sig \u00ed menntun, menningu og samskiptum. Henni var komi\u00f0 \u00e1 f\u00f3t \u00e1ri\u00f0 2010 og h\u00f6fu\u00f0st\u00f6\u00f0var hennar eru \u00ed Reykjav\u00edk.[\/vc_column_text][\/vc_column][\/vc_row][vc_row full_width=&#8221;stretch_row&#8221; hide_bg_image_on_tablet=&#8221;&#8221; hide_bg_image_on_mobile=&#8221;&#8221; css=&#8221;.vc_custom_1577285078587{padding-top: 14% !important;padding-bottom: 14% !important;background-image: url(http:\/\/grandmosque-iceland.is\/main_wp\/wp-content\/uploads\/2019\/12\/02_about_1_03-1.jpg?id=1062) !important;background-position: center !important;background-repeat: no-repeat !important;background-size: cover !important;}&#8221;][vc_column]<div id=\"sc_title_908686866\"\n\t\tclass=\"sc_title color_style_default scheme_dark sc_title_default\"><h3 class=\"sc_item_title sc_title_title sc_align_center sc_item_title_style_default\">Framt\u00ed\u00f0ars\u00fdn okkar<\/h3><div class=\"sc_item_descr sc_title_descr sc_align_center\"><p>Vi\u00f0 viljum vera s\u00fdnileg stofnun \u00e1 \u00cdslandi sem getur bo\u00f0i\u00f0 upp \u00e1 almenna menntun, teki\u00f0 \u00fe\u00e1tt \u00ed \u00edslensku samf\u00e9lagi me\u00f0 \u00fevi a\u00f0 kynna arab\u00edska og \u00edslamska menningu me\u00f0 samskiptum milli \u00feessara menningarheima.<\/p>\n<\/div><\/div><!-- \/.sc_title --><div id=\"sc_title_2085244623\"\n\t\tclass=\"sc_title color_style_default scheme_dark sc_title_default  vc_custom_1577329899124\"><h3 class=\"sc_item_title sc_title_title sc_align_center sc_item_title_style_default\">Markmi\u00f0 okkar<\/h3><div class=\"sc_item_descr sc_title_descr sc_align_center\"><p>A\u00f0 m\u00f3ta sk\u00fdrt l\u00edkan fyrir \u00f3l\u00edkar stofnanir og setur m\u00fasl\u00edma \u00e1 \u00cdslandi.<br \/>\nA\u00f0 koma \u00e1 f\u00f3t fyrirmyndar menntastofnunum \u00e1 \u00fdmsum sk\u00f3lastigum.<br \/>\nA\u00f0 efla hlutverk m\u00fasl\u00edmskra minnihlutah\u00f3pa \u00e1 \u00cdslandi.<br \/>\nA\u00f0 gera okkar til a\u00f0 sj\u00e1 til \u00feess a\u00f0 \u00edslenskt samf\u00e9lag. menntastofnanir og \u00f3likir menningarheimar s\u00e9u me\u00f0vita\u00f0ir hver um annan. \u00devi viljum vi\u00f0 n\u00e1 fram me\u00f0 gagnkv\u00e6mum samskiptum me\u00f0 hj\u00e1lp n\u00fat\u00edma samskiptami\u00f0la.<\/p>\n<\/div><\/div><!-- \/.sc_title --><div id=\"sc_title_1964824372\"\n\t\tclass=\"sc_title color_style_default scheme_dark sc_title_default  vc_custom_1577329905573\"><h3 class=\"sc_item_title sc_title_title sc_align_center sc_item_title_style_default\">Bo\u00f0skapur okkar<\/h3><div class=\"sc_item_descr sc_title_descr sc_align_center\"><p>Vi\u00f0 stefnum a\u00f0 \u00fev\u00ed a\u00f0 b\u00faa til samkeppnish\u00e6fa menntastofnun, sem sker sig \u00far og h\u00f6f\u00f0ar til m\u00fasl\u00edmsku minnihlutah\u00f3panna \u00e1 \u00cdslandi. Me\u00f0 \u00fev\u00ed a\u00f0 byggja br\u00fdr milli menningarheima og me\u00f0 n\u00fat\u00edma a\u00f0fer\u00f0um viljum vi\u00f0 efla menningarleg samskipti \u00ed \u00edslensku samf\u00e9lagi milli m\u00fasl\u00edma, araba og \u00feorra almennings.<\/p>\n<\/div><\/div><!-- \/.sc_title --><div id=\"sc_title_1478747673\"\n\t\tclass=\"sc_title color_style_default scheme_dark sc_title_default  vc_custom_1577329912462\"><h3 class=\"sc_item_title sc_title_title sc_align_center sc_item_title_style_default\">Gildi okkar<\/h3><div class=\"sc_item_descr sc_title_descr sc_align_center\"><p>Samr\u00e6\u00f0ur, umbur\u00f0arlyndi, samb\u00fa\u00f0 menningarheima, hei\u00f0arleiki, einl\u00e6gni, gegns\u00e6i og a\u00f0 vera g\u00f3\u00f0ur og gildur samf\u00e9lags\u00feegn.<\/p>\n<\/div><\/div><!-- \/.sc_title -->[\/vc_column][\/vc_row][vc_row full_width=&#8221;stretch_row&#8221; hide_bg_image_on_tablet=&#8221;&#8221; hide_bg_image_on_mobile=&#8221;&#8221; css=&#8221;.vc_custom_1507296877597{padding-top: 8.4em !important;padding-bottom: 8.4em !important;background-color: #fafaf2 !important;}&#8221;][vc_column]<div class=\"sc_team color_style_default sc_team_short\"><h3 class=\"sc_item_title sc_team_title sc_align_center sc_item_title_style_default\">Stj\u00f3rn okkar<\/h3><div class=\"sc_team_columns_wrap sc_item_columns trx_addons_columns_wrap columns_padding_bottom\"><div class=\"trx_addons_column-1_3\"><div class=\"sc_team_item\">\n\t<div class=\"post_featured sc_team_item_thumb trx_addons_hover trx_addons_hover_style_info\">\n\t\t\t\t\t\t\t\t\t\t<a href=\"https:\/\/grandmosque-iceland.is\/?cpt_team=imam-emir-safar\" aria-hidden=\"true\"><img fetchpriority=\"high\" decoding=\"async\" width=\"370\" height=\"370\" src=\"https:\/\/grandmosque-iceland.is\/wp-content\/uploads\/2017\/07\/karim.png\" class=\"attachment-trx_addons-thumb-avatar size-trx_addons-thumb-avatar wp-post-image\" alt=\"Karim Askari\" srcset=\"https:\/\/grandmosque-iceland.is\/wp-content\/uploads\/2017\/07\/karim.png 370w, https:\/\/grandmosque-iceland.is\/wp-content\/uploads\/2017\/07\/karim-300x300.png 300w, https:\/\/grandmosque-iceland.is\/wp-content\/uploads\/2017\/07\/karim-150x150.png 150w, https:\/\/grandmosque-iceland.is\/wp-content\/uploads\/2017\/07\/karim-90x90.png 90w\" sizes=\"(max-width: 370px) 100vw, 370px\" \/><\/a>\n\t\t\t\t\t<div class=\"trx_addons_hover_content\"><div class=\"sc_team_item_socials socials_wrap trx_addons_hover_info\"><\/div><\/div><div class=\"trx_addons_hover_mask\"><\/div><\/div>\t<div class=\"sc_team_item_info\">\n\t\t<div class=\"sc_team_item_header\">\n\t\t\t<h4 class=\"sc_team_item_title\"><a href=\"https:\/\/grandmosque-iceland.is\/?cpt_team=imam-emir-safar\">Karim Askari<\/a><\/h4>\n\t\t\t<div class=\"sc_team_item_subtitle\">CEO<\/div>\n\t\t<\/div>\n\t<\/div>\n<\/div>\n<\/div><\/div><\/div><!-- \/.sc_team -->[\/vc_column][\/vc_row]<\/p>\n","protected":false},"excerpt":{"rendered":"<p>[vc_row full_width=&#8221;stretch_row_content_no_spaces&#8221;][vc_column width=&#8221;1\/3&#8243;][\/vc_column][vc_column width=&#8221;1\/3&#8243;][\/vc_column][vc_column width=&#8221;1\/3&#8243;][\/vc_column][\/vc_row][vc_row hide_bg_image_on_tablet=&#8221;&#8221; hide_bg_image_on_mobile=&#8221;&#8221; css=&#8221;.vc_custom_1577283533426{margin-top: 8.4em !important;margin-bottom: 8.4em !important;}&#8221;][vc_column width=&#8221;1\/3&#8243;][vc_single_image image=&#8221;1066&#8243; img_size=&#8221;full&#8221;][\/vc_column][vc_column width=&#8221;2\/3&#8243;][vc_column_text css=&#8221;.vc_custom_1577329547936{margin-top: 2em !important;}&#8221;]\u00cdslandsstofnun vill m\u00f3ta og \u00fer\u00f3a starfsemi sem er \u00ed samr\u00e6mi vi\u00f0 norr\u00e6n vi\u00f0mi\u00f0. Stofnunin s\u00e9rh\u00e6fir sig \u00ed menntun, menningu og samskiptum. Henni var komi\u00f0 \u00e1 f\u00f3t \u00e1ri\u00f0 2010 og h\u00f6fu\u00f0st\u00f6\u00f0var hennar eru&hellip;<\/p>\n","protected":false},"author":1,"featured_media":0,"parent":0,"menu_order":0,"comment_status":"closed","ping_status":"closed","template":"","meta":{"footnotes":""},"class_list":["post-32","page","type-page","status-publish","hentry"],"yoast_head":"<!-- This site is optimized with the Yoast SEO plugin v27.3 - https:\/\/yoast.com\/product\/yoast-seo-wordpress\/ -->\n<title>Um okkur - St\u00f3rmoskan \u00e1 \u00edslands<\/title>\n<meta name=\"robots\" content=\"index, follow, max-snippet:-1, max-image-preview:large, max-video-preview:-1\" \/>\n<link rel=\"canonical\" href=\"https:\/\/grandmosque-iceland.is\/?page_id=32\" \/>\n<meta property=\"og:locale\" content=\"is_IS\" \/>\n<meta property=\"og:type\" content=\"article\" \/>\n<meta property=\"og:title\" content=\"Um okkur - St\u00f3rmoskan \u00e1 \u00edslands\" \/>\n<meta property=\"og:description\" content=\"[vc_row full_width=&#8221;stretch_row_content_no_spaces&#8221;][vc_column width=&#8221;1\/3&#8243;][\/vc_column][vc_column width=&#8221;1\/3&#8243;][\/vc_column][vc_column width=&#8221;1\/3&#8243;][\/vc_column][\/vc_row][vc_row hide_bg_image_on_tablet=&#8221;&#8221; hide_bg_image_on_mobile=&#8221;&#8221; css=&#8221;.vc_custom_1577283533426{margin-top: 8.4em !important;margin-bottom: 8.4em !important;}&#8221;][vc_column width=&#8221;1\/3&#8243;][vc_single_image image=&#8221;1066&#8243; img_size=&#8221;full&#8221;][\/vc_column][vc_column width=&#8221;2\/3&#8243;][vc_column_text css=&#8221;.vc_custom_1577329547936{margin-top: 2em !important;}&#8221;]\u00cdslandsstofnun vill m\u00f3ta og \u00fer\u00f3a starfsemi sem er \u00ed samr\u00e6mi vi\u00f0 norr\u00e6n vi\u00f0mi\u00f0. Stofnunin s\u00e9rh\u00e6fir sig \u00ed menntun, menningu og samskiptum. Henni var komi\u00f0 \u00e1 f\u00f3t \u00e1ri\u00f0 2010 og h\u00f6fu\u00f0st\u00f6\u00f0var hennar eru&hellip;\" \/>\n<meta property=\"og:url\" content=\"https:\/\/grandmosque-iceland.is\/?page_id=32\" \/>\n<meta property=\"og:site_name\" content=\"St\u00f3rmoskan \u00e1 \u00edslands\" \/>\n<meta property=\"article:modified_time\" content=\"2019-12-26T03:12:49+00:00\" \/>\n<meta name=\"twitter:card\" content=\"summary_large_image\" \/>\n<meta name=\"twitter:label1\" content=\"Est. reading time\" \/>\n\t<meta name=\"twitter:data1\" content=\"4 minutes\" \/>\n<script type=\"application\/ld+json\" class=\"yoast-schema-graph\">{\"@context\":\"https:\\\/\\\/schema.org\",\"@graph\":[{\"@type\":\"WebPage\",\"@id\":\"https:\\\/\\\/grandmosque-iceland.is\\\/?page_id=32\",\"url\":\"https:\\\/\\\/grandmosque-iceland.is\\\/?page_id=32\",\"name\":\"Um okkur - St\u00f3rmoskan \u00e1 \u00edslands\",\"isPartOf\":{\"@id\":\"https:\\\/\\\/grandmosque-iceland.is\\\/#website\"},\"datePublished\":\"2017-07-10T14:40:35+00:00\",\"dateModified\":\"2019-12-26T03:12:49+00:00\",\"breadcrumb\":{\"@id\":\"https:\\\/\\\/grandmosque-iceland.is\\\/?page_id=32#breadcrumb\"},\"inLanguage\":\"is\",\"potentialAction\":[{\"@type\":\"ReadAction\",\"target\":[\"https:\\\/\\\/grandmosque-iceland.is\\\/?page_id=32\"]}]},{\"@type\":\"BreadcrumbList\",\"@id\":\"https:\\\/\\\/grandmosque-iceland.is\\\/?page_id=32#breadcrumb\",\"itemListElement\":[{\"@type\":\"ListItem\",\"position\":1,\"name\":\"Home\",\"item\":\"https:\\\/\\\/grandmosque-iceland.is\\\/\"},{\"@type\":\"ListItem\",\"position\":2,\"name\":\"Um okkur\"}]},{\"@type\":\"WebSite\",\"@id\":\"https:\\\/\\\/grandmosque-iceland.is\\\/#website\",\"url\":\"https:\\\/\\\/grandmosque-iceland.is\\\/\",\"name\":\"St\u00f3rmoskan \u00e1 \u00edslands\",\"description\":\"\",\"publisher\":{\"@id\":\"https:\\\/\\\/grandmosque-iceland.is\\\/#organization\"},\"potentialAction\":[{\"@type\":\"SearchAction\",\"target\":{\"@type\":\"EntryPoint\",\"urlTemplate\":\"https:\\\/\\\/grandmosque-iceland.is\\\/?s={search_term_string}\"},\"query-input\":{\"@type\":\"PropertyValueSpecification\",\"valueRequired\":true,\"valueName\":\"search_term_string\"}}],\"inLanguage\":\"is\"},{\"@type\":\"Organization\",\"@id\":\"https:\\\/\\\/grandmosque-iceland.is\\\/#organization\",\"name\":\"St\u00f3rmoskan \u00e1 \u00edslands\",\"url\":\"https:\\\/\\\/grandmosque-iceland.is\\\/\",\"logo\":{\"@type\":\"ImageObject\",\"inLanguage\":\"is\",\"@id\":\"https:\\\/\\\/grandmosque-iceland.is\\\/#\\\/schema\\\/logo\\\/image\\\/\",\"url\":\"https:\\\/\\\/grandmosque-iceland.is\\\/wp-content\\\/uploads\\\/2019\\\/12\\\/logo-n-1.png\",\"contentUrl\":\"https:\\\/\\\/grandmosque-iceland.is\\\/wp-content\\\/uploads\\\/2019\\\/12\\\/logo-n-1.png\",\"width\":236,\"height\":85,\"caption\":\"St\u00f3rmoskan \u00e1 \u00edslands\"},\"image\":{\"@id\":\"https:\\\/\\\/grandmosque-iceland.is\\\/#\\\/schema\\\/logo\\\/image\\\/\"}}]}<\/script>\n<!-- \/ Yoast SEO plugin. -->","yoast_head_json":{"title":"Um okkur - St\u00f3rmoskan \u00e1 \u00edslands","robots":{"index":"index","follow":"follow","max-snippet":"max-snippet:-1","max-image-preview":"max-image-preview:large","max-video-preview":"max-video-preview:-1"},"canonical":"https:\/\/grandmosque-iceland.is\/?page_id=32","og_locale":"is_IS","og_type":"article","og_title":"Um okkur - St\u00f3rmoskan \u00e1 \u00edslands","og_description":"[vc_row full_width=&#8221;stretch_row_content_no_spaces&#8221;][vc_column width=&#8221;1\/3&#8243;][\/vc_column][vc_column width=&#8221;1\/3&#8243;][\/vc_column][vc_column width=&#8221;1\/3&#8243;][\/vc_column][\/vc_row][vc_row hide_bg_image_on_tablet=&#8221;&#8221; hide_bg_image_on_mobile=&#8221;&#8221; css=&#8221;.vc_custom_1577283533426{margin-top: 8.4em !important;margin-bottom: 8.4em !important;}&#8221;][vc_column width=&#8221;1\/3&#8243;][vc_single_image image=&#8221;1066&#8243; img_size=&#8221;full&#8221;][\/vc_column][vc_column width=&#8221;2\/3&#8243;][vc_column_text css=&#8221;.vc_custom_1577329547936{margin-top: 2em !important;}&#8221;]\u00cdslandsstofnun vill m\u00f3ta og \u00fer\u00f3a starfsemi sem er \u00ed samr\u00e6mi vi\u00f0 norr\u00e6n vi\u00f0mi\u00f0. Stofnunin s\u00e9rh\u00e6fir sig \u00ed menntun, menningu og samskiptum. Henni var komi\u00f0 \u00e1 f\u00f3t \u00e1ri\u00f0 2010 og h\u00f6fu\u00f0st\u00f6\u00f0var hennar eru&hellip;","og_url":"https:\/\/grandmosque-iceland.is\/?page_id=32","og_site_name":"St\u00f3rmoskan \u00e1 \u00edslands","article_modified_time":"2019-12-26T03:12:49+00:00","twitter_card":"summary_large_image","twitter_misc":{"Est. reading time":"4 minutes"},"schema":{"@context":"https:\/\/schema.org","@graph":[{"@type":"WebPage","@id":"https:\/\/grandmosque-iceland.is\/?page_id=32","url":"https:\/\/grandmosque-iceland.is\/?page_id=32","name":"Um okkur - St\u00f3rmoskan \u00e1 \u00edslands","isPartOf":{"@id":"https:\/\/grandmosque-iceland.is\/#website"},"datePublished":"2017-07-10T14:40:35+00:00","dateModified":"2019-12-26T03:12:49+00:00","breadcrumb":{"@id":"https:\/\/grandmosque-iceland.is\/?page_id=32#breadcrumb"},"inLanguage":"is","potentialAction":[{"@type":"ReadAction","target":["https:\/\/grandmosque-iceland.is\/?page_id=32"]}]},{"@type":"BreadcrumbList","@id":"https:\/\/grandmosque-iceland.is\/?page_id=32#breadcrumb","itemListElement":[{"@type":"ListItem","position":1,"name":"Home","item":"https:\/\/grandmosque-iceland.is\/"},{"@type":"ListItem","position":2,"name":"Um okkur"}]},{"@type":"WebSite","@id":"https:\/\/grandmosque-iceland.is\/#website","url":"https:\/\/grandmosque-iceland.is\/","name":"St\u00f3rmoskan \u00e1 \u00edslands","description":"","publisher":{"@id":"https:\/\/grandmosque-iceland.is\/#organization"},"potentialAction":[{"@type":"SearchAction","target":{"@type":"EntryPoint","urlTemplate":"https:\/\/grandmosque-iceland.is\/?s={search_term_string}"},"query-input":{"@type":"PropertyValueSpecification","valueRequired":true,"valueName":"search_term_string"}}],"inLanguage":"is"},{"@type":"Organization","@id":"https:\/\/grandmosque-iceland.is\/#organization","name":"St\u00f3rmoskan \u00e1 \u00edslands","url":"https:\/\/grandmosque-iceland.is\/","logo":{"@type":"ImageObject","inLanguage":"is","@id":"https:\/\/grandmosque-iceland.is\/#\/schema\/logo\/image\/","url":"https:\/\/grandmosque-iceland.is\/wp-content\/uploads\/2019\/12\/logo-n-1.png","contentUrl":"https:\/\/grandmosque-iceland.is\/wp-content\/uploads\/2019\/12\/logo-n-1.png","width":236,"height":85,"caption":"St\u00f3rmoskan \u00e1 \u00edslands"},"image":{"@id":"https:\/\/grandmosque-iceland.is\/#\/schema\/logo\/image\/"}}]}},"amp_enabled":true,"_links":{"self":[{"href":"https:\/\/grandmosque-iceland.is\/index.php?rest_route=\/wp\/v2\/pages\/32","targetHints":{"allow":["GET"]}}],"collection":[{"href":"https:\/\/grandmosque-iceland.is\/index.php?rest_route=\/wp\/v2\/pages"}],"about":[{"href":"https:\/\/grandmosque-iceland.is\/index.php?rest_route=\/wp\/v2\/types\/page"}],"author":[{"embeddable":true,"href":"https:\/\/grandmosque-iceland.is\/index.php?rest_route=\/wp\/v2\/users\/1"}],"replies":[{"embeddable":true,"href":"https:\/\/grandmosque-iceland.is\/index.php?rest_route=%2Fwp%2Fv2%2Fcomments&post=32"}],"version-history":[{"count":19,"href":"https:\/\/grandmosque-iceland.is\/index.php?rest_route=\/wp\/v2\/pages\/32\/revisions"}],"predecessor-version":[{"id":1160,"href":"https:\/\/grandmosque-iceland.is\/index.php?rest_route=\/wp\/v2\/pages\/32\/revisions\/1160"}],"wp:attachment":[{"href":"https:\/\/grandmosque-iceland.is\/index.php?rest_route=%2Fwp%2Fv2%2Fmedia&parent=32"}],"curies":[{"name":"wp","href":"https:\/\/api.w.org\/{rel}","templated":true}]}}