{"id":27,"date":"2019-04-29T05:30:57","date_gmt":"2019-04-29T05:30:57","guid":{"rendered":"http:\/\/grandmosque-iceland.is\/?page_id=27"},"modified":"2024-12-13T21:52:46","modified_gmt":"2024-12-13T21:52:46","slug":"sogur-nyrra-muslima","status":"publish","type":"page","link":"https:\/\/grandmosque-iceland.is\/?page_id=27","title":{"rendered":"S\u00f6gur n\u00fdrra m\u00faslima"},"content":{"rendered":"<p>S\u00f6gur n\u00fdrra m\u00faslima eru \u00e1hrifar\u00edkar og oft r\u00f6randi fr\u00e1sagnir um f\u00f3lk sem hefur teki\u00f0 vi\u00f0 tr\u00fa \u00cdslams og fundi\u00f0 n\u00fdjan tilgang og merkingu \u00ed l\u00edfi s\u00ednu. \u00deessar s\u00f6gur s\u00fdna hvernig f\u00f3lk fr\u00e1 \u00f6llum heimshornum, me\u00f0 \u00f3l\u00edka bakgrunn og tr\u00fa, hefur teki\u00f0 \u00e1kv\u00f6r\u00f0un um a\u00f0 sameinast undir merki tr\u00faarinnar og hvernig tr\u00fain hefur haft j\u00e1kv\u00e6\u00f0 \u00e1hrif \u00e1 \u00feeirra l\u00edf.<\/p>\n<h3>1. <strong>N\u00fdrir m\u00fasl\u00edmar fr\u00e1 vestr\u00e6num l\u00f6ndum<\/strong><\/h3>\n<p>Margar s\u00f6gur n\u00fdrra m\u00faslima koma fr\u00e1 vestr\u00e6num l\u00f6ndum \u00fear sem f\u00f3lk sem hefur veri\u00f0 uppalinn \u00ed kristnum e\u00f0a fj\u00f6ltr\u00faarlegum samf\u00e9l\u00f6gum hefur leita\u00f0 a\u00f0 \u00f6\u00f0rum andlegum lei\u00f0um. Margir hafa or\u00f0i\u00f0 a\u00f0 n\u00fdjum m\u00fasl\u00edmum vegna \u00feess a\u00f0 \u00feeir fundu hringr\u00e1s tr\u00faarinnar vera fri\u00f0s\u00e6la og \u00ed samr\u00e6mi vi\u00f0 \u00feeirra eigin gildi. Sumir \u00feeirra voru a\u00f0 leita a\u00f0 sv\u00f6rum vi\u00f0 st\u00f3rum spurningum l\u00edfsins e\u00f0a a\u00f0 finna andlega fulln\u00e6gju sem \u00feeir fundu ekki \u00ed \u00f6\u00f0rum tr\u00faarbr\u00f6g\u00f0um.<\/p>\n<p><strong>D\u00e6mi:<\/strong><\/p>\n<ul>\n<li><strong>John (al-Ikhlas)<\/strong> er einn af n\u00fdju m\u00fasl\u00edmunum sem fundu tilvistarlega fulln\u00e6gju \u00ed tr\u00fa \u00cdslams. Hann \u00fatsk\u00fdr\u00f0i a\u00f0 hann haf\u00f0i veri\u00f0 a\u00f0 leita a\u00f0 innri fri\u00f0i og tilgangi \u00ed l\u00edfinu \u00ed gegnum kristna tr\u00fa, en fann \u00fe\u00e1 sem m\u00fasl\u00edm m\u00e1tti breyta l\u00edfsgildum s\u00ednum og finna st\u00f6\u00f0ugleika \u00ed tilverunni.<\/li>\n<li><strong>Krist\u00edn (Khadijah)<\/strong>, kona fr\u00e1 Evr\u00f3pu, \u00fatsk\u00fdr\u00f0i hvernig h\u00fan haf\u00f0i veri\u00f0 lei\u00f0andi innan feministahreyfingar og fann fyrir a\u00f0 \u00fer\u00e1tt fyrir a\u00f0 vera virkur \u00ed bar\u00e1ttunni fyrir jafnr\u00e9tti kvenna, var h\u00fan ekki fulln\u00e6gt \u00e1\u00f0ur en h\u00fan fann Islam og s\u00e1 hvernig tr\u00fain vildi jafna st\u00f6\u00f0u kvenna \u00ed samf\u00e9laginu \u00e1 dj\u00fapan og raunverulegan h\u00e1tt.<\/li>\n<\/ul>\n<h3>2. <strong>Fr\u00e1 \u00f6\u00f0rum tr\u00faarbr\u00f6g\u00f0um til \u00cdslams<\/strong><\/h3>\n<p>\u00dea\u00f0 eru l\u00edka margar s\u00f6gur um f\u00f3lk sem hefur yfirgefi\u00f0 a\u00f0ra tr\u00faarbr\u00f6g\u00f0 til a\u00f0 taka vi\u00f0 Islam. \u00deessir n\u00fdju m\u00fasl\u00edmar hafa oft gengi\u00f0 \u00ed gegnum dj\u00fapst\u00e6\u00f0ar huglei\u00f0ingar um eigin tr\u00faarbr\u00f6g\u00f0 og hafa svo fundi\u00f0 a\u00f0 \u00cdslam var s\u00e1 vegur sem gaf \u00feeim meiri s\u00e1lr\u00e6nan fri\u00f0 og andlega visku.<\/p>\n<p><strong>D\u00e6mi:<\/strong><\/p>\n<ul>\n<li><strong>F\u00e9lix (Abu Bakr)<\/strong> fr\u00e1 Su\u00f0ur-Amer\u00edku var uppalinn \u00ed Kat\u00f3lskum fj\u00f6lskyldu, en eftir a\u00f0 hafa upplifa\u00f0 innri s\u00e1lfr\u00e6\u00f0ilegar kr\u00edsur fann hann fyrir a\u00f0 Islam veitti honum tilfinningu fyrir tengingu vi\u00f0 Gu\u00f0 sem hann haf\u00f0i \u00e1\u00f0ur ekki upplifa\u00f0.<\/li>\n<li><strong>Yunus (David)<\/strong> kom fr\u00e1 gu\u00f0fr\u00e6\u00f0ilegu kristnu samf\u00e9lagi og sag\u00f0i a\u00f0 eftir a\u00f0 hafa lesi\u00f0 um sj\u00e1lfsskilning \u00ed Islam og heimspeki sem liggur \u00e1 bak vi\u00f0 \u00fea\u00f0, hafi hann upplifa\u00f0 tr\u00faarlega upplj\u00f3mun og \u00e1kve\u00f0i\u00f0 a\u00f0 taka vi\u00f0 Islam.<\/li>\n<\/ul>\n<h3>3. <strong>\u00c1hrif samf\u00e9lagsins og fj\u00f6lskyldu<\/strong><\/h3>\n<p>\u00cd sumum tilfellum ver\u00f0ur f\u00f3lk n\u00fdrra m\u00faslima \u00feegar fj\u00f6lskylda \u00feeirra tekur \u00e1kv\u00f6r\u00f0un um a\u00f0 breyta tr\u00fa e\u00f0a samf\u00e9lagsa\u00f0st\u00e6\u00f0ur lei\u00f0a til \u00feess. Hvernig fj\u00f6lskyldur og vinir breg\u00f0ast vi\u00f0 \u00feessum breytingum hefur st\u00f3r \u00e1hrif \u00e1 reynslu n\u00fdrra m\u00faslima. Margar s\u00f6gur n\u00fdrra m\u00faslima eru einnig s\u00f6gur um hvernig \u00feeir yfirvinna hindranir og ford\u00f3ma, s\u00e9rstaklega \u00ed samf\u00e9l\u00f6gum \u00fear sem Islam er minna \u00feekkt.<\/p>\n<p><strong>D\u00e6mi:<\/strong><\/p>\n<ul>\n<li><strong>Aisha<\/strong> (Karen) var ung kona sem f\u00f3r \u00ed gegnum mikla pers\u00f3nulega umbreytingu \u00e1\u00f0ur en h\u00fan \u00e1kva\u00f0 a\u00f0 taka vi\u00f0 Islam. H\u00fan \u00fatsk\u00fdr\u00f0i hvernig h\u00fan var\u00f0 fyrir miklum m\u00f3tl\u00e6ti fr\u00e1 fj\u00f6lskyldu sinni, en a\u00f0 lokum sam\u00feykktu \u00feau \u00e1kv\u00f6r\u00f0un hennar eftir a\u00f0 hafa s\u00e9\u00f0 hversu sterk tr\u00fa hennar var.<\/li>\n<\/ul>\n<h3>4. <strong>N\u00fdir m\u00fasl\u00edmar \u00ed M\u00fasl\u00edmskum l\u00f6ndum<\/strong><\/h3>\n<p>\u00cd sumum l\u00f6ndum \u00fear sem Islam er r\u00e1\u00f0andi tr\u00fa, eru n\u00fdir m\u00fasl\u00edmar einnig \u00feeir sem hafa endurheimt tr\u00fa s\u00edna eftir a\u00f0 hafa \u00e1\u00f0ur veri\u00f0 \u00e1 \u00fatlei\u00f0 e\u00f0a haft engar tr\u00faarbr\u00f6g\u00f0. M\u00fasl\u00edmskir tr\u00fabo\u00f0ar og samf\u00e9l\u00f6g v\u00ed\u00f0a um heim hj\u00e1lpa \u00feessum einstaklingum a\u00f0 finna lei\u00f0ina aftur til tr\u00faarinnar og hj\u00e1lpa \u00feeim a\u00f0 finna fri\u00f0 og styrk \u00ed l\u00edfinu.<\/p>\n<p><strong>D\u00e6mi:<\/strong><\/p>\n<ul>\n<li><strong>Abdullah<\/strong> fr\u00e1 As\u00edu var \u00e1\u00f0ur a\u00f0sto\u00f0arma\u00f0ur hj\u00e1 st\u00f3rum fyrirt\u00e6ki, en var \u00e1\u00f0ur me\u00f0 frj\u00e1lslegt l\u00edfsst\u00edl \u00e1n mikils tr\u00faarlegs grundvallar. Eftir a\u00f0 hafa teki\u00f0 \u00fe\u00e1tt \u00ed tr\u00faarlegum samt\u00f6lum og spurningar var hann hvetja til a\u00f0 finna aftur tengingu vi\u00f0 Islam, sem ger\u00f0i honum kleift a\u00f0 finna innri fri\u00f0 og \u00e1tt.<\/li>\n<\/ul>\n<h3>5. <strong>D\u00fdpt andlegs ferils n\u00fdrra m\u00faslima<\/strong><\/h3>\n<p>N\u00fdir m\u00fasl\u00edmar upplifa einnig \u00fea\u00f0 sem margir l\u00edta \u00e1 sem andlegt fer\u00f0alag. Tr\u00fain er ekki a\u00f0eins pers\u00f3nuleg \u00e1kv\u00f6r\u00f0un heldur ver\u00f0ur h\u00fan l\u00edka hluti af samf\u00e9lagslegu umhverfi \u00feeirra, hvernig \u00feeir tengjast \u00f6\u00f0rum tr\u00faa\u00f0um, hvernig \u00feeir byggja upp tengsl vi\u00f0 fj\u00f6lskyldu og hvernig \u00feeir skapa n\u00fdja sj\u00e1lfsmynd.<\/p>\n<p>S\u00f6gur n\u00fdrra m\u00faslima eru oft kraftmiklar og sannf\u00e6randi, fullar af tr\u00fa, sj\u00e1lfslei\u00f0sagnir og andlegri breytingu. \u00cd \u00feessum s\u00f6gum ver\u00f0a vi\u00f0horf n\u00fdrra tr\u00faa\u00f0ra til fj\u00f6lskyldu, l\u00edfs og tr\u00faar \u00ed r\u00edkari m\u00e6li aflei\u00f0ingar af tengingu vi\u00f0 Islam, tr\u00fa \u00e1 einn Gu\u00f0 og stu\u00f0ning vi\u00f0 mannlega gildi sem hj\u00e1lpa \u00feeim a\u00f0 finna s\u00edna eigin tilveru.<\/p>\n","protected":false},"excerpt":{"rendered":"<p>S\u00f6gur n\u00fdrra m\u00faslima eru \u00e1hrifar\u00edkar og oft r\u00f6randi fr\u00e1sagnir um f\u00f3lk sem hefur teki\u00f0 vi\u00f0 tr\u00fa \u00cdslams og fundi\u00f0 n\u00fdjan tilgang og merkingu \u00ed l\u00edfi s\u00ednu. \u00deessar s\u00f6gur s\u00fdna hvernig f\u00f3lk fr\u00e1 \u00f6llum heimshornum, me\u00f0 \u00f3l\u00edka bakgrunn og tr\u00fa, hefur teki\u00f0 \u00e1kv\u00f6r\u00f0un um a\u00f0 sameinast undir merki tr\u00faarinnar og hvernig&hellip;<\/p>\n","protected":false},"author":1,"featured_media":0,"parent":29,"menu_order":0,"comment_status":"closed","ping_status":"closed","template":"","meta":{"footnotes":""},"class_list":["post-27","page","type-page","status-publish","hentry"],"yoast_head":"<!-- This site is optimized with the Yoast SEO plugin v27.5 - https:\/\/yoast.com\/product\/yoast-seo-wordpress\/ -->\n<title>S\u00f6gur n\u00fdrra m\u00faslima - St\u00f3rmoskan \u00e1 \u00edslands<\/title>\n<meta name=\"robots\" content=\"index, follow, max-snippet:-1, max-image-preview:large, max-video-preview:-1\" \/>\n<link rel=\"canonical\" href=\"https:\/\/grandmosque-iceland.is\/?page_id=27\" \/>\n<meta property=\"og:locale\" content=\"is_IS\" \/>\n<meta property=\"og:type\" content=\"article\" \/>\n<meta property=\"og:title\" content=\"S\u00f6gur n\u00fdrra m\u00faslima - St\u00f3rmoskan \u00e1 \u00edslands\" \/>\n<meta property=\"og:description\" content=\"S\u00f6gur n\u00fdrra m\u00faslima eru \u00e1hrifar\u00edkar og oft r\u00f6randi fr\u00e1sagnir um f\u00f3lk sem hefur teki\u00f0 vi\u00f0 tr\u00fa \u00cdslams og fundi\u00f0 n\u00fdjan tilgang og merkingu \u00ed l\u00edfi s\u00ednu. \u00deessar s\u00f6gur s\u00fdna hvernig f\u00f3lk fr\u00e1 \u00f6llum heimshornum, me\u00f0 \u00f3l\u00edka bakgrunn og tr\u00fa, hefur teki\u00f0 \u00e1kv\u00f6r\u00f0un um a\u00f0 sameinast undir merki tr\u00faarinnar og hvernig&hellip;\" \/>\n<meta property=\"og:url\" content=\"https:\/\/grandmosque-iceland.is\/?page_id=27\" \/>\n<meta property=\"og:site_name\" content=\"St\u00f3rmoskan \u00e1 \u00edslands\" \/>\n<meta property=\"article:modified_time\" content=\"2024-12-13T21:52:46+00:00\" \/>\n<meta name=\"twitter:card\" content=\"summary_large_image\" \/>\n<meta name=\"twitter:label1\" content=\"Est. reading time\" \/>\n\t<meta name=\"twitter:data1\" content=\"4 minutes\" \/>\n<script type=\"application\/ld+json\" class=\"yoast-schema-graph\">{\"@context\":\"https:\\\/\\\/schema.org\",\"@graph\":[{\"@type\":\"WebPage\",\"@id\":\"https:\\\/\\\/grandmosque-iceland.is\\\/?page_id=27\",\"url\":\"https:\\\/\\\/grandmosque-iceland.is\\\/?page_id=27\",\"name\":\"S\u00f6gur n\u00fdrra m\u00faslima - St\u00f3rmoskan \u00e1 \u00edslands\",\"isPartOf\":{\"@id\":\"https:\\\/\\\/grandmosque-iceland.is\\\/#website\"},\"datePublished\":\"2019-04-29T05:30:57+00:00\",\"dateModified\":\"2024-12-13T21:52:46+00:00\",\"breadcrumb\":{\"@id\":\"https:\\\/\\\/grandmosque-iceland.is\\\/?page_id=27#breadcrumb\"},\"inLanguage\":\"is\",\"potentialAction\":[{\"@type\":\"ReadAction\",\"target\":[\"https:\\\/\\\/grandmosque-iceland.is\\\/?page_id=27\"]}]},{\"@type\":\"BreadcrumbList\",\"@id\":\"https:\\\/\\\/grandmosque-iceland.is\\\/?page_id=27#breadcrumb\",\"itemListElement\":[{\"@type\":\"ListItem\",\"position\":1,\"name\":\"Home\",\"item\":\"https:\\\/\\\/grandmosque-iceland.is\\\/\"},{\"@type\":\"ListItem\",\"position\":2,\"name\":\"\u00cdslam\",\"item\":\"https:\\\/\\\/grandmosque-iceland.is\\\/?page_id=29\"},{\"@type\":\"ListItem\",\"position\":3,\"name\":\"S\u00f6gur n\u00fdrra m\u00faslima\"}]},{\"@type\":\"WebSite\",\"@id\":\"https:\\\/\\\/grandmosque-iceland.is\\\/#website\",\"url\":\"https:\\\/\\\/grandmosque-iceland.is\\\/\",\"name\":\"St\u00f3rmoskan \u00e1 \u00edslands\",\"description\":\"\",\"publisher\":{\"@id\":\"https:\\\/\\\/grandmosque-iceland.is\\\/#organization\"},\"potentialAction\":[{\"@type\":\"SearchAction\",\"target\":{\"@type\":\"EntryPoint\",\"urlTemplate\":\"https:\\\/\\\/grandmosque-iceland.is\\\/?s={search_term_string}\"},\"query-input\":{\"@type\":\"PropertyValueSpecification\",\"valueRequired\":true,\"valueName\":\"search_term_string\"}}],\"inLanguage\":\"is\"},{\"@type\":\"Organization\",\"@id\":\"https:\\\/\\\/grandmosque-iceland.is\\\/#organization\",\"name\":\"St\u00f3rmoskan \u00e1 \u00edslands\",\"url\":\"https:\\\/\\\/grandmosque-iceland.is\\\/\",\"logo\":{\"@type\":\"ImageObject\",\"inLanguage\":\"is\",\"@id\":\"https:\\\/\\\/grandmosque-iceland.is\\\/#\\\/schema\\\/logo\\\/image\\\/\",\"url\":\"https:\\\/\\\/grandmosque-iceland.is\\\/wp-content\\\/uploads\\\/2019\\\/12\\\/logo-n-1.png\",\"contentUrl\":\"https:\\\/\\\/grandmosque-iceland.is\\\/wp-content\\\/uploads\\\/2019\\\/12\\\/logo-n-1.png\",\"width\":236,\"height\":85,\"caption\":\"St\u00f3rmoskan \u00e1 \u00edslands\"},\"image\":{\"@id\":\"https:\\\/\\\/grandmosque-iceland.is\\\/#\\\/schema\\\/logo\\\/image\\\/\"}}]}<\/script>\n<!-- \/ Yoast SEO plugin. -->","yoast_head_json":{"title":"S\u00f6gur n\u00fdrra m\u00faslima - St\u00f3rmoskan \u00e1 \u00edslands","robots":{"index":"index","follow":"follow","max-snippet":"max-snippet:-1","max-image-preview":"max-image-preview:large","max-video-preview":"max-video-preview:-1"},"canonical":"https:\/\/grandmosque-iceland.is\/?page_id=27","og_locale":"is_IS","og_type":"article","og_title":"S\u00f6gur n\u00fdrra m\u00faslima - St\u00f3rmoskan \u00e1 \u00edslands","og_description":"S\u00f6gur n\u00fdrra m\u00faslima eru \u00e1hrifar\u00edkar og oft r\u00f6randi fr\u00e1sagnir um f\u00f3lk sem hefur teki\u00f0 vi\u00f0 tr\u00fa \u00cdslams og fundi\u00f0 n\u00fdjan tilgang og merkingu \u00ed l\u00edfi s\u00ednu. \u00deessar s\u00f6gur s\u00fdna hvernig f\u00f3lk fr\u00e1 \u00f6llum heimshornum, me\u00f0 \u00f3l\u00edka bakgrunn og tr\u00fa, hefur teki\u00f0 \u00e1kv\u00f6r\u00f0un um a\u00f0 sameinast undir merki tr\u00faarinnar og hvernig&hellip;","og_url":"https:\/\/grandmosque-iceland.is\/?page_id=27","og_site_name":"St\u00f3rmoskan \u00e1 \u00edslands","article_modified_time":"2024-12-13T21:52:46+00:00","twitter_card":"summary_large_image","twitter_misc":{"Est. reading time":"4 minutes"},"schema":{"@context":"https:\/\/schema.org","@graph":[{"@type":"WebPage","@id":"https:\/\/grandmosque-iceland.is\/?page_id=27","url":"https:\/\/grandmosque-iceland.is\/?page_id=27","name":"S\u00f6gur n\u00fdrra m\u00faslima - St\u00f3rmoskan \u00e1 \u00edslands","isPartOf":{"@id":"https:\/\/grandmosque-iceland.is\/#website"},"datePublished":"2019-04-29T05:30:57+00:00","dateModified":"2024-12-13T21:52:46+00:00","breadcrumb":{"@id":"https:\/\/grandmosque-iceland.is\/?page_id=27#breadcrumb"},"inLanguage":"is","potentialAction":[{"@type":"ReadAction","target":["https:\/\/grandmosque-iceland.is\/?page_id=27"]}]},{"@type":"BreadcrumbList","@id":"https:\/\/grandmosque-iceland.is\/?page_id=27#breadcrumb","itemListElement":[{"@type":"ListItem","position":1,"name":"Home","item":"https:\/\/grandmosque-iceland.is\/"},{"@type":"ListItem","position":2,"name":"\u00cdslam","item":"https:\/\/grandmosque-iceland.is\/?page_id=29"},{"@type":"ListItem","position":3,"name":"S\u00f6gur n\u00fdrra m\u00faslima"}]},{"@type":"WebSite","@id":"https:\/\/grandmosque-iceland.is\/#website","url":"https:\/\/grandmosque-iceland.is\/","name":"St\u00f3rmoskan \u00e1 \u00edslands","description":"","publisher":{"@id":"https:\/\/grandmosque-iceland.is\/#organization"},"potentialAction":[{"@type":"SearchAction","target":{"@type":"EntryPoint","urlTemplate":"https:\/\/grandmosque-iceland.is\/?s={search_term_string}"},"query-input":{"@type":"PropertyValueSpecification","valueRequired":true,"valueName":"search_term_string"}}],"inLanguage":"is"},{"@type":"Organization","@id":"https:\/\/grandmosque-iceland.is\/#organization","name":"St\u00f3rmoskan \u00e1 \u00edslands","url":"https:\/\/grandmosque-iceland.is\/","logo":{"@type":"ImageObject","inLanguage":"is","@id":"https:\/\/grandmosque-iceland.is\/#\/schema\/logo\/image\/","url":"https:\/\/grandmosque-iceland.is\/wp-content\/uploads\/2019\/12\/logo-n-1.png","contentUrl":"https:\/\/grandmosque-iceland.is\/wp-content\/uploads\/2019\/12\/logo-n-1.png","width":236,"height":85,"caption":"St\u00f3rmoskan \u00e1 \u00edslands"},"image":{"@id":"https:\/\/grandmosque-iceland.is\/#\/schema\/logo\/image\/"}}]}},"amp_enabled":true,"_links":{"self":[{"href":"https:\/\/grandmosque-iceland.is\/index.php?rest_route=\/wp\/v2\/pages\/27","targetHints":{"allow":["GET"]}}],"collection":[{"href":"https:\/\/grandmosque-iceland.is\/index.php?rest_route=\/wp\/v2\/pages"}],"about":[{"href":"https:\/\/grandmosque-iceland.is\/index.php?rest_route=\/wp\/v2\/types\/page"}],"author":[{"embeddable":true,"href":"https:\/\/grandmosque-iceland.is\/index.php?rest_route=\/wp\/v2\/users\/1"}],"replies":[{"embeddable":true,"href":"https:\/\/grandmosque-iceland.is\/index.php?rest_route=%2Fwp%2Fv2%2Fcomments&post=27"}],"version-history":[{"count":2,"href":"https:\/\/grandmosque-iceland.is\/index.php?rest_route=\/wp\/v2\/pages\/27\/revisions"}],"predecessor-version":[{"id":1551,"href":"https:\/\/grandmosque-iceland.is\/index.php?rest_route=\/wp\/v2\/pages\/27\/revisions\/1551"}],"up":[{"embeddable":true,"href":"https:\/\/grandmosque-iceland.is\/index.php?rest_route=\/wp\/v2\/pages\/29"}],"wp:attachment":[{"href":"https:\/\/grandmosque-iceland.is\/index.php?rest_route=%2Fwp%2Fv2%2Fmedia&parent=27"}],"curies":[{"name":"wp","href":"https:\/\/api.w.org\/{rel}","templated":true}]}}