{"id":21,"date":"2019-04-29T05:30:13","date_gmt":"2019-04-29T05:30:13","guid":{"rendered":"http:\/\/grandmosque-iceland.is\/?page_id=21"},"modified":"2024-12-13T21:36:45","modified_gmt":"2024-12-13T21:36:45","slug":"maria","status":"publish","type":"page","link":"https:\/\/grandmosque-iceland.is\/?page_id=21","title":{"rendered":"\u00edslamskar myndir"},"content":{"rendered":"<p><img decoding=\"async\" src=\"https:\/\/scontent.frba1-2.fna.fbcdn.net\/v\/t39.30808-6\/470191537_996590109173925_6072720196001898497_n.jpg?_nc_cat=100&amp;ccb=1-7&amp;_nc_sid=127cfc&amp;_nc_eui2=AeEWBx4WnlQgTJNMl1nKvB8w3tRNbdG036ve1E1t0bTfq6FP1CMfMNyYMHopoWLvIHKkMy2dtNMnv3Xi7WHopdXb&amp;_nc_ohc=p7ul8lXpS_oQ7kNvgGD68Ji&amp;_nc_zt=23&amp;_nc_ht=scontent.frba1-2.fna&amp;_nc_gid=AMXDIKXeDWthmQmsMQeiQfb&amp;oh=00_AYBtNqdmpRh-XWce9GRvUUpIaE9HAMu3MdzQiUZtPHwDwQ&amp;oe=67627539\" alt=\"May be an image of text\" \/><\/p>\n<p><img decoding=\"async\" src=\"https:\/\/scontent.frba1-3.fna.fbcdn.net\/v\/t39.30808-6\/470185776_996995542466715_6117689874622182036_n.jpg?_nc_cat=103&amp;ccb=1-7&amp;_nc_sid=127cfc&amp;_nc_eui2=AeFh7II-YS-cX977TSi0GzCvMh4Rs4ZlUEMyHhGzhmVQQ2TEZ4vzvgz24DppVCBd2iuVWJoVm2jobJo2Tdu4Rku_&amp;_nc_ohc=RdbDJVznsFoQ7kNvgFcc2h8&amp;_nc_zt=23&amp;_nc_ht=scontent.frba1-3.fna&amp;_nc_gid=A0rT0UT5Nidlje2eIPqrkAn&amp;oh=00_AYAuKOz999-S-HcHlT0LhwJeF-Gv1X6SomUjWkCLEiTP0g&amp;oe=67628878\" alt=\"May be an image of text\" \/><\/p>\n<p><img decoding=\"async\" src=\"https:\/\/scontent.frba1-2.fna.fbcdn.net\/v\/t39.30808-6\/470148501_996586375840965_2476177948749615529_n.jpg?_nc_cat=107&amp;ccb=1-7&amp;_nc_sid=127cfc&amp;_nc_eui2=AeHXcx1Ssdsi8U17QA_8tB4QcgDg3nTA7-ByAODedMDv4LowmfrqpgE03WPMPYc215N693w2d7U_X1VRNgaisZei&amp;_nc_ohc=PYHHGJKe3GoQ7kNvgHcTFQp&amp;_nc_zt=23&amp;_nc_ht=scontent.frba1-2.fna&amp;_nc_gid=A67zKOxn9O6bmvpCOrNMiHb&amp;oh=00_AYBs1MB9r0wCigMxoRekFdA5ZSrM8ICF7Q0WRMGiG5QPmA&amp;oe=67626E1F\" alt=\"May be an image of orca and text\" \/><\/p>\n<p><img decoding=\"async\" src=\"https:\/\/scontent.frba1-3.fna.fbcdn.net\/v\/t39.30808-6\/470170415_996585422507727_4883400868958729659_n.jpg?_nc_cat=104&amp;ccb=1-7&amp;_nc_sid=127cfc&amp;_nc_eui2=AeHdZaIbbIK4vTWWefg7BLUFW5oBfbci_CxbmgF9tyL8LHDwhnMN73_2Ax-d9NBlUc6nejvzmH4f1pKuzXIffnRh&amp;_nc_ohc=xkDVbiGe6lsQ7kNvgFw9aX6&amp;_nc_zt=23&amp;_nc_ht=scontent.frba1-3.fna&amp;_nc_gid=ArG3av861Srw4b0qsrUDchV&amp;oh=00_AYCSNF_uHottUbhEAJ-DtWiZEnlf134oUv857pRofspaGw&amp;oe=676270D2\" alt=\"May be an image of text\" \/><\/p>\n<p><img decoding=\"async\" src=\"https:\/\/scontent.frba1-1.fna.fbcdn.net\/v\/t39.30808-6\/470161464_996584622507807_8858844668243861512_n.jpg?_nc_cat=106&amp;ccb=1-7&amp;_nc_sid=127cfc&amp;_nc_eui2=AeEfQfC5fhibipm-S3skYfzmcY-uSQZ8G41xj65JBnwbjWmBK2oqBzYbkrkLB5fIy5QPX_NYaM5-nCUD33-YU-Fg&amp;_nc_ohc=uMv_u4i0tEMQ7kNvgGFhEhO&amp;_nc_zt=23&amp;_nc_ht=scontent.frba1-1.fna&amp;_nc_gid=ANM5yYW064cgMsUIYjsg7Tj&amp;oh=00_AYCAFxPMfZR0JEFj4fLFV5ccbSsTLQDTdzsAb781nXsJYQ&amp;oe=676273E9\" alt=\"May be an image of text\" \/><\/p>\n<p><img decoding=\"async\" src=\"https:\/\/scontent.frba1-2.fna.fbcdn.net\/v\/t39.30808-6\/470184647_996583545841248_2306270620361575883_n.jpg?_nc_cat=107&amp;ccb=1-7&amp;_nc_sid=127cfc&amp;_nc_eui2=AeFUBQeJHCVrbH2M2oOyB-r6MtwzZ4Q_D-ky3DNnhD8P6TNq6VDCSepABAQ9BvlewvWSAQ1riklULyHo2TG2XCFn&amp;_nc_ohc=ZKCQPD60q-0Q7kNvgEFcNGI&amp;_nc_zt=23&amp;_nc_ht=scontent.frba1-2.fna&amp;_nc_gid=Af6CkIDz5xRKfM5aPRTXFnj&amp;oh=00_AYA7_8BbbSG6vqJwTnlkziosNTU0Vij6IHlSkY3k953FvQ&amp;oe=67627EB7\" alt=\"May be an image of text\" \/><\/p>\n<p><img decoding=\"async\" src=\"https:\/\/scontent.frba1-4.fna.fbcdn.net\/v\/t39.30808-6\/470212866_996582829174653_9088009117090267814_n.jpg?_nc_cat=101&amp;ccb=1-7&amp;_nc_sid=127cfc&amp;_nc_eui2=AeGIn4mnlzoa2OZi6w_9oVqMtTFo_ix3jou1MWj-LHeOi4KuPAN9wCRAwTZyltM22kbYod7Tbi_Rk5akwfYsEhwi&amp;_nc_ohc=aAALGeiuvTsQ7kNvgH5pMe5&amp;_nc_zt=23&amp;_nc_ht=scontent.frba1-4.fna&amp;_nc_gid=AHFlQ9b_AV7qyhrJHGQVBvj&amp;oh=00_AYAdXEQaLj2z7nLN0C8LtOhMLsg6DQAn7KB5rVzHSZrA2w&amp;oe=67628CAF\" alt=\"May be an image of text\" \/><\/p>\n<p><img decoding=\"async\" src=\"https:\/\/scontent.frba1-4.fna.fbcdn.net\/v\/t39.30808-6\/468581725_986322010200735_2028013601782588939_n.jpg?_nc_cat=108&amp;ccb=1-7&amp;_nc_sid=127cfc&amp;_nc_eui2=AeEFweINGmRWaPbque0ba40baxiqXANJD4NrGKpcA0kPg-Dc_lWPPlSFGIQCVglYEI5hpCcQC_k-2ZqVWPF9D1od&amp;_nc_ohc=DjTugvy7knAQ7kNvgGBQaHw&amp;_nc_zt=23&amp;_nc_ht=scontent.frba1-4.fna&amp;_nc_gid=AIBeMpNl4NCuC6A-o0ihz1F&amp;oh=00_AYDHumoMhiOPZs5izm447aNvnT2fMrUOFw1jZpZsNFuaWA&amp;oe=67628E55\" alt=\"May be an image of \u200e1 person and \u200etext that says &quot;\u200eSt\u00f3rmoskan St\u00f3rmoskan\u00e1lslandi Islandi The Mesque Iceland \u0628\u0647\u0631 \u0627\u064a\u0633\u0644\u0646\u062f \u0645\u0633\u062c\u062f\u0633 \u0645\u0633\u062c\u062f \u0628\u0650\u0644\u06cc \u0646\u064f\u0648\u0631\u064e\u0627\u0646\u0645\u0647\u064f\u062f\u0650\u0649 \u062c\u064e\u0639\u064e\u0644\u0646\u064e\u0647\u064f \u0648\u0644\u064e\u0643\u0650\u0646\u0652 \u0639\u0650\u0628\u064e\u0627\u062f\u0650\u0646\u0627 \u0645\u0650\u0646\u0652 \u062a\u0651\u064e\u0633\u064e\u0622\u0621\u064f \u0645\u064e\u0646 but We have made it (QURAN) t(QURAN)aLIGHT aLIGHT by which We GUIDI whom We will of Our servants Quran 42:52) \u1031\u103a\u1010\u102f\u1001\u1031 Mnbade www.grandmosque-iceland.is\u200e&quot;\u200e\u200e\" \/><\/p>\n<p><img decoding=\"async\" src=\"https:\/\/scontent.frba1-1.fna.fbcdn.net\/v\/t39.30808-6\/468818232_986320813534188_7275655635616240337_n.jpg?_nc_cat=102&amp;ccb=1-7&amp;_nc_sid=127cfc&amp;_nc_eui2=AeFpv1p9wAoXj-3HUpJ_Lc_a8-WkCQtcrz_z5aQJC1yvPz8zeaIEFaRjVsqlrWlw4fAWHqlzX8TsUW40-O4RlFch&amp;_nc_ohc=dpe24EIGtXUQ7kNvgG_xAq1&amp;_nc_zt=23&amp;_nc_ht=scontent.frba1-1.fna&amp;_nc_gid=AzWhchy16KWgPP8kU_LPtHx&amp;oh=00_AYA2YzkBjTGaqm5qj8Bp_vJm8sGBOXaqEjz7eqDD6xc6fQ&amp;oe=676263B5\" alt=\"May be an image of \u200etext that says &quot;\u200eSt\u00f3rmoskan\u00e1 St\u00f3rmoskan\u00e1lslandi \u0130slandi The Mosque Iceland \u0627\u0633\u0643\u0628\u064a\u0629 \u0633\u062f\u0629 \u0645\u0633\u062c\u062f \u0644\u0639\u0644\u064e\u0645\u064a\u0646\u064e \u0631\u064e\u062d\u0652\u0645\u064e\u0629\u064e \u0623\u064e\u0631\u0652\u0633\u064e\u0644\u0646\u064e\u0643\u064e \u0648\u064e\u0647\u064e\u0622 And We have not sent you, [O Muhammad], e as a mercy to the worlds. Al Al-Anbuy. (21:107| Mehuar www.grandmosque-iceland.is www\u200e&quot;\u200e\" \/><\/p>\n<p><img decoding=\"async\" src=\"https:\/\/scontent.frba1-3.fna.fbcdn.net\/v\/t39.30808-6\/468399687_986319936867609_1165660492742317703_n.jpg?_nc_cat=104&amp;ccb=1-7&amp;_nc_sid=127cfc&amp;_nc_eui2=AeEd7GtceAWmOXXL4PRwhOm3-gKOoQxAS_v6Ao6hDEBL-wImY77JcuMv3iaE1LL3PlylnpbNt3kYGO-4iyn-747C&amp;_nc_ohc=tFuzpqQ4Cs8Q7kNvgEboq9Y&amp;_nc_zt=23&amp;_nc_ht=scontent.frba1-3.fna&amp;_nc_gid=AkS7s4VQE-DZmfdSUcpx22U&amp;oh=00_AYAAhM0lCmIzKIGjAQDKR78GCcVgTrycPLj2XBVdSS33Hg&amp;oe=6762772A\" alt=\"May be an image of text\" \/><\/p>\n<p><img decoding=\"async\" src=\"https:\/\/scontent.frba1-1.fna.fbcdn.net\/v\/t39.30808-6\/468335251_986319296867673_3160027351336808839_n.jpg?_nc_cat=102&amp;ccb=1-7&amp;_nc_sid=127cfc&amp;_nc_eui2=AeEEwqYoLGCSd99Qz4oEuIFMdHbDN9ECVfF0dsM30QJV8a94GXgourYfP8O5LdoZB6qzXEn4Jel85lnUBX55UvC6&amp;_nc_ohc=HU1ecxl0ft8Q7kNvgGfQLfv&amp;_nc_zt=23&amp;_nc_ht=scontent.frba1-1.fna&amp;_nc_gid=Axk0veVWK_ZYkR1i9mMkyq9&amp;oh=00_AYB0WS-adR4a9qZjcuVOVmmtwrbTISDMxXcJ5UxVMiRYqQ&amp;oe=676260D4\" alt=\"May be an image of 1 person and text\" \/><\/p>\n<p><img decoding=\"async\" src=\"https:\/\/scontent.frba1-3.fna.fbcdn.net\/v\/t39.30808-6\/468622132_986318380201098_8830442690208168750_n.jpg?_nc_cat=104&amp;ccb=1-7&amp;_nc_sid=127cfc&amp;_nc_eui2=AeHKRrUPeKzA9oVzvXGc_Dz8gATWL4xpX7qABNYvjGlfupLDdROV9g1t6iooIfUNjt_SRBsL3gqsWpUaqbJX5xRd&amp;_nc_ohc=wEJ1598KesMQ7kNvgFem1Yo&amp;_nc_zt=23&amp;_nc_ht=scontent.frba1-3.fna&amp;_nc_gid=AyJ6UVdH2eZfNFBrtbUbXEt&amp;oh=00_AYDXccFrZPj2-vVxRtkfYxSZOtWQK-ckXBL5gPRnkLzWiQ&amp;oe=6762660C\" alt=\"May be an image of text\" \/><\/p>\n<p><img decoding=\"async\" src=\"https:\/\/scontent.frba1-4.fna.fbcdn.net\/v\/t39.30808-6\/468406049_986317056867897_7870559724233444927_n.jpg?_nc_cat=108&amp;ccb=1-7&amp;_nc_sid=127cfc&amp;_nc_eui2=AeEUtpIvUVVjubpX-weF7KCroYlAD1Z8B22hiUAPVnwHbfuzx-hF7ulcqif50Xdc9E8UG9mM4DcPDFQyMSqqP3uh&amp;_nc_ohc=laxeOl19wmEQ7kNvgFlMN_h&amp;_nc_zt=23&amp;_nc_ht=scontent.frba1-4.fna&amp;_nc_gid=A3rOXWAbo4tDASz3SkuLyIs&amp;oh=00_AYB6FRCgarwijRWy7cxbOOXwcHgr-2LUTbFczyw6wPFGjw&amp;oe=67628CF5\" alt=\"May be an image of poster and text\" \/><\/p>\n<p><img decoding=\"async\" src=\"https:\/\/scontent.frba1-2.fna.fbcdn.net\/v\/t39.30808-6\/468399172_986316250201311_1751358637415352155_n.jpg?_nc_cat=100&amp;ccb=1-7&amp;_nc_sid=127cfc&amp;_nc_eui2=AeEDRsM_rMXpqouBl_5U6emESXobTh5FntNJehtOHkWe0xrOl1HYHoodfoTPhYnoTB2hz6xUD9s1TTOfGOoaVLLP&amp;_nc_ohc=jmlrP9lSIvEQ7kNvgE7Nwdh&amp;_nc_zt=23&amp;_nc_ht=scontent.frba1-2.fna&amp;_nc_gid=AwSrBeDtwDjqJ9pgAGRXhX1&amp;oh=00_AYDNLv1ns_U7TJBpBCG-G9LWmHKoYm_CvV40axKbGWZ-yQ&amp;oe=67627884\" alt=\"May be an image of \u200etext that says &quot;\u200eSt\u00f3rmoskan St\u00f3rmoskan\u00e1Islandi Islandi The Grand Mesque \u0627\u0627\u0644\u0643\u0628\u064a\u0631 \u0644\u062f\u0627\u064a\u0633\u0644\u0646\u062f\u0627\u0627\u0644\u0643\u0628\u06cc\u0631 \u0645\u0633\u062c\u062f \u0644\u0650\u062a\u064e\u0631\u0652\u0636\u064e\u0649 \u0631\u064e\u0628\u0651\u0650 \u0625\u0650\u0644\u064e\u064a\u0652\u0643\u064e \u0648\u064e\u0639\u064e\u062c\u0650\u0644\u0652\u062a\u064f \u0637\u0647 \u0633\u064f\u0648\u0631\u064e\u0629\u064f and hastened to You, my Lord, that You be pleased Mahuaz www.grandmosque-iceland.is\u200e&quot;\u200e\" \/><\/p>\n<p>&nbsp;<\/p>\n","protected":false},"excerpt":{"rendered":"<p>&nbsp;<\/p>\n","protected":false},"author":1,"featured_media":0,"parent":29,"menu_order":0,"comment_status":"closed","ping_status":"closed","template":"","meta":{"footnotes":""},"class_list":["post-21","page","type-page","status-publish","hentry"],"yoast_head":"<!-- This site is optimized with the Yoast SEO plugin v27.5 - https:\/\/yoast.com\/product\/yoast-seo-wordpress\/ -->\n<title>\u00edslamskar myndir - St\u00f3rmoskan \u00e1 \u00edslands<\/title>\n<meta name=\"robots\" content=\"index, follow, max-snippet:-1, max-image-preview:large, max-video-preview:-1\" \/>\n<link rel=\"canonical\" href=\"https:\/\/grandmosque-iceland.is\/?page_id=21\" \/>\n<meta property=\"og:locale\" content=\"is_IS\" \/>\n<meta property=\"og:type\" content=\"article\" \/>\n<meta property=\"og:title\" content=\"\u00edslamskar myndir - St\u00f3rmoskan \u00e1 \u00edslands\" \/>\n<meta property=\"og:description\" content=\"&nbsp;\" \/>\n<meta property=\"og:url\" content=\"https:\/\/grandmosque-iceland.is\/?page_id=21\" \/>\n<meta property=\"og:site_name\" content=\"St\u00f3rmoskan \u00e1 \u00edslands\" \/>\n<meta property=\"article:modified_time\" content=\"2024-12-13T21:36:45+00:00\" \/>\n<meta property=\"og:image\" content=\"https:\/\/scontent.frba1-2.fna.fbcdn.net\/v\/t39.30808-6\/470191537_996590109173925_6072720196001898497_n.jpg?_nc_cat=100&amp;ccb=1-7&amp;_nc_sid=127cfc&amp;_nc_eui2=AeEWBx4WnlQgTJNMl1nKvB8w3tRNbdG036ve1E1t0bTfq6FP1CMfMNyYMHopoWLvIHKkMy2dtNMnv3Xi7WHopdXb&amp;_nc_ohc=p7ul8lXpS_oQ7kNvgGD68Ji&amp;_nc_zt=23&amp;_nc_ht=scontent.frba1-2.fna&amp;_nc_gid=AMXDIKXeDWthmQmsMQeiQfb&amp;oh=00_AYBtNqdmpRh-XWce9GRvUUpIaE9HAMu3MdzQiUZtPHwDwQ&amp;oe=67627539\" \/>\n<meta name=\"twitter:card\" content=\"summary_large_image\" \/>\n<meta name=\"twitter:label1\" content=\"Est. reading time\" \/>\n\t<meta name=\"twitter:data1\" content=\"3 minutes\" \/>\n<script type=\"application\/ld+json\" class=\"yoast-schema-graph\">{\"@context\":\"https:\\\/\\\/schema.org\",\"@graph\":[{\"@type\":\"WebPage\",\"@id\":\"https:\\\/\\\/grandmosque-iceland.is\\\/?page_id=21\",\"url\":\"https:\\\/\\\/grandmosque-iceland.is\\\/?page_id=21\",\"name\":\"\u00edslamskar myndir - St\u00f3rmoskan \u00e1 \u00edslands\",\"isPartOf\":{\"@id\":\"https:\\\/\\\/grandmosque-iceland.is\\\/#website\"},\"primaryImageOfPage\":{\"@id\":\"https:\\\/\\\/grandmosque-iceland.is\\\/?page_id=21#primaryimage\"},\"image\":{\"@id\":\"https:\\\/\\\/grandmosque-iceland.is\\\/?page_id=21#primaryimage\"},\"thumbnailUrl\":\"https:\\\/\\\/scontent.frba1-2.fna.fbcdn.net\\\/v\\\/t39.30808-6\\\/470191537_996590109173925_6072720196001898497_n.jpg?_nc_cat=100&amp;ccb=1-7&amp;_nc_sid=127cfc&amp;_nc_eui2=AeEWBx4WnlQgTJNMl1nKvB8w3tRNbdG036ve1E1t0bTfq6FP1CMfMNyYMHopoWLvIHKkMy2dtNMnv3Xi7WHopdXb&amp;_nc_ohc=p7ul8lXpS_oQ7kNvgGD68Ji&amp;_nc_zt=23&amp;_nc_ht=scontent.frba1-2.fna&amp;_nc_gid=AMXDIKXeDWthmQmsMQeiQfb&amp;oh=00_AYBtNqdmpRh-XWce9GRvUUpIaE9HAMu3MdzQiUZtPHwDwQ&amp;oe=67627539\",\"datePublished\":\"2019-04-29T05:30:13+00:00\",\"dateModified\":\"2024-12-13T21:36:45+00:00\",\"breadcrumb\":{\"@id\":\"https:\\\/\\\/grandmosque-iceland.is\\\/?page_id=21#breadcrumb\"},\"inLanguage\":\"is\",\"potentialAction\":[{\"@type\":\"ReadAction\",\"target\":[\"https:\\\/\\\/grandmosque-iceland.is\\\/?page_id=21\"]}]},{\"@type\":\"ImageObject\",\"inLanguage\":\"is\",\"@id\":\"https:\\\/\\\/grandmosque-iceland.is\\\/?page_id=21#primaryimage\",\"url\":\"https:\\\/\\\/scontent.frba1-2.fna.fbcdn.net\\\/v\\\/t39.30808-6\\\/470191537_996590109173925_6072720196001898497_n.jpg?_nc_cat=100&amp;ccb=1-7&amp;_nc_sid=127cfc&amp;_nc_eui2=AeEWBx4WnlQgTJNMl1nKvB8w3tRNbdG036ve1E1t0bTfq6FP1CMfMNyYMHopoWLvIHKkMy2dtNMnv3Xi7WHopdXb&amp;_nc_ohc=p7ul8lXpS_oQ7kNvgGD68Ji&amp;_nc_zt=23&amp;_nc_ht=scontent.frba1-2.fna&amp;_nc_gid=AMXDIKXeDWthmQmsMQeiQfb&amp;oh=00_AYBtNqdmpRh-XWce9GRvUUpIaE9HAMu3MdzQiUZtPHwDwQ&amp;oe=67627539\",\"contentUrl\":\"https:\\\/\\\/scontent.frba1-2.fna.fbcdn.net\\\/v\\\/t39.30808-6\\\/470191537_996590109173925_6072720196001898497_n.jpg?_nc_cat=100&amp;ccb=1-7&amp;_nc_sid=127cfc&amp;_nc_eui2=AeEWBx4WnlQgTJNMl1nKvB8w3tRNbdG036ve1E1t0bTfq6FP1CMfMNyYMHopoWLvIHKkMy2dtNMnv3Xi7WHopdXb&amp;_nc_ohc=p7ul8lXpS_oQ7kNvgGD68Ji&amp;_nc_zt=23&amp;_nc_ht=scontent.frba1-2.fna&amp;_nc_gid=AMXDIKXeDWthmQmsMQeiQfb&amp;oh=00_AYBtNqdmpRh-XWce9GRvUUpIaE9HAMu3MdzQiUZtPHwDwQ&amp;oe=67627539\"},{\"@type\":\"BreadcrumbList\",\"@id\":\"https:\\\/\\\/grandmosque-iceland.is\\\/?page_id=21#breadcrumb\",\"itemListElement\":[{\"@type\":\"ListItem\",\"position\":1,\"name\":\"Home\",\"item\":\"https:\\\/\\\/grandmosque-iceland.is\\\/\"},{\"@type\":\"ListItem\",\"position\":2,\"name\":\"\u00cdslam\",\"item\":\"https:\\\/\\\/grandmosque-iceland.is\\\/?page_id=29\"},{\"@type\":\"ListItem\",\"position\":3,\"name\":\"\u00edslamskar myndir\"}]},{\"@type\":\"WebSite\",\"@id\":\"https:\\\/\\\/grandmosque-iceland.is\\\/#website\",\"url\":\"https:\\\/\\\/grandmosque-iceland.is\\\/\",\"name\":\"St\u00f3rmoskan \u00e1 \u00edslands\",\"description\":\"\",\"publisher\":{\"@id\":\"https:\\\/\\\/grandmosque-iceland.is\\\/#organization\"},\"potentialAction\":[{\"@type\":\"SearchAction\",\"target\":{\"@type\":\"EntryPoint\",\"urlTemplate\":\"https:\\\/\\\/grandmosque-iceland.is\\\/?s={search_term_string}\"},\"query-input\":{\"@type\":\"PropertyValueSpecification\",\"valueRequired\":true,\"valueName\":\"search_term_string\"}}],\"inLanguage\":\"is\"},{\"@type\":\"Organization\",\"@id\":\"https:\\\/\\\/grandmosque-iceland.is\\\/#organization\",\"name\":\"St\u00f3rmoskan \u00e1 \u00edslands\",\"url\":\"https:\\\/\\\/grandmosque-iceland.is\\\/\",\"logo\":{\"@type\":\"ImageObject\",\"inLanguage\":\"is\",\"@id\":\"https:\\\/\\\/grandmosque-iceland.is\\\/#\\\/schema\\\/logo\\\/image\\\/\",\"url\":\"https:\\\/\\\/grandmosque-iceland.is\\\/wp-content\\\/uploads\\\/2019\\\/12\\\/logo-n-1.png\",\"contentUrl\":\"https:\\\/\\\/grandmosque-iceland.is\\\/wp-content\\\/uploads\\\/2019\\\/12\\\/logo-n-1.png\",\"width\":236,\"height\":85,\"caption\":\"St\u00f3rmoskan \u00e1 \u00edslands\"},\"image\":{\"@id\":\"https:\\\/\\\/grandmosque-iceland.is\\\/#\\\/schema\\\/logo\\\/image\\\/\"}}]}<\/script>\n<!-- \/ Yoast SEO plugin. -->","yoast_head_json":{"title":"\u00edslamskar myndir - St\u00f3rmoskan \u00e1 \u00edslands","robots":{"index":"index","follow":"follow","max-snippet":"max-snippet:-1","max-image-preview":"max-image-preview:large","max-video-preview":"max-video-preview:-1"},"canonical":"https:\/\/grandmosque-iceland.is\/?page_id=21","og_locale":"is_IS","og_type":"article","og_title":"\u00edslamskar myndir - St\u00f3rmoskan \u00e1 \u00edslands","og_description":"&nbsp;","og_url":"https:\/\/grandmosque-iceland.is\/?page_id=21","og_site_name":"St\u00f3rmoskan \u00e1 \u00edslands","article_modified_time":"2024-12-13T21:36:45+00:00","og_image":[{"url":"https:\/\/scontent.frba1-2.fna.fbcdn.net\/v\/t39.30808-6\/470191537_996590109173925_6072720196001898497_n.jpg?_nc_cat=100&amp;ccb=1-7&amp;_nc_sid=127cfc&amp;_nc_eui2=AeEWBx4WnlQgTJNMl1nKvB8w3tRNbdG036ve1E1t0bTfq6FP1CMfMNyYMHopoWLvIHKkMy2dtNMnv3Xi7WHopdXb&amp;_nc_ohc=p7ul8lXpS_oQ7kNvgGD68Ji&amp;_nc_zt=23&amp;_nc_ht=scontent.frba1-2.fna&amp;_nc_gid=AMXDIKXeDWthmQmsMQeiQfb&amp;oh=00_AYBtNqdmpRh-XWce9GRvUUpIaE9HAMu3MdzQiUZtPHwDwQ&amp;oe=67627539","type":"","width":"","height":""}],"twitter_card":"summary_large_image","twitter_misc":{"Est. reading time":"3 minutes"},"schema":{"@context":"https:\/\/schema.org","@graph":[{"@type":"WebPage","@id":"https:\/\/grandmosque-iceland.is\/?page_id=21","url":"https:\/\/grandmosque-iceland.is\/?page_id=21","name":"\u00edslamskar myndir - St\u00f3rmoskan \u00e1 \u00edslands","isPartOf":{"@id":"https:\/\/grandmosque-iceland.is\/#website"},"primaryImageOfPage":{"@id":"https:\/\/grandmosque-iceland.is\/?page_id=21#primaryimage"},"image":{"@id":"https:\/\/grandmosque-iceland.is\/?page_id=21#primaryimage"},"thumbnailUrl":"https:\/\/scontent.frba1-2.fna.fbcdn.net\/v\/t39.30808-6\/470191537_996590109173925_6072720196001898497_n.jpg?_nc_cat=100&amp;ccb=1-7&amp;_nc_sid=127cfc&amp;_nc_eui2=AeEWBx4WnlQgTJNMl1nKvB8w3tRNbdG036ve1E1t0bTfq6FP1CMfMNyYMHopoWLvIHKkMy2dtNMnv3Xi7WHopdXb&amp;_nc_ohc=p7ul8lXpS_oQ7kNvgGD68Ji&amp;_nc_zt=23&amp;_nc_ht=scontent.frba1-2.fna&amp;_nc_gid=AMXDIKXeDWthmQmsMQeiQfb&amp;oh=00_AYBtNqdmpRh-XWce9GRvUUpIaE9HAMu3MdzQiUZtPHwDwQ&amp;oe=67627539","datePublished":"2019-04-29T05:30:13+00:00","dateModified":"2024-12-13T21:36:45+00:00","breadcrumb":{"@id":"https:\/\/grandmosque-iceland.is\/?page_id=21#breadcrumb"},"inLanguage":"is","potentialAction":[{"@type":"ReadAction","target":["https:\/\/grandmosque-iceland.is\/?page_id=21"]}]},{"@type":"ImageObject","inLanguage":"is","@id":"https:\/\/grandmosque-iceland.is\/?page_id=21#primaryimage","url":"https:\/\/scontent.frba1-2.fna.fbcdn.net\/v\/t39.30808-6\/470191537_996590109173925_6072720196001898497_n.jpg?_nc_cat=100&amp;ccb=1-7&amp;_nc_sid=127cfc&amp;_nc_eui2=AeEWBx4WnlQgTJNMl1nKvB8w3tRNbdG036ve1E1t0bTfq6FP1CMfMNyYMHopoWLvIHKkMy2dtNMnv3Xi7WHopdXb&amp;_nc_ohc=p7ul8lXpS_oQ7kNvgGD68Ji&amp;_nc_zt=23&amp;_nc_ht=scontent.frba1-2.fna&amp;_nc_gid=AMXDIKXeDWthmQmsMQeiQfb&amp;oh=00_AYBtNqdmpRh-XWce9GRvUUpIaE9HAMu3MdzQiUZtPHwDwQ&amp;oe=67627539","contentUrl":"https:\/\/scontent.frba1-2.fna.fbcdn.net\/v\/t39.30808-6\/470191537_996590109173925_6072720196001898497_n.jpg?_nc_cat=100&amp;ccb=1-7&amp;_nc_sid=127cfc&amp;_nc_eui2=AeEWBx4WnlQgTJNMl1nKvB8w3tRNbdG036ve1E1t0bTfq6FP1CMfMNyYMHopoWLvIHKkMy2dtNMnv3Xi7WHopdXb&amp;_nc_ohc=p7ul8lXpS_oQ7kNvgGD68Ji&amp;_nc_zt=23&amp;_nc_ht=scontent.frba1-2.fna&amp;_nc_gid=AMXDIKXeDWthmQmsMQeiQfb&amp;oh=00_AYBtNqdmpRh-XWce9GRvUUpIaE9HAMu3MdzQiUZtPHwDwQ&amp;oe=67627539"},{"@type":"BreadcrumbList","@id":"https:\/\/grandmosque-iceland.is\/?page_id=21#breadcrumb","itemListElement":[{"@type":"ListItem","position":1,"name":"Home","item":"https:\/\/grandmosque-iceland.is\/"},{"@type":"ListItem","position":2,"name":"\u00cdslam","item":"https:\/\/grandmosque-iceland.is\/?page_id=29"},{"@type":"ListItem","position":3,"name":"\u00edslamskar myndir"}]},{"@type":"WebSite","@id":"https:\/\/grandmosque-iceland.is\/#website","url":"https:\/\/grandmosque-iceland.is\/","name":"St\u00f3rmoskan \u00e1 \u00edslands","description":"","publisher":{"@id":"https:\/\/grandmosque-iceland.is\/#organization"},"potentialAction":[{"@type":"SearchAction","target":{"@type":"EntryPoint","urlTemplate":"https:\/\/grandmosque-iceland.is\/?s={search_term_string}"},"query-input":{"@type":"PropertyValueSpecification","valueRequired":true,"valueName":"search_term_string"}}],"inLanguage":"is"},{"@type":"Organization","@id":"https:\/\/grandmosque-iceland.is\/#organization","name":"St\u00f3rmoskan \u00e1 \u00edslands","url":"https:\/\/grandmosque-iceland.is\/","logo":{"@type":"ImageObject","inLanguage":"is","@id":"https:\/\/grandmosque-iceland.is\/#\/schema\/logo\/image\/","url":"https:\/\/grandmosque-iceland.is\/wp-content\/uploads\/2019\/12\/logo-n-1.png","contentUrl":"https:\/\/grandmosque-iceland.is\/wp-content\/uploads\/2019\/12\/logo-n-1.png","width":236,"height":85,"caption":"St\u00f3rmoskan \u00e1 \u00edslands"},"image":{"@id":"https:\/\/grandmosque-iceland.is\/#\/schema\/logo\/image\/"}}]}},"amp_enabled":true,"_links":{"self":[{"href":"https:\/\/grandmosque-iceland.is\/index.php?rest_route=\/wp\/v2\/pages\/21","targetHints":{"allow":["GET"]}}],"collection":[{"href":"https:\/\/grandmosque-iceland.is\/index.php?rest_route=\/wp\/v2\/pages"}],"about":[{"href":"https:\/\/grandmosque-iceland.is\/index.php?rest_route=\/wp\/v2\/types\/page"}],"author":[{"embeddable":true,"href":"https:\/\/grandmosque-iceland.is\/index.php?rest_route=\/wp\/v2\/users\/1"}],"replies":[{"embeddable":true,"href":"https:\/\/grandmosque-iceland.is\/index.php?rest_route=%2Fwp%2Fv2%2Fcomments&post=21"}],"version-history":[{"count":5,"href":"https:\/\/grandmosque-iceland.is\/index.php?rest_route=\/wp\/v2\/pages\/21\/revisions"}],"predecessor-version":[{"id":1545,"href":"https:\/\/grandmosque-iceland.is\/index.php?rest_route=\/wp\/v2\/pages\/21\/revisions\/1545"}],"up":[{"embeddable":true,"href":"https:\/\/grandmosque-iceland.is\/index.php?rest_route=\/wp\/v2\/pages\/29"}],"wp:attachment":[{"href":"https:\/\/grandmosque-iceland.is\/index.php?rest_route=%2Fwp%2Fv2%2Fmedia&parent=21"}],"curies":[{"name":"wp","href":"https:\/\/api.w.org\/{rel}","templated":true}]}}