{"id":2,"date":"2017-06-12T15:41:24","date_gmt":"2017-06-12T15:41:24","guid":{"rendered":"http:\/\/shaha.ancorathemes.com\/?page_id=2"},"modified":"2019-12-26T02:32:28","modified_gmt":"2019-12-26T02:32:28","slug":"forsida","status":"publish","type":"page","link":"https:\/\/grandmosque-iceland.is\/","title":{"rendered":"Fors\u00ed\u00f0a"},"content":{"rendered":"<p>[vc_row full_width=&#8221;stretch_row_content_no_spaces&#8221;][vc_column][rev_slider_vc alias=&#8221;slider-1&#8243;][\/vc_column][\/vc_row][vc_row][vc_column]<div class=\"sc_layouts sc_layouts_default sc_layouts_626\">[vc_row full_width=\"stretch_row_content_no_spaces\" hide_bg_image_on_tablet=\"\" hide_bg_image_on_mobile=\"\" row_delimiter=\"\" hide_on_desktop=\"\" hide_on_notebook=\"\" hide_on_tablet=\"\" hide_on_mobile=\"\" hide_on_frontpage=\"\" css=\".vc_custom_1577288604634{background-image: url(http:\/\/grandmosque-iceland.is\/main_wp\/wp-content\/uploads\/2017\/10\/bg-16-3.jpg?id=1076) !important;background-position: top right !important;background-repeat: no-repeat !important;background-size: contain !important;}\" el_class=\"shaha_welcome_to\"][vc_column width=\"1\/2\" icons_position=\"left\" css=\".vc_custom_1570797105614{background-size: cover !important;}\" offset=\"vc_col-lg-4 vc_col-md-4 vc_col-xs-12\"]<div id=\"sc_content_1442643560\"\n\t\tclass=\"sc_content color_style_default scheme_dark sc_content_default sc_float_center  vc_custom_1570799715612\"><div class=\"sc_content_container\"><div id=\"sc_title_1146606081\"\n\t\tclass=\"sc_title color_style_default sc_title_default\"><h3 class=\"sc_item_title sc_title_title sc_align_center sc_item_title_style_default\">B\u00e6nastundir<\/h3><\/div><!-- \/.sc_title -->[vc_raw_html el_class=\"shaha_prayertimes\"]JTNDaWZyYW1lJTIwc3JjJTNEJTIyaHR0cHMlM0ElMkYlMkZ0aW1lLm15LW1hc2ppZC5jb20lMkZ3aWRnZXQlMkYyNmM1NDA4Ni1kZjM0LTRjMzItYjhmZS02YjY5MGU1ZGU2NjQlMjIlMjBoZWlnaHQlM0QlMjIzMDAlMjIlMjB3aWR0aCUzRCUyMjM4MCUyMiUyMHRpdGxlJTNEJTIySWZyYW1lJTIwRXhhbXBsZSUyMiUyMHN0eWxlJTNEJTIyb3V0bGluZSUzQW5vbmUlM0Jib3JkZXIlM0Fub25lJTNCJTIyJTNFJTNDJTJGaWZyYW1lJTNFJTBB[\/vc_raw_html]<\/div><\/div><!-- \/.sc_content -->[\/vc_column][vc_column width=\"1\/2\" fix_column=\"\" hide_bg_image_on_tablet=\"\" hide_bg_image_on_mobile=\"\" icons_position=\"left\" css=\".vc_custom_1570797119270{background-size: cover !important;}\" offset=\"vc_col-lg-6 vc_col-md-6 vc_col-xs-12\"]<div id=\"sc_content_1956401733\"\n\t\tclass=\"sc_content color_style_default sc_content_default sc_float_center\"><div class=\"sc_content_container\"><div id=\"sc_title_695417895\"\n\t\tclass=\"sc_title color_style_default sc_title_default\"><h3 class=\"sc_item_title sc_title_title sc_align_left sc_item_title_style_default\">Velkomin til St\u00f3rmoskan \u00e1 \u00edslands<\/h3><div class=\"sc_item_descr sc_title_descr sc_align_left\"><p>\u00cdslandsstofnun vill m\u00f3ta og \u00fer\u00f3a starfsemi sem er \u00ed samr\u00e6mi vi\u00f0 norr\u00e6n vi\u00f0mi\u00f0.<br \/>\nStofnunin s\u00e9rh\u00e6fir sig \u00ed menntun, menningu og samskiptum. Henni var komi\u00f0 \u00e1 f\u00f3t \u00e1ri\u00f0 2010 og h\u00f6fu\u00f0st\u00f6\u00f0var hennar eru \u00ed Reykjav\u00edk.<\/p>\n<\/div><\/div><!-- \/.sc_title --><a href=\"\/um-okkur\/\" id=\"sc_button_2137898135\" class=\"sc_button color_style_link2 sc_button_default  vc_custom_1577286743336 sc_button_size_normal sc_button_icon_left\"><span class=\"sc_button_text\"><span class=\"sc_button_title\">Um okkur<\/span><\/span><!-- \/.sc_button_text --><\/a><!-- \/.sc_button --><\/div><\/div><!-- \/.sc_content -->[\/vc_column][vc_column width=\"1\/12\" icons_position=\"left\" offset=\"vc_col-lg-2 vc_col-md-2 vc_hidden-sm vc_hidden-xs\"][\/vc_column][\/vc_row]<\/div>[\/vc_column][\/vc_row][vc_row][vc_column]<div class=\"sc_layouts sc_layouts_default sc_layouts_1124\">[vc_row hide_bg_image_on_tablet=\"\" hide_bg_image_on_mobile=\"\" css=\".vc_custom_1577321539438{margin-top: 8em !important;margin-bottom: 8em !important;}\"][vc_column icons_position=\"left\"]<div id=\"sc_title_2023849192\"\n\t\tclass=\"sc_title color_style_default sc_title_default  vc_custom_1577321515314\"><h3 class=\"sc_item_title sc_title_title sc_align_center sc_item_title_style_default\">Myndir<\/h3><\/div><!-- \/.sc_title -->[vc_basic_grid post_type=\"post\" max_items=\"\" style=\"load-more\" items_per_page=\"20\" element_width=\"3\" item=\"mediaGrid_Default\" grid_id=\"vc_gid:1600115579305-f9bcf891-b29a-5\" taxonomies=\"7\"][vc_btn title=\"Far\u00f0u \u00ed myndasafn\" style=\"gradient\" gradient_color_1=\"juicy-pink\" gradient_color_2=\"sandy-brown\" align=\"center\" i_icon_fontawesome=\"icon-picture\" button_block=\"true\" add_icon=\"true\" link=\"url:%2Fmyndir%2F|title:Myndir||\" css=\".vc_custom_1577322322539{margin-top: 2em !important;}\"][\/vc_column][\/vc_row][vc_row][vc_column icons_position=\"left\"][\/vc_column][\/vc_row]<\/div>[\/vc_column][\/vc_row][vc_row][vc_column]<div class=\"sc_layouts sc_layouts_default sc_layouts_629\">[vc_row full_width=\"stretch_row\" hide_bg_image_on_tablet=\"\" hide_bg_image_on_mobile=\"\" row_delimiter=\"\" hide_on_desktop=\"\" hide_on_notebook=\"\" hide_on_tablet=\"\" hide_on_mobile=\"\" hide_on_frontpage=\"\" css=\".vc_custom_1577376285301{padding-top: 13.8% !important;padding-bottom: 13.7% !important;background: #15110e url(http:\/\/grandmosque-iceland.is\/main_wp\/wp-content\/uploads\/2017\/10\/bg-17.jpg?id=1220) !important;background-position: center !important;background-repeat: no-repeat !important;background-size: cover !important;}\" el_class=\"shaha_support_us\"][vc_column width=\"1\/2\" icons_position=\"left\"]<div id=\"sc_content_703378510\"\n\t\tclass=\"sc_content color_style_default scheme_dark sc_content_default sc_float_center\"><div class=\"sc_content_container\"><div id=\"sc_title_1295583537\"\n\t\tclass=\"sc_title color_style_default sc_title_default  vc_custom_1577289128185\"><h3 class=\"sc_item_title sc_title_title sc_align_left sc_item_title_style_default\">Sty\u00f0ji\u00f0 okkur,<br> Vi\u00f0 \u00feurfum hj\u00e1lp \u00fe\u00edna.<\/h3><\/div><!-- \/.sc_title -->[vc_column_text css=\".vc_custom_1577289034195{margin-top: 2.2em !important;}\"]<span style=\"color: rgba(255,255,255, 0.5);\">M\u00e1 Gu\u00f0 blessa \u00feig! \u00deakka \u00fe\u00e9r fyrir. \u00deeir sem (\u00ed g\u00f3\u00f0ger\u00f0arstarfsemi) ey\u00f0a v\u00f6rum s\u00ednum um n\u00f3tt og dag, \u00ed leynum og \u00e1 almannaf\u00e6ri, hafa laun s\u00edn vi\u00f0 Drottin sinn<\/span>[\/vc_column_text]<\/div><\/div><!-- \/.sc_content --><a href=\"\/framlag\/\" id=\"sc_button_1768706776\" class=\"sc_button color_style_link2 sc_button_default  vc_custom_1577289065571 sc_button_size_normal sc_button_icon_left\"><span class=\"sc_button_text\"><span class=\"sc_button_title\">Gefa n\u00fana<\/span><\/span><!-- \/.sc_button_text --><\/a><!-- \/.sc_button -->[\/vc_column][vc_column width=\"1\/2\" icons_position=\"left\"][\/vc_column][\/vc_row]<\/div>[\/vc_column][\/vc_row][vc_row][vc_column]<div class=\"sc_layouts sc_layouts_default sc_layouts_622\">[vc_row hide_bg_image_on_tablet=\"\" hide_bg_image_on_mobile=\"\" css=\".vc_custom_1508770288498{margin-top: 8.4em !important;margin-bottom: 8.4em !important;}\"][vc_column icons_position=\"left\"]<div id=\"sc_title_319364233\"\n\t\tclass=\"sc_title color_style_default sc_title_default  vc_custom_1577300677669\"><h3 class=\"sc_item_title sc_title_title sc_align_center sc_item_title_style_default\">N\u00fdlegar fr\u00e9ttir okkar<\/h3><\/div><!-- \/.sc_title -->[vc_row_inner][vc_column_inner width=\"1\/2\" hide_bg_image_on_tablet=\"\" hide_bg_image_on_mobile=\"\" icons_position=\"left\" css=\".vc_custom_1508770306686{margin-top: 2em !important;}\"]<div class=\"sc_blogger color_style_default sc_blogger_default\"><div class=\"sc_blogger_content sc_item_content\"><div class=\"sc_blogger_item post_format_standard post-1483 post type-post status-publish format-standard hentry category-frettir\"><div class=\"post_featured with_thumb hover_dots sc_blogger_item_featured\"><img decoding=\"async\" src=\"https:\/\/grandmosque-iceland.is\/wp-content\/themes\/shaha\/images\/no-image.jpg\" alt=\"Eid al-Fitr fagna\u00f0 \u00e1 \u00cdslandi\"><div class=\"mask\"><\/div><a href=\"https:\/\/grandmosque-iceland.is\/?p=1483\" aria-hidden=\"true\" class=\"icons\"><span><\/span><span><\/span><span><\/span><\/a><\/div><div class=\"sc_blogger_item_content entry-content\"><div class=\"sc_blogger_item_header entry-header\"><div class=\"post_meta\">\t\t\t\t\t\t<span class=\"post_meta_item post_date\"><a href=\"https:\/\/grandmosque-iceland.is\/?p=1483\">ma\u00ed 16, 2021<\/a><\/span>\n\t\t\t\t\t\t <a href=\"https:\/\/grandmosque-iceland.is\/?p=1483#respond\" class=\"post_meta_item post_counters_item post_counters_comments trx_addons_icon-comment\"><span class=\"post_counters_number\">0<\/span><span class=\"post_counters_label\">Comments<\/span><\/a> <\/div><!-- .post_meta --><h5 class=\"sc_blogger_item_title entry-title\"><a href=\"https:\/\/grandmosque-iceland.is\/?p=1483\" rel=\"bookmark\">Eid al-Fitr fagna\u00f0 \u00e1 \u00cdslandi<\/a><\/h5><\/div><!-- .entry-header --><div class=\"sc_blogger_item_excerpt\">\n\t\t\t\t<div class=\"sc_blogger_item_excerpt_text\">\n\t\t\t\t\t<p>https:\/\/www.ruv.is\/sjonvarp\/spila\/frettir-kl-19-00\/27717\/95bq95\/eid-al-fitr-fagnad-a-islandi<\/p>\n\t\t\t\t<\/div>\n\t\t\t\t<div class=\"sc_blogger_item_button sc_item_button\"><a href=\"https:\/\/grandmosque-iceland.is\/?p=1483\" class=\"sc_button sc_button_default\">Read more<\/a><\/div><\/div><!-- .sc_blogger_item_excerpt --><\/div><!-- .entry-content --><\/div><!-- .sc_blogger_item --><\/div><\/div><!-- \/.sc_blogger -->[\/vc_column_inner][vc_column_inner width=\"1\/2\" hide_bg_image_on_tablet=\"\" hide_bg_image_on_mobile=\"\" icons_position=\"left\" css=\".vc_custom_1508770314861{margin-top: 2em !important;background-size: cover !important;}\"]<div id=\"sc_content_1508843087\"\n\t\tclass=\"sc_content color_style_default sc_content_default sc_float_center  vc_custom_1577376348219\"><div class=\"sc_content_container\"><div class=\"sc_blogger color_style_default sc_blogger_plain\"><div class=\"sc_blogger_content sc_item_content\"><div class=\"sc_blogger_item post_format_standard post-1477 post type-post status-publish format-standard has-post-thumbnail hentry category-frettir\"><div class=\"sc_blogger_item_content entry-content\"><h5 class=\"sc_blogger_item_title entry-title\"><a href=\"https:\/\/grandmosque-iceland.is\/?p=1477\" rel=\"bookmark\">B\u00e6na\u00adturninn sem \u00cdslenska \u00fej\u00f3\u00f0\u00adfylkingin vildi banna ber n\u00fa merki \u00feeirra<\/a><\/h5><div class=\"post_meta\">\t\t\t\t\t\t<span class=\"post_meta_item post_date\"><a href=\"https:\/\/grandmosque-iceland.is\/?p=1477\">september 16, 2020<\/a><\/span>\n\t\t\t\t\t\t <a href=\"https:\/\/grandmosque-iceland.is\/?p=1477#respond\" class=\"post_meta_item post_counters_item post_counters_comments trx_addons_icon-comment\"><span class=\"post_counters_number\">0<\/span><span class=\"post_counters_label\">Comments<\/span><\/a> <\/div><!-- .post_meta --><\/div><!-- .entry-content --><\/div><!-- .sc_blogger_item --><div class=\"sc_blogger_item post_format_standard post-1448 post type-post status-publish format-standard has-post-thumbnail hentry category-frettir\"><div class=\"sc_blogger_item_content entry-content\"><h5 class=\"sc_blogger_item_title entry-title\"><a href=\"https:\/\/grandmosque-iceland.is\/?p=1448\" rel=\"bookmark\">Fyrsti b\u00e6na\u00adturn \u00cds\u00adlands merki til heimsins um um\u00adbur\u00f0ar\u00adlyndi landsins<\/a><\/h5><div class=\"post_meta\">\t\t\t\t\t\t<span class=\"post_meta_item post_date\"><a href=\"https:\/\/grandmosque-iceland.is\/?p=1448\">september 15, 2020<\/a><\/span>\n\t\t\t\t\t\t <a href=\"https:\/\/grandmosque-iceland.is\/?p=1448#respond\" class=\"post_meta_item post_counters_item post_counters_comments trx_addons_icon-comment\"><span class=\"post_counters_number\">0<\/span><span class=\"post_counters_label\">Comments<\/span><\/a> <\/div><!-- .post_meta --><\/div><!-- .entry-content --><\/div><!-- .sc_blogger_item --><div class=\"sc_blogger_item post_format_standard post-1445 post type-post status-publish format-standard has-post-thumbnail hentry category-frettir\"><div class=\"sc_blogger_item_content entry-content\"><h5 class=\"sc_blogger_item_title entry-title\"><a href=\"https:\/\/grandmosque-iceland.is\/?p=1445\" rel=\"bookmark\">Biskup \u00cdslands fundar me\u00f0 m\u00faslimum \u00ed moskunni \u00ed Sk\u00f3garhl\u00ed\u00f0<\/a><\/h5><div class=\"post_meta\">\t\t\t\t\t\t<span class=\"post_meta_item post_date\"><a href=\"https:\/\/grandmosque-iceland.is\/?p=1445\">september 15, 2020<\/a><\/span>\n\t\t\t\t\t\t <a href=\"https:\/\/grandmosque-iceland.is\/?p=1445#respond\" class=\"post_meta_item post_counters_item post_counters_comments trx_addons_icon-comment\"><span class=\"post_counters_number\">0<\/span><span class=\"post_counters_label\">Comments<\/span><\/a> <\/div><!-- .post_meta --><\/div><!-- .entry-content --><\/div><!-- .sc_blogger_item --><\/div><\/div><!-- \/.sc_blogger --><a href=\"\/frettir\/\" id=\"sc_button_710724579\" class=\"sc_button color_style_link2 sc_button_default  vc_custom_1577319639003 sc_button_size_normal sc_button_icon_left\"><span class=\"sc_button_text\"><span class=\"sc_button_title\">Allar fr\u00e9ttir<\/span><\/span><!-- \/.sc_button_text --><\/a><!-- \/.sc_button --><\/div><\/div><!-- \/.sc_content -->[\/vc_column_inner][\/vc_row_inner][\/vc_column][\/vc_row]<\/div>[\/vc_column][\/vc_row]<\/p>\n","protected":false},"excerpt":{"rendered":"<p>[vc_row full_width=&#8221;stretch_row_content_no_spaces&#8221;][vc_column][rev_slider_vc alias=&#8221;slider-1&#8243;][\/vc_column][\/vc_row][vc_row][vc_column][\/vc_column][\/vc_row][vc_row][vc_column][\/vc_column][\/vc_row][vc_row][vc_column][\/vc_column][\/vc_row][vc_row][vc_column][\/vc_column][\/vc_row]<\/p>\n","protected":false},"author":1,"featured_media":0,"parent":0,"menu_order":0,"comment_status":"closed","ping_status":"closed","template":"","meta":{"footnotes":""},"class_list":["post-2","page","type-page","status-publish","hentry"],"yoast_head":"<!-- This site is optimized with the Yoast SEO plugin v27.5 - https:\/\/yoast.com\/product\/yoast-seo-wordpress\/ -->\n<title>Fors\u00ed\u00f0a - St\u00f3rmoskan \u00e1 \u00edslands<\/title>\n<meta name=\"robots\" content=\"index, follow, max-snippet:-1, max-image-preview:large, max-video-preview:-1\" \/>\n<link rel=\"canonical\" href=\"https:\/\/grandmosque-iceland.is\/\" \/>\n<meta property=\"og:locale\" content=\"is_IS\" \/>\n<meta property=\"og:type\" content=\"article\" \/>\n<meta property=\"og:title\" content=\"Fors\u00ed\u00f0a - St\u00f3rmoskan \u00e1 \u00edslands\" \/>\n<meta property=\"og:description\" content=\"[vc_row full_width=&#8221;stretch_row_content_no_spaces&#8221;][vc_column][rev_slider_vc alias=&#8221;slider-1&#8243;][\/vc_column][\/vc_row][vc_row][vc_column][\/vc_column][\/vc_row][vc_row][vc_column][\/vc_column][\/vc_row][vc_row][vc_column][\/vc_column][\/vc_row][vc_row][vc_column][\/vc_column][\/vc_row]\" \/>\n<meta property=\"og:url\" content=\"https:\/\/grandmosque-iceland.is\/\" \/>\n<meta property=\"og:site_name\" content=\"St\u00f3rmoskan \u00e1 \u00edslands\" \/>\n<meta property=\"article:modified_time\" content=\"2019-12-26T02:32:28+00:00\" \/>\n<meta name=\"twitter:card\" content=\"summary_large_image\" \/>\n<script type=\"application\/ld+json\" class=\"yoast-schema-graph\">{\"@context\":\"https:\\\/\\\/schema.org\",\"@graph\":[{\"@type\":\"WebPage\",\"@id\":\"https:\\\/\\\/grandmosque-iceland.is\\\/\",\"url\":\"https:\\\/\\\/grandmosque-iceland.is\\\/\",\"name\":\"Fors\u00ed\u00f0a - St\u00f3rmoskan \u00e1 \u00edslands\",\"isPartOf\":{\"@id\":\"https:\\\/\\\/grandmosque-iceland.is\\\/#website\"},\"datePublished\":\"2017-06-12T15:41:24+00:00\",\"dateModified\":\"2019-12-26T02:32:28+00:00\",\"breadcrumb\":{\"@id\":\"https:\\\/\\\/grandmosque-iceland.is\\\/#breadcrumb\"},\"inLanguage\":\"is\",\"potentialAction\":[{\"@type\":\"ReadAction\",\"target\":[\"https:\\\/\\\/grandmosque-iceland.is\\\/\"]}]},{\"@type\":\"BreadcrumbList\",\"@id\":\"https:\\\/\\\/grandmosque-iceland.is\\\/#breadcrumb\",\"itemListElement\":[{\"@type\":\"ListItem\",\"position\":1,\"name\":\"Home\",\"item\":\"https:\\\/\\\/grandmosque-iceland.is\\\/\"},{\"@type\":\"ListItem\",\"position\":2,\"name\":\"Fors\u00ed\u00f0a\"}]},{\"@type\":\"WebSite\",\"@id\":\"https:\\\/\\\/grandmosque-iceland.is\\\/#website\",\"url\":\"https:\\\/\\\/grandmosque-iceland.is\\\/\",\"name\":\"St\u00f3rmoskan \u00e1 \u00edslands\",\"description\":\"\",\"publisher\":{\"@id\":\"https:\\\/\\\/grandmosque-iceland.is\\\/#organization\"},\"potentialAction\":[{\"@type\":\"SearchAction\",\"target\":{\"@type\":\"EntryPoint\",\"urlTemplate\":\"https:\\\/\\\/grandmosque-iceland.is\\\/?s={search_term_string}\"},\"query-input\":{\"@type\":\"PropertyValueSpecification\",\"valueRequired\":true,\"valueName\":\"search_term_string\"}}],\"inLanguage\":\"is\"},{\"@type\":\"Organization\",\"@id\":\"https:\\\/\\\/grandmosque-iceland.is\\\/#organization\",\"name\":\"St\u00f3rmoskan \u00e1 \u00edslands\",\"url\":\"https:\\\/\\\/grandmosque-iceland.is\\\/\",\"logo\":{\"@type\":\"ImageObject\",\"inLanguage\":\"is\",\"@id\":\"https:\\\/\\\/grandmosque-iceland.is\\\/#\\\/schema\\\/logo\\\/image\\\/\",\"url\":\"https:\\\/\\\/grandmosque-iceland.is\\\/wp-content\\\/uploads\\\/2019\\\/12\\\/logo-n-1.png\",\"contentUrl\":\"https:\\\/\\\/grandmosque-iceland.is\\\/wp-content\\\/uploads\\\/2019\\\/12\\\/logo-n-1.png\",\"width\":236,\"height\":85,\"caption\":\"St\u00f3rmoskan \u00e1 \u00edslands\"},\"image\":{\"@id\":\"https:\\\/\\\/grandmosque-iceland.is\\\/#\\\/schema\\\/logo\\\/image\\\/\"}}]}<\/script>\n<!-- \/ Yoast SEO plugin. -->","yoast_head_json":{"title":"Fors\u00ed\u00f0a - St\u00f3rmoskan \u00e1 \u00edslands","robots":{"index":"index","follow":"follow","max-snippet":"max-snippet:-1","max-image-preview":"max-image-preview:large","max-video-preview":"max-video-preview:-1"},"canonical":"https:\/\/grandmosque-iceland.is\/","og_locale":"is_IS","og_type":"article","og_title":"Fors\u00ed\u00f0a - St\u00f3rmoskan \u00e1 \u00edslands","og_description":"[vc_row full_width=&#8221;stretch_row_content_no_spaces&#8221;][vc_column][rev_slider_vc alias=&#8221;slider-1&#8243;][\/vc_column][\/vc_row][vc_row][vc_column][\/vc_column][\/vc_row][vc_row][vc_column][\/vc_column][\/vc_row][vc_row][vc_column][\/vc_column][\/vc_row][vc_row][vc_column][\/vc_column][\/vc_row]","og_url":"https:\/\/grandmosque-iceland.is\/","og_site_name":"St\u00f3rmoskan \u00e1 \u00edslands","article_modified_time":"2019-12-26T02:32:28+00:00","twitter_card":"summary_large_image","schema":{"@context":"https:\/\/schema.org","@graph":[{"@type":"WebPage","@id":"https:\/\/grandmosque-iceland.is\/","url":"https:\/\/grandmosque-iceland.is\/","name":"Fors\u00ed\u00f0a - St\u00f3rmoskan \u00e1 \u00edslands","isPartOf":{"@id":"https:\/\/grandmosque-iceland.is\/#website"},"datePublished":"2017-06-12T15:41:24+00:00","dateModified":"2019-12-26T02:32:28+00:00","breadcrumb":{"@id":"https:\/\/grandmosque-iceland.is\/#breadcrumb"},"inLanguage":"is","potentialAction":[{"@type":"ReadAction","target":["https:\/\/grandmosque-iceland.is\/"]}]},{"@type":"BreadcrumbList","@id":"https:\/\/grandmosque-iceland.is\/#breadcrumb","itemListElement":[{"@type":"ListItem","position":1,"name":"Home","item":"https:\/\/grandmosque-iceland.is\/"},{"@type":"ListItem","position":2,"name":"Fors\u00ed\u00f0a"}]},{"@type":"WebSite","@id":"https:\/\/grandmosque-iceland.is\/#website","url":"https:\/\/grandmosque-iceland.is\/","name":"St\u00f3rmoskan \u00e1 \u00edslands","description":"","publisher":{"@id":"https:\/\/grandmosque-iceland.is\/#organization"},"potentialAction":[{"@type":"SearchAction","target":{"@type":"EntryPoint","urlTemplate":"https:\/\/grandmosque-iceland.is\/?s={search_term_string}"},"query-input":{"@type":"PropertyValueSpecification","valueRequired":true,"valueName":"search_term_string"}}],"inLanguage":"is"},{"@type":"Organization","@id":"https:\/\/grandmosque-iceland.is\/#organization","name":"St\u00f3rmoskan \u00e1 \u00edslands","url":"https:\/\/grandmosque-iceland.is\/","logo":{"@type":"ImageObject","inLanguage":"is","@id":"https:\/\/grandmosque-iceland.is\/#\/schema\/logo\/image\/","url":"https:\/\/grandmosque-iceland.is\/wp-content\/uploads\/2019\/12\/logo-n-1.png","contentUrl":"https:\/\/grandmosque-iceland.is\/wp-content\/uploads\/2019\/12\/logo-n-1.png","width":236,"height":85,"caption":"St\u00f3rmoskan \u00e1 \u00edslands"},"image":{"@id":"https:\/\/grandmosque-iceland.is\/#\/schema\/logo\/image\/"}}]}},"amp_enabled":false,"_links":{"self":[{"href":"https:\/\/grandmosque-iceland.is\/index.php?rest_route=\/wp\/v2\/pages\/2","targetHints":{"allow":["GET"]}}],"collection":[{"href":"https:\/\/grandmosque-iceland.is\/index.php?rest_route=\/wp\/v2\/pages"}],"about":[{"href":"https:\/\/grandmosque-iceland.is\/index.php?rest_route=\/wp\/v2\/types\/page"}],"author":[{"embeddable":true,"href":"https:\/\/grandmosque-iceland.is\/index.php?rest_route=\/wp\/v2\/users\/1"}],"replies":[{"embeddable":true,"href":"https:\/\/grandmosque-iceland.is\/index.php?rest_route=%2Fwp%2Fv2%2Fcomments&post=2"}],"version-history":[{"count":15,"href":"https:\/\/grandmosque-iceland.is\/index.php?rest_route=\/wp\/v2\/pages\/2\/revisions"}],"predecessor-version":[{"id":1139,"href":"https:\/\/grandmosque-iceland.is\/index.php?rest_route=\/wp\/v2\/pages\/2\/revisions\/1139"}],"wp:attachment":[{"href":"https:\/\/grandmosque-iceland.is\/index.php?rest_route=%2Fwp%2Fv2%2Fmedia&parent=2"}],"curies":[{"name":"wp","href":"https:\/\/api.w.org\/{rel}","templated":true}]}}