{"id":19,"date":"2019-04-29T05:29:53","date_gmt":"2019-04-29T05:29:53","guid":{"rendered":"http:\/\/grandmosque-iceland.is\/?page_id=19"},"modified":"2024-12-13T21:31:25","modified_gmt":"2024-12-13T21:31:25","slug":"jesus-pbuh","status":"publish","type":"page","link":"https:\/\/grandmosque-iceland.is\/?page_id=19","title":{"rendered":"Jes\u00fas (PBUH)"},"content":{"rendered":"<p>Jes\u00fas, sem er \u00feekktur sem <em>\u2018\u012as\u00e1<\/em> \u00e1 arab\u00edsku, er einn af helstu sp\u00e1m\u00f6nnum \u00ed \u00edslamskri tr\u00fa. Hann er dj\u00fapt virtur af m\u00faslimum og gegnir mikilv\u00e6gu hlutverki \u00ed tr\u00faarlegum kenningum \u00feeirra. Hins vegar er t\u00falkun \u00edslams \u00e1 Jes\u00fas \u00f6\u00f0ruv\u00edsi en \u00ed kristinni tr\u00fa. \u00cdslam kennir a\u00f0 Jes\u00fas var sp\u00e1ma\u00f0ur og \u00fej\u00f3nn Gu\u00f0s, ekki sonur Gu\u00f0s e\u00f0a hluti af \u00ferenningunni.<\/p>\n<h3><strong>Jes\u00fas \u00ed K\u00f3raninum<\/strong><\/h3>\n<p>\u00cd K\u00f3raninum er Jes\u00fas nefndur \u00ed yfir 90 versum sem dreifast um 15 s\u00farur. Hann er vi\u00f0urkenndur sem sp\u00e1ma\u00f0ur sem var sendur af Gu\u00f0i til a\u00f0 lei\u00f0a f\u00f3lk \u00e1 r\u00e9tta braut. H\u00e9r eru nokkrar lykilatri\u00f0i sem tengjast Jes\u00fas \u00ed \u00edslam:<\/p>\n<ol>\n<li><strong>F\u00e6\u00f0ing Jes\u00fa (PBUH):<\/strong><br \/>\nJes\u00fas f\u00e6ddist me\u00f0 kraftaverki \u00e1n jar\u00f0nesks f\u00f6\u00f0ur. \u00cdslam l\u00fdsir \u00feessu sem merki um m\u00e1tt Gu\u00f0s. \u00cd K\u00f3raninum (S\u00faratan Maryam) er f\u00e6\u00f0ing hans skr\u00e1\u00f0 sem kraftaverk sem ger\u00f0ist \u00feegar Gu\u00f0 sag\u00f0i: <em>\u201eVer\u00f0u!\u201c og \u00fea\u00f0 var\u00f0.<\/em><\/li>\n<li><strong>Mar\u00eda (Maryam):<\/strong><br \/>\nMar\u00eda, m\u00f3\u00f0ir Jes\u00fa, er mj\u00f6g virt \u00ed \u00edslam og er eina konan sem nefnd er me\u00f0 nafni \u00ed K\u00f3raninum. H\u00fan er talin vera hin hreina og hin \u00fatvalda me\u00f0al allra kvenna. Heill s\u00fara, <em>Maryam<\/em>, er helgu\u00f0 henni og kraftaverki f\u00e6\u00f0ingar Jes\u00fa.<\/li>\n<li><strong>Jes\u00fas sem sp\u00e1ma\u00f0ur:<\/strong><br \/>\nJes\u00fas var sendur til \u00cdsraelsmanna til a\u00f0 bo\u00f0a Gu\u00f0lega lei\u00f0s\u00f6gn og r\u00e9ttl\u00e6ti. Hann bo\u00f0a\u00f0i tilbei\u00f0slu \u00e1 einum Gu\u00f0i (Allah) og hvatti f\u00f3lk til a\u00f0 fylgja Gu\u00f0s bo\u00f0um.<\/li>\n<li><strong>Kraftaverk Jes\u00fa:<\/strong><br \/>\nJes\u00fas framkv\u00e6mdi m\u00f6rg kraftaverk me\u00f0 leyfi Gu\u00f0s, \u00fear \u00e1 me\u00f0al a\u00f0 l\u00e6kna blinda, l\u00e6kna holdsveikra og a\u00f0 vekja f\u00f3lk upp fr\u00e1 dau\u00f0um.<\/li>\n<li><strong>Ekki krossfestur:<\/strong><br \/>\n\u00cdslam hafnar hugmyndinni um krossfestingu Jes\u00fa. \u00cd sta\u00f0inn er \u00fev\u00ed haldi\u00f0 fram a\u00f0 Gu\u00f0 hafi bjarga\u00f0 honum og lyft honum til himna. K\u00f3raninn segir a\u00f0 \u00fea\u00f0 hafi virst svo fyrir f\u00f3lki a\u00f0 hann hafi veri\u00f0 krossfestur, en \u00fea\u00f0 ger\u00f0ist ekki \u00ed raun.<\/li>\n<li><strong>Endurkoma Jes\u00fa:<\/strong><br \/>\nM\u00faslimar tr\u00faa \u00fev\u00ed a\u00f0 Jes\u00fas muni sn\u00faa aftur \u00ed lok t\u00edmans sem hluti af pl\u00e1nu Gu\u00f0s. Hann mun lei\u00f0a r\u00e9ttl\u00e6ti\u00f0, sigra rangl\u00e6ti\u00f0 og endurreisa fri\u00f0.<\/li>\n<\/ol>\n<h3><strong>Jes\u00fas og kristni \u00ed \u00edslam<\/strong><\/h3>\n<p>\u00cdslam vi\u00f0urkennir margar s\u00f6gur \u00far Bibl\u00edunni um Jes\u00fas, en \u00fea\u00f0 hafnar hugmyndum um gu\u00f0d\u00f3m hans og krossfestingu. M\u00faslimar tr\u00faa a\u00f0 Jes\u00fas hafi veri\u00f0 afbur\u00f0ama\u00f0ur og st\u00f3rfenglegur sp\u00e1ma\u00f0ur, en hann var mannlegur og aldrei tilbei\u00f0sluatri\u00f0i.<\/p>\n<h3><strong>Bo\u00f0skapur Jes\u00fa \u00ed \u00edslam<\/strong><\/h3>\n<p>Jes\u00fas bo\u00f0a\u00f0i k\u00e6rleika, miskunn, r\u00e9ttl\u00e6ti og gu\u00f0r\u00e6kt. Hann var d\u00e6mi um lei\u00f0toga sem lif\u00f0i einl\u00e6gni og au\u00f0m\u00fdkt. Hann kalla\u00f0i f\u00f3lk til einhyggju og hreinleika \u00ed tr\u00fa.<\/p>\n<h3><strong>Samantekt<\/strong><\/h3>\n<p>Jes\u00fas (PBUH) er einst\u00f6k pers\u00f3na \u00ed \u00edslamskri tr\u00fa. Hann er dj\u00fapt virtur sem sp\u00e1ma\u00f0ur og sendibo\u00f0i Gu\u00f0s, en ekki sem Gu\u00f0 e\u00f0a hluti af \u00ferenningunni. K\u00e6rleikur og vir\u00f0ing sem m\u00faslimar bera til Jes\u00fa og Mar\u00edu endurspegla samhlj\u00f3m milli \u00cdslam og kristni, \u00fe\u00f3 a\u00f0 tr\u00faarkenningar \u00feeirra s\u00e9u a\u00f0greindar \u00e1 mikilv\u00e6gum svi\u00f0um.<\/p>\n","protected":false},"excerpt":{"rendered":"<p>Jes\u00fas, sem er \u00feekktur sem \u2018\u012as\u00e1 \u00e1 arab\u00edsku, er einn af helstu sp\u00e1m\u00f6nnum \u00ed \u00edslamskri tr\u00fa. Hann er dj\u00fapt virtur af m\u00faslimum og gegnir mikilv\u00e6gu hlutverki \u00ed tr\u00faarlegum kenningum \u00feeirra. Hins vegar er t\u00falkun \u00edslams \u00e1 Jes\u00fas \u00f6\u00f0ruv\u00edsi en \u00ed kristinni tr\u00fa. \u00cdslam kennir a\u00f0 Jes\u00fas var sp\u00e1ma\u00f0ur og \u00fej\u00f3nn&hellip;<\/p>\n","protected":false},"author":1,"featured_media":0,"parent":29,"menu_order":0,"comment_status":"closed","ping_status":"closed","template":"","meta":{"footnotes":""},"class_list":["post-19","page","type-page","status-publish","hentry"],"yoast_head":"<!-- This site is optimized with the Yoast SEO plugin v27.3 - https:\/\/yoast.com\/product\/yoast-seo-wordpress\/ -->\n<title>Jes\u00fas (PBUH) - St\u00f3rmoskan \u00e1 \u00edslands<\/title>\n<meta name=\"robots\" content=\"index, follow, max-snippet:-1, max-image-preview:large, max-video-preview:-1\" \/>\n<link rel=\"canonical\" href=\"https:\/\/grandmosque-iceland.is\/?page_id=19\" \/>\n<meta property=\"og:locale\" content=\"is_IS\" \/>\n<meta property=\"og:type\" content=\"article\" \/>\n<meta property=\"og:title\" content=\"Jes\u00fas (PBUH) - St\u00f3rmoskan \u00e1 \u00edslands\" \/>\n<meta property=\"og:description\" content=\"Jes\u00fas, sem er \u00feekktur sem \u2018\u012as\u00e1 \u00e1 arab\u00edsku, er einn af helstu sp\u00e1m\u00f6nnum \u00ed \u00edslamskri tr\u00fa. Hann er dj\u00fapt virtur af m\u00faslimum og gegnir mikilv\u00e6gu hlutverki \u00ed tr\u00faarlegum kenningum \u00feeirra. Hins vegar er t\u00falkun \u00edslams \u00e1 Jes\u00fas \u00f6\u00f0ruv\u00edsi en \u00ed kristinni tr\u00fa. \u00cdslam kennir a\u00f0 Jes\u00fas var sp\u00e1ma\u00f0ur og \u00fej\u00f3nn&hellip;\" \/>\n<meta property=\"og:url\" content=\"https:\/\/grandmosque-iceland.is\/?page_id=19\" \/>\n<meta property=\"og:site_name\" content=\"St\u00f3rmoskan \u00e1 \u00edslands\" \/>\n<meta property=\"article:modified_time\" content=\"2024-12-13T21:31:25+00:00\" \/>\n<meta name=\"twitter:card\" content=\"summary_large_image\" \/>\n<meta name=\"twitter:label1\" content=\"Est. reading time\" \/>\n\t<meta name=\"twitter:data1\" content=\"3 minutes\" \/>\n<script type=\"application\/ld+json\" class=\"yoast-schema-graph\">{\"@context\":\"https:\\\/\\\/schema.org\",\"@graph\":[{\"@type\":\"WebPage\",\"@id\":\"https:\\\/\\\/grandmosque-iceland.is\\\/?page_id=19\",\"url\":\"https:\\\/\\\/grandmosque-iceland.is\\\/?page_id=19\",\"name\":\"Jes\u00fas (PBUH) - St\u00f3rmoskan \u00e1 \u00edslands\",\"isPartOf\":{\"@id\":\"https:\\\/\\\/grandmosque-iceland.is\\\/#website\"},\"datePublished\":\"2019-04-29T05:29:53+00:00\",\"dateModified\":\"2024-12-13T21:31:25+00:00\",\"breadcrumb\":{\"@id\":\"https:\\\/\\\/grandmosque-iceland.is\\\/?page_id=19#breadcrumb\"},\"inLanguage\":\"is\",\"potentialAction\":[{\"@type\":\"ReadAction\",\"target\":[\"https:\\\/\\\/grandmosque-iceland.is\\\/?page_id=19\"]}]},{\"@type\":\"BreadcrumbList\",\"@id\":\"https:\\\/\\\/grandmosque-iceland.is\\\/?page_id=19#breadcrumb\",\"itemListElement\":[{\"@type\":\"ListItem\",\"position\":1,\"name\":\"Home\",\"item\":\"https:\\\/\\\/grandmosque-iceland.is\\\/\"},{\"@type\":\"ListItem\",\"position\":2,\"name\":\"\u00cdslam\",\"item\":\"https:\\\/\\\/grandmosque-iceland.is\\\/?page_id=29\"},{\"@type\":\"ListItem\",\"position\":3,\"name\":\"Jes\u00fas (PBUH)\"}]},{\"@type\":\"WebSite\",\"@id\":\"https:\\\/\\\/grandmosque-iceland.is\\\/#website\",\"url\":\"https:\\\/\\\/grandmosque-iceland.is\\\/\",\"name\":\"St\u00f3rmoskan \u00e1 \u00edslands\",\"description\":\"\",\"publisher\":{\"@id\":\"https:\\\/\\\/grandmosque-iceland.is\\\/#organization\"},\"potentialAction\":[{\"@type\":\"SearchAction\",\"target\":{\"@type\":\"EntryPoint\",\"urlTemplate\":\"https:\\\/\\\/grandmosque-iceland.is\\\/?s={search_term_string}\"},\"query-input\":{\"@type\":\"PropertyValueSpecification\",\"valueRequired\":true,\"valueName\":\"search_term_string\"}}],\"inLanguage\":\"is\"},{\"@type\":\"Organization\",\"@id\":\"https:\\\/\\\/grandmosque-iceland.is\\\/#organization\",\"name\":\"St\u00f3rmoskan \u00e1 \u00edslands\",\"url\":\"https:\\\/\\\/grandmosque-iceland.is\\\/\",\"logo\":{\"@type\":\"ImageObject\",\"inLanguage\":\"is\",\"@id\":\"https:\\\/\\\/grandmosque-iceland.is\\\/#\\\/schema\\\/logo\\\/image\\\/\",\"url\":\"https:\\\/\\\/grandmosque-iceland.is\\\/wp-content\\\/uploads\\\/2019\\\/12\\\/logo-n-1.png\",\"contentUrl\":\"https:\\\/\\\/grandmosque-iceland.is\\\/wp-content\\\/uploads\\\/2019\\\/12\\\/logo-n-1.png\",\"width\":236,\"height\":85,\"caption\":\"St\u00f3rmoskan \u00e1 \u00edslands\"},\"image\":{\"@id\":\"https:\\\/\\\/grandmosque-iceland.is\\\/#\\\/schema\\\/logo\\\/image\\\/\"}}]}<\/script>\n<!-- \/ Yoast SEO plugin. -->","yoast_head_json":{"title":"Jes\u00fas (PBUH) - St\u00f3rmoskan \u00e1 \u00edslands","robots":{"index":"index","follow":"follow","max-snippet":"max-snippet:-1","max-image-preview":"max-image-preview:large","max-video-preview":"max-video-preview:-1"},"canonical":"https:\/\/grandmosque-iceland.is\/?page_id=19","og_locale":"is_IS","og_type":"article","og_title":"Jes\u00fas (PBUH) - St\u00f3rmoskan \u00e1 \u00edslands","og_description":"Jes\u00fas, sem er \u00feekktur sem \u2018\u012as\u00e1 \u00e1 arab\u00edsku, er einn af helstu sp\u00e1m\u00f6nnum \u00ed \u00edslamskri tr\u00fa. Hann er dj\u00fapt virtur af m\u00faslimum og gegnir mikilv\u00e6gu hlutverki \u00ed tr\u00faarlegum kenningum \u00feeirra. Hins vegar er t\u00falkun \u00edslams \u00e1 Jes\u00fas \u00f6\u00f0ruv\u00edsi en \u00ed kristinni tr\u00fa. \u00cdslam kennir a\u00f0 Jes\u00fas var sp\u00e1ma\u00f0ur og \u00fej\u00f3nn&hellip;","og_url":"https:\/\/grandmosque-iceland.is\/?page_id=19","og_site_name":"St\u00f3rmoskan \u00e1 \u00edslands","article_modified_time":"2024-12-13T21:31:25+00:00","twitter_card":"summary_large_image","twitter_misc":{"Est. reading time":"3 minutes"},"schema":{"@context":"https:\/\/schema.org","@graph":[{"@type":"WebPage","@id":"https:\/\/grandmosque-iceland.is\/?page_id=19","url":"https:\/\/grandmosque-iceland.is\/?page_id=19","name":"Jes\u00fas (PBUH) - St\u00f3rmoskan \u00e1 \u00edslands","isPartOf":{"@id":"https:\/\/grandmosque-iceland.is\/#website"},"datePublished":"2019-04-29T05:29:53+00:00","dateModified":"2024-12-13T21:31:25+00:00","breadcrumb":{"@id":"https:\/\/grandmosque-iceland.is\/?page_id=19#breadcrumb"},"inLanguage":"is","potentialAction":[{"@type":"ReadAction","target":["https:\/\/grandmosque-iceland.is\/?page_id=19"]}]},{"@type":"BreadcrumbList","@id":"https:\/\/grandmosque-iceland.is\/?page_id=19#breadcrumb","itemListElement":[{"@type":"ListItem","position":1,"name":"Home","item":"https:\/\/grandmosque-iceland.is\/"},{"@type":"ListItem","position":2,"name":"\u00cdslam","item":"https:\/\/grandmosque-iceland.is\/?page_id=29"},{"@type":"ListItem","position":3,"name":"Jes\u00fas (PBUH)"}]},{"@type":"WebSite","@id":"https:\/\/grandmosque-iceland.is\/#website","url":"https:\/\/grandmosque-iceland.is\/","name":"St\u00f3rmoskan \u00e1 \u00edslands","description":"","publisher":{"@id":"https:\/\/grandmosque-iceland.is\/#organization"},"potentialAction":[{"@type":"SearchAction","target":{"@type":"EntryPoint","urlTemplate":"https:\/\/grandmosque-iceland.is\/?s={search_term_string}"},"query-input":{"@type":"PropertyValueSpecification","valueRequired":true,"valueName":"search_term_string"}}],"inLanguage":"is"},{"@type":"Organization","@id":"https:\/\/grandmosque-iceland.is\/#organization","name":"St\u00f3rmoskan \u00e1 \u00edslands","url":"https:\/\/grandmosque-iceland.is\/","logo":{"@type":"ImageObject","inLanguage":"is","@id":"https:\/\/grandmosque-iceland.is\/#\/schema\/logo\/image\/","url":"https:\/\/grandmosque-iceland.is\/wp-content\/uploads\/2019\/12\/logo-n-1.png","contentUrl":"https:\/\/grandmosque-iceland.is\/wp-content\/uploads\/2019\/12\/logo-n-1.png","width":236,"height":85,"caption":"St\u00f3rmoskan \u00e1 \u00edslands"},"image":{"@id":"https:\/\/grandmosque-iceland.is\/#\/schema\/logo\/image\/"}}]}},"amp_enabled":true,"_links":{"self":[{"href":"https:\/\/grandmosque-iceland.is\/index.php?rest_route=\/wp\/v2\/pages\/19","targetHints":{"allow":["GET"]}}],"collection":[{"href":"https:\/\/grandmosque-iceland.is\/index.php?rest_route=\/wp\/v2\/pages"}],"about":[{"href":"https:\/\/grandmosque-iceland.is\/index.php?rest_route=\/wp\/v2\/types\/page"}],"author":[{"embeddable":true,"href":"https:\/\/grandmosque-iceland.is\/index.php?rest_route=\/wp\/v2\/users\/1"}],"replies":[{"embeddable":true,"href":"https:\/\/grandmosque-iceland.is\/index.php?rest_route=%2Fwp%2Fv2%2Fcomments&post=19"}],"version-history":[{"count":2,"href":"https:\/\/grandmosque-iceland.is\/index.php?rest_route=\/wp\/v2\/pages\/19\/revisions"}],"predecessor-version":[{"id":1543,"href":"https:\/\/grandmosque-iceland.is\/index.php?rest_route=\/wp\/v2\/pages\/19\/revisions\/1543"}],"up":[{"embeddable":true,"href":"https:\/\/grandmosque-iceland.is\/index.php?rest_route=\/wp\/v2\/pages\/29"}],"wp:attachment":[{"href":"https:\/\/grandmosque-iceland.is\/index.php?rest_route=%2Fwp%2Fv2%2Fmedia&parent=19"}],"curies":[{"name":"wp","href":"https:\/\/api.w.org\/{rel}","templated":true}]}}