{"id":1547,"date":"2024-12-13T21:44:13","date_gmt":"2024-12-13T21:44:13","guid":{"rendered":"https:\/\/grandmosque-iceland.is\/?page_id=1547"},"modified":"2024-12-13T21:44:13","modified_gmt":"2024-12-13T21:44:13","slug":"born-og-aeska","status":"publish","type":"page","link":"https:\/\/grandmosque-iceland.is\/?page_id=1547","title":{"rendered":"B\u00f6rn og \u00e6ska"},"content":{"rendered":"<p>\u00cdslam hefur mj\u00f6g s\u00e9rstakt og hvetjandi vi\u00f0horf til barna og \u00e6sku, sem \u00e1hersla er l\u00f6g\u00f0 \u00e1 a\u00f0 ala upp \u00ed j\u00e1kv\u00e6\u00f0um gildum og vir\u00f0ingu. H\u00e9r eru nokkur atri\u00f0i sem \u00fatsk\u00fdra mikilv\u00e6gi barna og \u00e6sku \u00ed \u00cdslams:<\/p>\n<ol>\n<li><strong>Vernd og Umhyggja<\/strong>: \u00cdslam leggur mikla \u00e1herslu \u00e1 a\u00f0 veita b\u00f6rnum vernd og umhyggju. \u00dea\u00f0 er skylda foreldra a\u00f0 annast b\u00f6rn s\u00edn b\u00e6\u00f0i l\u00edkamlega og andlega, og veita \u00feeim \u00e1st og athygli til a\u00f0 \u00feau vaxi og dafni.<\/li>\n<li><strong>Menntun<\/strong>: \u00cdslam setur menntun \u00ed mj\u00f6g h\u00e1an sess. \u00dea\u00f0 er m\u00e6lst til \u00feess a\u00f0 b\u00e6\u00f0i karlar og konur, unga og gamla, leiti \u00feekkingar. Sp\u00e1ma\u00f0urinn (PBUH) sag\u00f0i: &#8220;Leiti\u00f0 \u00feekkingar, jafnvel \u00fe\u00f3tt h\u00fan s\u00e9 \u00ed K\u00edna,&#8221; sem var merki um mikilv\u00e6gi menntunar \u00e1 \u00f6llum aldri.<\/li>\n<li><strong>Vir\u00f0ing og Afturvirkni<\/strong>: \u00cdslam bo\u00f0ar vir\u00f0ingu fyrir foreldrum og eldri. \u00dea\u00f0 er mj\u00f6g mikilv\u00e6gt a\u00f0 b\u00f6rn l\u00e6r\u00f0u a\u00f0 bera vir\u00f0ingu fyrir foreldrum s\u00ednum og eldri, og er \u00fea\u00f0 eitt af mikilv\u00e6gustu gildum \u00ed menningu \u00cdslams.<\/li>\n<li><strong>Jafnr\u00e9tti<\/strong>: B\u00f6rn \u00ed \u00cdslamskri tr\u00fa f\u00e1 jafnr\u00e9tti, \u00f3h\u00e1\u00f0 kyni, og b\u00e6\u00f0i str\u00e1kar og stelpur eru hvattir til a\u00f0 leggja sig fram og leita eftir \u00feekkingu og eigin velfer\u00f0.<\/li>\n<li><strong>Hj\u00e1lp og Samf\u00e9lag<\/strong>: \u00cdslam hvetur einnig til samf\u00e9lagslegs \u00e1byrg\u00f0ar og a\u00f0 hj\u00e1lpa \u00f6\u00f0rum, \u00fear \u00e1 me\u00f0al a\u00f0 leggja sitt af m\u00f6rkum til velfer\u00f0ar barna \u00ed samf\u00e9laginu. B\u00f6rn eru hv\u00f6tt til a\u00f0 s\u00fdna velfer\u00f0, gj\u00f6fmynd og sam\u00fa\u00f0.<\/li>\n<li><strong>R\u00edki barnsins<\/strong>: B\u00f6rn hafa r\u00e9tt \u00e1 a\u00f0 nj\u00f3ta \u00e6sku sinnar og uppvexts \u00e1 heilbrig\u00f0an og g\u00f3\u00f0an h\u00e1tt. \u00cdslam ber mikla \u00e1byrg\u00f0 \u00e1 \u00fev\u00ed a\u00f0 b\u00f6rn hafi \u00f6ryggi og g\u00f3\u00f0an uppv\u00f6xt.<\/li>\n<li><strong>B\u00e6nir og Tr\u00faarl\u00edfi<\/strong>: Fr\u00e1 unga aldri eru b\u00f6rn hv\u00f6tt til a\u00f0 venja sig vi\u00f0 b\u00e6nir og tr\u00faarl\u00edfi. \u00deeir l\u00e6ra a\u00f0 \u00feekkja Allah og eru lei\u00f0beint \u00ed \u00feeim gildum sem sp\u00e1mennirnir kenndu.<\/li>\n<\/ol>\n<p>\u00cdslam leggur \u00fev\u00ed mikla \u00e1herslu \u00e1 a\u00f0 b\u00f6rn f\u00e1i g\u00f3\u00f0an og r\u00e9ttl\u00e1tan uppv\u00f6xt, \u00fear sem \u00feau eru lei\u00f0beint til \u00feess a\u00f0 ver\u00f0a hei\u00f0arlegir, mennta\u00f0ir og \u00e1byrgir einstaklingar \u00ed samf\u00e9laginu.<\/p>\n","protected":false},"excerpt":{"rendered":"<p>\u00cdslam hefur mj\u00f6g s\u00e9rstakt og hvetjandi vi\u00f0horf til barna og \u00e6sku, sem \u00e1hersla er l\u00f6g\u00f0 \u00e1 a\u00f0 ala upp \u00ed j\u00e1kv\u00e6\u00f0um gildum og vir\u00f0ingu. H\u00e9r eru nokkur atri\u00f0i sem \u00fatsk\u00fdra mikilv\u00e6gi barna og \u00e6sku \u00ed \u00cdslams: Vernd og Umhyggja: \u00cdslam leggur mikla \u00e1herslu \u00e1 a\u00f0 veita b\u00f6rnum vernd og umhyggju.&hellip;<\/p>\n","protected":false},"author":1,"featured_media":0,"parent":0,"menu_order":0,"comment_status":"closed","ping_status":"closed","template":"","meta":{"footnotes":""},"class_list":["post-1547","page","type-page","status-publish","hentry"],"yoast_head":"<!-- This site is optimized with the Yoast SEO plugin v27.5 - https:\/\/yoast.com\/product\/yoast-seo-wordpress\/ -->\n<title>B\u00f6rn og \u00e6ska - St\u00f3rmoskan \u00e1 \u00edslands<\/title>\n<meta name=\"robots\" content=\"index, follow, max-snippet:-1, max-image-preview:large, max-video-preview:-1\" \/>\n<link rel=\"canonical\" href=\"https:\/\/grandmosque-iceland.is\/?page_id=1547\" \/>\n<meta property=\"og:locale\" content=\"is_IS\" \/>\n<meta property=\"og:type\" content=\"article\" \/>\n<meta property=\"og:title\" content=\"B\u00f6rn og \u00e6ska - St\u00f3rmoskan \u00e1 \u00edslands\" \/>\n<meta property=\"og:description\" content=\"\u00cdslam hefur mj\u00f6g s\u00e9rstakt og hvetjandi vi\u00f0horf til barna og \u00e6sku, sem \u00e1hersla er l\u00f6g\u00f0 \u00e1 a\u00f0 ala upp \u00ed j\u00e1kv\u00e6\u00f0um gildum og vir\u00f0ingu. H\u00e9r eru nokkur atri\u00f0i sem \u00fatsk\u00fdra mikilv\u00e6gi barna og \u00e6sku \u00ed \u00cdslams: Vernd og Umhyggja: \u00cdslam leggur mikla \u00e1herslu \u00e1 a\u00f0 veita b\u00f6rnum vernd og umhyggju.&hellip;\" \/>\n<meta property=\"og:url\" content=\"https:\/\/grandmosque-iceland.is\/?page_id=1547\" \/>\n<meta property=\"og:site_name\" content=\"St\u00f3rmoskan \u00e1 \u00edslands\" \/>\n<meta name=\"twitter:card\" content=\"summary_large_image\" \/>\n<meta name=\"twitter:label1\" content=\"Est. reading time\" \/>\n\t<meta name=\"twitter:data1\" content=\"2 minutes\" \/>\n<script type=\"application\/ld+json\" class=\"yoast-schema-graph\">{\"@context\":\"https:\\\/\\\/schema.org\",\"@graph\":[{\"@type\":\"WebPage\",\"@id\":\"https:\\\/\\\/grandmosque-iceland.is\\\/?page_id=1547\",\"url\":\"https:\\\/\\\/grandmosque-iceland.is\\\/?page_id=1547\",\"name\":\"B\u00f6rn og \u00e6ska - St\u00f3rmoskan \u00e1 \u00edslands\",\"isPartOf\":{\"@id\":\"https:\\\/\\\/grandmosque-iceland.is\\\/#website\"},\"datePublished\":\"2024-12-13T21:44:13+00:00\",\"breadcrumb\":{\"@id\":\"https:\\\/\\\/grandmosque-iceland.is\\\/?page_id=1547#breadcrumb\"},\"inLanguage\":\"is\",\"potentialAction\":[{\"@type\":\"ReadAction\",\"target\":[\"https:\\\/\\\/grandmosque-iceland.is\\\/?page_id=1547\"]}]},{\"@type\":\"BreadcrumbList\",\"@id\":\"https:\\\/\\\/grandmosque-iceland.is\\\/?page_id=1547#breadcrumb\",\"itemListElement\":[{\"@type\":\"ListItem\",\"position\":1,\"name\":\"Home\",\"item\":\"https:\\\/\\\/grandmosque-iceland.is\\\/\"},{\"@type\":\"ListItem\",\"position\":2,\"name\":\"B\u00f6rn og \u00e6ska\"}]},{\"@type\":\"WebSite\",\"@id\":\"https:\\\/\\\/grandmosque-iceland.is\\\/#website\",\"url\":\"https:\\\/\\\/grandmosque-iceland.is\\\/\",\"name\":\"St\u00f3rmoskan \u00e1 \u00edslands\",\"description\":\"\",\"publisher\":{\"@id\":\"https:\\\/\\\/grandmosque-iceland.is\\\/#organization\"},\"potentialAction\":[{\"@type\":\"SearchAction\",\"target\":{\"@type\":\"EntryPoint\",\"urlTemplate\":\"https:\\\/\\\/grandmosque-iceland.is\\\/?s={search_term_string}\"},\"query-input\":{\"@type\":\"PropertyValueSpecification\",\"valueRequired\":true,\"valueName\":\"search_term_string\"}}],\"inLanguage\":\"is\"},{\"@type\":\"Organization\",\"@id\":\"https:\\\/\\\/grandmosque-iceland.is\\\/#organization\",\"name\":\"St\u00f3rmoskan \u00e1 \u00edslands\",\"url\":\"https:\\\/\\\/grandmosque-iceland.is\\\/\",\"logo\":{\"@type\":\"ImageObject\",\"inLanguage\":\"is\",\"@id\":\"https:\\\/\\\/grandmosque-iceland.is\\\/#\\\/schema\\\/logo\\\/image\\\/\",\"url\":\"https:\\\/\\\/grandmosque-iceland.is\\\/wp-content\\\/uploads\\\/2019\\\/12\\\/logo-n-1.png\",\"contentUrl\":\"https:\\\/\\\/grandmosque-iceland.is\\\/wp-content\\\/uploads\\\/2019\\\/12\\\/logo-n-1.png\",\"width\":236,\"height\":85,\"caption\":\"St\u00f3rmoskan \u00e1 \u00edslands\"},\"image\":{\"@id\":\"https:\\\/\\\/grandmosque-iceland.is\\\/#\\\/schema\\\/logo\\\/image\\\/\"}}]}<\/script>\n<!-- \/ Yoast SEO plugin. -->","yoast_head_json":{"title":"B\u00f6rn og \u00e6ska - St\u00f3rmoskan \u00e1 \u00edslands","robots":{"index":"index","follow":"follow","max-snippet":"max-snippet:-1","max-image-preview":"max-image-preview:large","max-video-preview":"max-video-preview:-1"},"canonical":"https:\/\/grandmosque-iceland.is\/?page_id=1547","og_locale":"is_IS","og_type":"article","og_title":"B\u00f6rn og \u00e6ska - St\u00f3rmoskan \u00e1 \u00edslands","og_description":"\u00cdslam hefur mj\u00f6g s\u00e9rstakt og hvetjandi vi\u00f0horf til barna og \u00e6sku, sem \u00e1hersla er l\u00f6g\u00f0 \u00e1 a\u00f0 ala upp \u00ed j\u00e1kv\u00e6\u00f0um gildum og vir\u00f0ingu. H\u00e9r eru nokkur atri\u00f0i sem \u00fatsk\u00fdra mikilv\u00e6gi barna og \u00e6sku \u00ed \u00cdslams: Vernd og Umhyggja: \u00cdslam leggur mikla \u00e1herslu \u00e1 a\u00f0 veita b\u00f6rnum vernd og umhyggju.&hellip;","og_url":"https:\/\/grandmosque-iceland.is\/?page_id=1547","og_site_name":"St\u00f3rmoskan \u00e1 \u00edslands","twitter_card":"summary_large_image","twitter_misc":{"Est. reading time":"2 minutes"},"schema":{"@context":"https:\/\/schema.org","@graph":[{"@type":"WebPage","@id":"https:\/\/grandmosque-iceland.is\/?page_id=1547","url":"https:\/\/grandmosque-iceland.is\/?page_id=1547","name":"B\u00f6rn og \u00e6ska - St\u00f3rmoskan \u00e1 \u00edslands","isPartOf":{"@id":"https:\/\/grandmosque-iceland.is\/#website"},"datePublished":"2024-12-13T21:44:13+00:00","breadcrumb":{"@id":"https:\/\/grandmosque-iceland.is\/?page_id=1547#breadcrumb"},"inLanguage":"is","potentialAction":[{"@type":"ReadAction","target":["https:\/\/grandmosque-iceland.is\/?page_id=1547"]}]},{"@type":"BreadcrumbList","@id":"https:\/\/grandmosque-iceland.is\/?page_id=1547#breadcrumb","itemListElement":[{"@type":"ListItem","position":1,"name":"Home","item":"https:\/\/grandmosque-iceland.is\/"},{"@type":"ListItem","position":2,"name":"B\u00f6rn og \u00e6ska"}]},{"@type":"WebSite","@id":"https:\/\/grandmosque-iceland.is\/#website","url":"https:\/\/grandmosque-iceland.is\/","name":"St\u00f3rmoskan \u00e1 \u00edslands","description":"","publisher":{"@id":"https:\/\/grandmosque-iceland.is\/#organization"},"potentialAction":[{"@type":"SearchAction","target":{"@type":"EntryPoint","urlTemplate":"https:\/\/grandmosque-iceland.is\/?s={search_term_string}"},"query-input":{"@type":"PropertyValueSpecification","valueRequired":true,"valueName":"search_term_string"}}],"inLanguage":"is"},{"@type":"Organization","@id":"https:\/\/grandmosque-iceland.is\/#organization","name":"St\u00f3rmoskan \u00e1 \u00edslands","url":"https:\/\/grandmosque-iceland.is\/","logo":{"@type":"ImageObject","inLanguage":"is","@id":"https:\/\/grandmosque-iceland.is\/#\/schema\/logo\/image\/","url":"https:\/\/grandmosque-iceland.is\/wp-content\/uploads\/2019\/12\/logo-n-1.png","contentUrl":"https:\/\/grandmosque-iceland.is\/wp-content\/uploads\/2019\/12\/logo-n-1.png","width":236,"height":85,"caption":"St\u00f3rmoskan \u00e1 \u00edslands"},"image":{"@id":"https:\/\/grandmosque-iceland.is\/#\/schema\/logo\/image\/"}}]}},"amp_enabled":true,"_links":{"self":[{"href":"https:\/\/grandmosque-iceland.is\/index.php?rest_route=\/wp\/v2\/pages\/1547","targetHints":{"allow":["GET"]}}],"collection":[{"href":"https:\/\/grandmosque-iceland.is\/index.php?rest_route=\/wp\/v2\/pages"}],"about":[{"href":"https:\/\/grandmosque-iceland.is\/index.php?rest_route=\/wp\/v2\/types\/page"}],"author":[{"embeddable":true,"href":"https:\/\/grandmosque-iceland.is\/index.php?rest_route=\/wp\/v2\/users\/1"}],"replies":[{"embeddable":true,"href":"https:\/\/grandmosque-iceland.is\/index.php?rest_route=%2Fwp%2Fv2%2Fcomments&post=1547"}],"version-history":[{"count":1,"href":"https:\/\/grandmosque-iceland.is\/index.php?rest_route=\/wp\/v2\/pages\/1547\/revisions"}],"predecessor-version":[{"id":1548,"href":"https:\/\/grandmosque-iceland.is\/index.php?rest_route=\/wp\/v2\/pages\/1547\/revisions\/1548"}],"wp:attachment":[{"href":"https:\/\/grandmosque-iceland.is\/index.php?rest_route=%2Fwp%2Fv2%2Fmedia&parent=1547"}],"curies":[{"name":"wp","href":"https:\/\/api.w.org\/{rel}","templated":true}]}}