{"id":1453,"date":"2020-09-15T14:57:01","date_gmt":"2020-09-15T14:57:01","guid":{"rendered":"http:\/\/grandmosque-iceland.is\/?page_id=1453"},"modified":"2020-09-15T21:38:39","modified_gmt":"2020-09-15T21:38:39","slug":"baekur-og-rit","status":"publish","type":"page","link":"https:\/\/grandmosque-iceland.is\/?page_id=1453","title":{"rendered":"B\u00e6kur og rit"},"content":{"rendered":"\n<figure class=\"wp-block-image size-large\"><a href=\"http:\/\/grandmosque-iceland.is\/main_wp\/wp-content\/uploads\/2020\/09\/Mosken-isl\u00e4ndska_compressed.pdf\"><img fetchpriority=\"high\" decoding=\"async\" width=\"1019\" height=\"1024\" src=\"https:\/\/grandmosque-iceland.is\/main_wp\/wp-content\/uploads\/2020\/09\/Mosken-isl\u00e4ndska-1-1-1019x1024.gif\" alt=\"\" class=\"wp-image-1470\" srcset=\"https:\/\/grandmosque-iceland.is\/wp-content\/uploads\/2020\/09\/Mosken-isl\u00e4ndska-1-1-1019x1024.gif 1019w, https:\/\/grandmosque-iceland.is\/wp-content\/uploads\/2020\/09\/Mosken-isl\u00e4ndska-1-1-300x300.gif 300w, https:\/\/grandmosque-iceland.is\/wp-content\/uploads\/2020\/09\/Mosken-isl\u00e4ndska-1-1-150x150.gif 150w, https:\/\/grandmosque-iceland.is\/wp-content\/uploads\/2020\/09\/Mosken-isl\u00e4ndska-1-1-768x772.gif 768w, https:\/\/grandmosque-iceland.is\/wp-content\/uploads\/2020\/09\/Mosken-isl\u00e4ndska-1-1-1529x1536.gif 1529w, https:\/\/grandmosque-iceland.is\/wp-content\/uploads\/2020\/09\/Mosken-isl\u00e4ndska-1-1-2038x2048.gif 2038w, https:\/\/grandmosque-iceland.is\/wp-content\/uploads\/2020\/09\/Mosken-isl\u00e4ndska-1-1-370x372.gif 370w, https:\/\/grandmosque-iceland.is\/wp-content\/uploads\/2020\/09\/Mosken-isl\u00e4ndska-1-1-90x90.gif 90w, https:\/\/grandmosque-iceland.is\/wp-content\/uploads\/2020\/09\/Mosken-isl\u00e4ndska-1-1-760x764.gif 760w\" sizes=\"(max-width: 1019px) 100vw, 1019px\" \/><\/a><\/figure>\n\n\n\n<figure class=\"wp-block-image size-large\"><a href=\"http:\/\/grandmosque-iceland.is\/main_wp\/wp-content\/uploads\/2020\/09\/Muhammad-Isl\u00e4ndsk-0704-web.pdf\"><img decoding=\"async\" width=\"1019\" height=\"1024\" src=\"https:\/\/grandmosque-iceland.is\/main_wp\/wp-content\/uploads\/2020\/09\/Mosken-isl\u00e4ndska-4-1019x1024.gif\" alt=\"\" class=\"wp-image-1474\" srcset=\"https:\/\/grandmosque-iceland.is\/wp-content\/uploads\/2020\/09\/Mosken-isl\u00e4ndska-4-1019x1024.gif 1019w, https:\/\/grandmosque-iceland.is\/wp-content\/uploads\/2020\/09\/Mosken-isl\u00e4ndska-4-300x300.gif 300w, https:\/\/grandmosque-iceland.is\/wp-content\/uploads\/2020\/09\/Mosken-isl\u00e4ndska-4-150x150.gif 150w, https:\/\/grandmosque-iceland.is\/wp-content\/uploads\/2020\/09\/Mosken-isl\u00e4ndska-4-768x772.gif 768w, https:\/\/grandmosque-iceland.is\/wp-content\/uploads\/2020\/09\/Mosken-isl\u00e4ndska-4-1529x1536.gif 1529w, https:\/\/grandmosque-iceland.is\/wp-content\/uploads\/2020\/09\/Mosken-isl\u00e4ndska-4-2038x2048.gif 2038w, https:\/\/grandmosque-iceland.is\/wp-content\/uploads\/2020\/09\/Mosken-isl\u00e4ndska-4-370x372.gif 370w, https:\/\/grandmosque-iceland.is\/wp-content\/uploads\/2020\/09\/Mosken-isl\u00e4ndska-4-90x90.gif 90w, https:\/\/grandmosque-iceland.is\/wp-content\/uploads\/2020\/09\/Mosken-isl\u00e4ndska-4-760x764.gif 760w\" sizes=\"(max-width: 1019px) 100vw, 1019px\" \/><\/a><\/figure>\n","protected":false},"excerpt":{"rendered":"","protected":false},"author":2,"featured_media":1463,"parent":0,"menu_order":0,"comment_status":"closed","ping_status":"closed","template":"","meta":{"footnotes":""},"class_list":["post-1453","page","type-page","status-publish","has-post-thumbnail","hentry"],"yoast_head":"<!-- This site is optimized with the Yoast SEO plugin v27.5 - https:\/\/yoast.com\/product\/yoast-seo-wordpress\/ -->\n<title>B\u00e6kur og rit - St\u00f3rmoskan \u00e1 \u00edslands<\/title>\n<meta name=\"robots\" content=\"index, follow, max-snippet:-1, max-image-preview:large, max-video-preview:-1\" \/>\n<link rel=\"canonical\" href=\"https:\/\/grandmosque-iceland.is\/?page_id=1453\" \/>\n<meta property=\"og:locale\" content=\"is_IS\" \/>\n<meta property=\"og:type\" content=\"article\" \/>\n<meta property=\"og:title\" content=\"B\u00e6kur og rit - St\u00f3rmoskan \u00e1 \u00edslands\" \/>\n<meta property=\"og:url\" content=\"https:\/\/grandmosque-iceland.is\/?page_id=1453\" \/>\n<meta property=\"og:site_name\" content=\"St\u00f3rmoskan \u00e1 \u00edslands\" \/>\n<meta property=\"article:modified_time\" content=\"2020-09-15T21:38:39+00:00\" \/>\n<meta property=\"og:image\" content=\"https:\/\/grandmosque-iceland.is\/wp-content\/uploads\/2020\/09\/GST.jpg\" \/>\n\t<meta property=\"og:image:width\" content=\"1000\" \/>\n\t<meta property=\"og:image:height\" content=\"562\" \/>\n\t<meta property=\"og:image:type\" content=\"image\/jpeg\" \/>\n<meta name=\"twitter:card\" content=\"summary_large_image\" \/>\n<script type=\"application\/ld+json\" class=\"yoast-schema-graph\">{\"@context\":\"https:\\\/\\\/schema.org\",\"@graph\":[{\"@type\":\"WebPage\",\"@id\":\"https:\\\/\\\/grandmosque-iceland.is\\\/?page_id=1453\",\"url\":\"https:\\\/\\\/grandmosque-iceland.is\\\/?page_id=1453\",\"name\":\"B\u00e6kur og rit - St\u00f3rmoskan \u00e1 \u00edslands\",\"isPartOf\":{\"@id\":\"https:\\\/\\\/grandmosque-iceland.is\\\/#website\"},\"primaryImageOfPage\":{\"@id\":\"https:\\\/\\\/grandmosque-iceland.is\\\/?page_id=1453#primaryimage\"},\"image\":{\"@id\":\"https:\\\/\\\/grandmosque-iceland.is\\\/?page_id=1453#primaryimage\"},\"thumbnailUrl\":\"https:\\\/\\\/grandmosque-iceland.is\\\/wp-content\\\/uploads\\\/2020\\\/09\\\/GST.jpg\",\"datePublished\":\"2020-09-15T14:57:01+00:00\",\"dateModified\":\"2020-09-15T21:38:39+00:00\",\"breadcrumb\":{\"@id\":\"https:\\\/\\\/grandmosque-iceland.is\\\/?page_id=1453#breadcrumb\"},\"inLanguage\":\"is\",\"potentialAction\":[{\"@type\":\"ReadAction\",\"target\":[\"https:\\\/\\\/grandmosque-iceland.is\\\/?page_id=1453\"]}]},{\"@type\":\"ImageObject\",\"inLanguage\":\"is\",\"@id\":\"https:\\\/\\\/grandmosque-iceland.is\\\/?page_id=1453#primaryimage\",\"url\":\"https:\\\/\\\/grandmosque-iceland.is\\\/wp-content\\\/uploads\\\/2020\\\/09\\\/GST.jpg\",\"contentUrl\":\"https:\\\/\\\/grandmosque-iceland.is\\\/wp-content\\\/uploads\\\/2020\\\/09\\\/GST.jpg\",\"width\":1000,\"height\":562},{\"@type\":\"BreadcrumbList\",\"@id\":\"https:\\\/\\\/grandmosque-iceland.is\\\/?page_id=1453#breadcrumb\",\"itemListElement\":[{\"@type\":\"ListItem\",\"position\":1,\"name\":\"Home\",\"item\":\"https:\\\/\\\/grandmosque-iceland.is\\\/\"},{\"@type\":\"ListItem\",\"position\":2,\"name\":\"B\u00e6kur og rit\"}]},{\"@type\":\"WebSite\",\"@id\":\"https:\\\/\\\/grandmosque-iceland.is\\\/#website\",\"url\":\"https:\\\/\\\/grandmosque-iceland.is\\\/\",\"name\":\"St\u00f3rmoskan \u00e1 \u00edslands\",\"description\":\"\",\"publisher\":{\"@id\":\"https:\\\/\\\/grandmosque-iceland.is\\\/#organization\"},\"potentialAction\":[{\"@type\":\"SearchAction\",\"target\":{\"@type\":\"EntryPoint\",\"urlTemplate\":\"https:\\\/\\\/grandmosque-iceland.is\\\/?s={search_term_string}\"},\"query-input\":{\"@type\":\"PropertyValueSpecification\",\"valueRequired\":true,\"valueName\":\"search_term_string\"}}],\"inLanguage\":\"is\"},{\"@type\":\"Organization\",\"@id\":\"https:\\\/\\\/grandmosque-iceland.is\\\/#organization\",\"name\":\"St\u00f3rmoskan \u00e1 \u00edslands\",\"url\":\"https:\\\/\\\/grandmosque-iceland.is\\\/\",\"logo\":{\"@type\":\"ImageObject\",\"inLanguage\":\"is\",\"@id\":\"https:\\\/\\\/grandmosque-iceland.is\\\/#\\\/schema\\\/logo\\\/image\\\/\",\"url\":\"https:\\\/\\\/grandmosque-iceland.is\\\/wp-content\\\/uploads\\\/2019\\\/12\\\/logo-n-1.png\",\"contentUrl\":\"https:\\\/\\\/grandmosque-iceland.is\\\/wp-content\\\/uploads\\\/2019\\\/12\\\/logo-n-1.png\",\"width\":236,\"height\":85,\"caption\":\"St\u00f3rmoskan \u00e1 \u00edslands\"},\"image\":{\"@id\":\"https:\\\/\\\/grandmosque-iceland.is\\\/#\\\/schema\\\/logo\\\/image\\\/\"}}]}<\/script>\n<!-- \/ Yoast SEO plugin. -->","yoast_head_json":{"title":"B\u00e6kur og rit - St\u00f3rmoskan \u00e1 \u00edslands","robots":{"index":"index","follow":"follow","max-snippet":"max-snippet:-1","max-image-preview":"max-image-preview:large","max-video-preview":"max-video-preview:-1"},"canonical":"https:\/\/grandmosque-iceland.is\/?page_id=1453","og_locale":"is_IS","og_type":"article","og_title":"B\u00e6kur og rit - St\u00f3rmoskan \u00e1 \u00edslands","og_url":"https:\/\/grandmosque-iceland.is\/?page_id=1453","og_site_name":"St\u00f3rmoskan \u00e1 \u00edslands","article_modified_time":"2020-09-15T21:38:39+00:00","og_image":[{"width":1000,"height":562,"url":"https:\/\/grandmosque-iceland.is\/wp-content\/uploads\/2020\/09\/GST.jpg","type":"image\/jpeg"}],"twitter_card":"summary_large_image","schema":{"@context":"https:\/\/schema.org","@graph":[{"@type":"WebPage","@id":"https:\/\/grandmosque-iceland.is\/?page_id=1453","url":"https:\/\/grandmosque-iceland.is\/?page_id=1453","name":"B\u00e6kur og rit - St\u00f3rmoskan \u00e1 \u00edslands","isPartOf":{"@id":"https:\/\/grandmosque-iceland.is\/#website"},"primaryImageOfPage":{"@id":"https:\/\/grandmosque-iceland.is\/?page_id=1453#primaryimage"},"image":{"@id":"https:\/\/grandmosque-iceland.is\/?page_id=1453#primaryimage"},"thumbnailUrl":"https:\/\/grandmosque-iceland.is\/wp-content\/uploads\/2020\/09\/GST.jpg","datePublished":"2020-09-15T14:57:01+00:00","dateModified":"2020-09-15T21:38:39+00:00","breadcrumb":{"@id":"https:\/\/grandmosque-iceland.is\/?page_id=1453#breadcrumb"},"inLanguage":"is","potentialAction":[{"@type":"ReadAction","target":["https:\/\/grandmosque-iceland.is\/?page_id=1453"]}]},{"@type":"ImageObject","inLanguage":"is","@id":"https:\/\/grandmosque-iceland.is\/?page_id=1453#primaryimage","url":"https:\/\/grandmosque-iceland.is\/wp-content\/uploads\/2020\/09\/GST.jpg","contentUrl":"https:\/\/grandmosque-iceland.is\/wp-content\/uploads\/2020\/09\/GST.jpg","width":1000,"height":562},{"@type":"BreadcrumbList","@id":"https:\/\/grandmosque-iceland.is\/?page_id=1453#breadcrumb","itemListElement":[{"@type":"ListItem","position":1,"name":"Home","item":"https:\/\/grandmosque-iceland.is\/"},{"@type":"ListItem","position":2,"name":"B\u00e6kur og rit"}]},{"@type":"WebSite","@id":"https:\/\/grandmosque-iceland.is\/#website","url":"https:\/\/grandmosque-iceland.is\/","name":"St\u00f3rmoskan \u00e1 \u00edslands","description":"","publisher":{"@id":"https:\/\/grandmosque-iceland.is\/#organization"},"potentialAction":[{"@type":"SearchAction","target":{"@type":"EntryPoint","urlTemplate":"https:\/\/grandmosque-iceland.is\/?s={search_term_string}"},"query-input":{"@type":"PropertyValueSpecification","valueRequired":true,"valueName":"search_term_string"}}],"inLanguage":"is"},{"@type":"Organization","@id":"https:\/\/grandmosque-iceland.is\/#organization","name":"St\u00f3rmoskan \u00e1 \u00edslands","url":"https:\/\/grandmosque-iceland.is\/","logo":{"@type":"ImageObject","inLanguage":"is","@id":"https:\/\/grandmosque-iceland.is\/#\/schema\/logo\/image\/","url":"https:\/\/grandmosque-iceland.is\/wp-content\/uploads\/2019\/12\/logo-n-1.png","contentUrl":"https:\/\/grandmosque-iceland.is\/wp-content\/uploads\/2019\/12\/logo-n-1.png","width":236,"height":85,"caption":"St\u00f3rmoskan \u00e1 \u00edslands"},"image":{"@id":"https:\/\/grandmosque-iceland.is\/#\/schema\/logo\/image\/"}}]}},"amp_enabled":true,"_links":{"self":[{"href":"https:\/\/grandmosque-iceland.is\/index.php?rest_route=\/wp\/v2\/pages\/1453","targetHints":{"allow":["GET"]}}],"collection":[{"href":"https:\/\/grandmosque-iceland.is\/index.php?rest_route=\/wp\/v2\/pages"}],"about":[{"href":"https:\/\/grandmosque-iceland.is\/index.php?rest_route=\/wp\/v2\/types\/page"}],"author":[{"embeddable":true,"href":"https:\/\/grandmosque-iceland.is\/index.php?rest_route=\/wp\/v2\/users\/2"}],"replies":[{"embeddable":true,"href":"https:\/\/grandmosque-iceland.is\/index.php?rest_route=%2Fwp%2Fv2%2Fcomments&post=1453"}],"version-history":[{"count":8,"href":"https:\/\/grandmosque-iceland.is\/index.php?rest_route=\/wp\/v2\/pages\/1453\/revisions"}],"predecessor-version":[{"id":1475,"href":"https:\/\/grandmosque-iceland.is\/index.php?rest_route=\/wp\/v2\/pages\/1453\/revisions\/1475"}],"wp:featuredmedia":[{"embeddable":true,"href":"https:\/\/grandmosque-iceland.is\/index.php?rest_route=\/wp\/v2\/media\/1463"}],"wp:attachment":[{"href":"https:\/\/grandmosque-iceland.is\/index.php?rest_route=%2Fwp%2Fv2%2Fmedia&parent=1453"}],"curies":[{"name":"wp","href":"https:\/\/api.w.org\/{rel}","templated":true}]}}