{"id":37,"date":"2017-07-10T14:42:04","date_gmt":"2017-07-10T14:42:04","guid":{"rendered":"http:\/\/shaha.ancorathemes.com\/?page_id=37"},"modified":"2019-12-26T22:38:26","modified_gmt":"2019-12-26T22:38:26","slug":"contact","status":"publish","type":"page","link":"https:\/\/grandmosque-iceland.is\/en\/contact\/","title":{"rendered":"Contact"},"content":{"rendered":"<p>[vc_row][vc_column width=&#8221;1\/2&#8243; hide_bg_image_on_tablet=&#8221;&#8221; hide_bg_image_on_mobile=&#8221;&#8221; css=&#8221;.vc_custom_1508853593195{margin-bottom: 2em !important;}&#8221;]<div id=\"sc_title_650008905\"\n\t\tclass=\"sc_title color_style_default sc_title_default\"><h3 class=\"sc_item_title sc_title_title sc_align_left sc_item_title_style_default\">Contact Info<\/h3><\/div><!-- \/.sc_title -->[vc_column_text css=&#8221;.vc_custom_1577399895811{margin-top: 3.3em !important;}&#8221;]<\/p>\n<h6>Grand Mosque of Iceland<\/h6>\n<p>Sk\u00f6garhl\u00ed\u00f0 20 Reykjavik 105 Po Box 8964,<br \/>\n\u00cdsland<\/p>\n<p>Phone: <a href=\"tel:00354 7722857\">00354 7722857<\/a><br \/>\nEmail: <a href=\"mailto:info@grandmosque-iceland.is\">info@grandmosque-iceland.is<\/a>[\/vc_column_text]<div id=\"sc_googlemap_1660545801_wrap\" class=\"sc_googlemap_wrap\"><div id=\"sc_googlemap_1660545801\"\n\t\t\tclass=\"sc_googlemap sc_googlemap_default  vc_custom_1577399817834\"\n\t\t\t style=\"width:100%;height:340px;\"\t\t\tdata-zoom=\"14\"\n\t\t\tdata-style=\"shaha\"\n\t\t\tdata-cluster-icon=\"\"\n        ><iframe\n                    src=\"https:\/\/maps.google.com\/maps?t=m&output=embed&iwloc=near&z=14&q=Grand+Mosque+of+Iceland\"\n                    scrolling=\"no\"\n                    marginheight=\"0\"\n                    marginwidth=\"0\"\n                    frameborder=\"0\"\n                    aria-label=\"One\"><\/iframe><\/div><\/div><!-- \/.sc_googlemap_wrap -->[\/vc_column][vc_column width=&#8221;1\/2&#8243;]<div id=\"sc_title_1920572383\"\n\t\tclass=\"sc_title color_style_default sc_title_default\"><h3 class=\"sc_item_title sc_title_title sc_align_left sc_item_title_style_default\">Get in Touch<\/h3><\/div><!-- \/.sc_title -->[vc_column_text css=&#8221;.vc_custom_1577399904040{margin-top: 3.3em !important;padding-bottom: 3.9rem !important;}&#8221;][\/vc_column_text]\n<div class=\"wpcf7 no-js\" id=\"wpcf7-f798-o1\" lang=\"en-US\" dir=\"ltr\" data-wpcf7-id=\"798\">\n<div class=\"screen-reader-response\"><p role=\"status\" aria-live=\"polite\" aria-atomic=\"true\"><\/p> <ul><\/ul><\/div>\n<form action=\"\/en\/wp-json\/wp\/v2\/pages\/37#wpcf7-f798-o1\" method=\"post\" class=\"wpcf7-form init\" aria-label=\"Contact form\" novalidate=\"novalidate\" data-status=\"init\">\n<fieldset class=\"hidden-fields-container\"><input type=\"hidden\" name=\"_wpcf7\" value=\"798\" \/><input type=\"hidden\" name=\"_wpcf7_version\" value=\"6.1.5\" \/><input type=\"hidden\" name=\"_wpcf7_locale\" value=\"en_US\" \/><input type=\"hidden\" name=\"_wpcf7_unit_tag\" value=\"wpcf7-f798-o1\" \/><input type=\"hidden\" name=\"_wpcf7_container_post\" value=\"0\" \/><input type=\"hidden\" name=\"_wpcf7_posted_data_hash\" value=\"\" \/>\n<\/fieldset>\n<div class=\"flex\">\n\t<div class='itm row' >\n\t\t<p><span class=\"wpcf7-form-control-wrap\" data-name=\"your-name\"><input size=\"40\" maxlength=\"400\" class=\"wpcf7-form-control wpcf7-text wpcf7-validates-as-required\" aria-required=\"true\" aria-invalid=\"false\" placeholder=\"Your name*\" value=\"\" type=\"text\" name=\"your-name\" \/><\/span>\n\t\t<\/p>\n\t<\/div>\n\t<div class='itm row'>\n\t\t<p><span class=\"wpcf7-form-control-wrap\" data-name=\"your-email\"><input size=\"40\" maxlength=\"400\" class=\"wpcf7-form-control wpcf7-email wpcf7-validates-as-required wpcf7-text wpcf7-validates-as-email\" aria-required=\"true\" aria-invalid=\"false\" placeholder=\"Your e-mail*\" value=\"\" type=\"email\" name=\"your-email\" \/><\/span>\n\t\t<\/p>\n\t<\/div>\n<\/div>\n<div class=''>\n\t<p><span class=\"wpcf7-form-control-wrap\" data-name=\"your-message\"><textarea cols=\"40\" rows=\"10\" maxlength=\"2000\" class=\"wpcf7-form-control wpcf7-textarea wpcf7-validates-as-required\" aria-required=\"true\" aria-invalid=\"false\" placeholder=\"Your message*\" name=\"your-message\"><\/textarea><\/span>\n\t<\/p>\n<\/div>\n<div>\n\t<p><span class=\"wpcf7-form-control-wrap\" data-name=\"acceptance-157\"><span class=\"wpcf7-form-control wpcf7-acceptance\"><span class=\"wpcf7-list-item\"><label><input type=\"checkbox\" name=\"acceptance-157\" value=\"1\" aria-invalid=\"false\" \/><span class=\"wpcf7-list-item-label\">I agree that my submitted data is being collected and stored.<\/span><\/label><\/span><\/span><\/span>\n\t<\/p>\n\t<div>\n\t\t<div class=\"sc_form_field sc_form_field_button sc_form_field_submit\">\n\t\t\t<p><input class=\"wpcf7-form-control wpcf7-submit has-spinner\" type=\"submit\" value=\"Submit\" \/>\n\t\t\t<\/p>\n\t\t<\/div>\n\t<\/div>\n<\/div><p style=\"display: none !important;\" class=\"akismet-fields-container\" data-prefix=\"_wpcf7_ak_\"><label>&#916;<textarea name=\"_wpcf7_ak_hp_textarea\" cols=\"45\" rows=\"8\" maxlength=\"100\"><\/textarea><\/label><input type=\"hidden\" id=\"ak_js_1\" name=\"_wpcf7_ak_js\" value=\"24\"\/><script>document.getElementById( \"ak_js_1\" ).setAttribute( \"value\", ( new Date() ).getTime() );<\/script><\/p><div class=\"wpcf7-response-output\" aria-hidden=\"true\"><\/div>\n<\/form>\n<\/div>\n[\/vc_column][\/vc_row]<\/p>\n","protected":false},"excerpt":{"rendered":"<p>[vc_row][vc_column width=&#8221;1\/2&#8243; hide_bg_image_on_tablet=&#8221;&#8221; hide_bg_image_on_mobile=&#8221;&#8221; css=&#8221;.vc_custom_1508853593195{margin-bottom: 2em !important;}&#8221;][vc_column_text css=&#8221;.vc_custom_1577399895811{margin-top: 3.3em !important;}&#8221;] Grand Mosque of Iceland Sk\u00f6garhl\u00ed\u00f0 20 Reykjavik 105 Po Box 8964, \u00cdsland Phone: 00354 7722857 Email: info@grandmosque-iceland.is[\/vc_column_text][\/vc_column][vc_column width=&#8221;1\/2&#8243;][vc_column_text css=&#8221;.vc_custom_1577399904040{margin-top: 3.3em !important;padding-bottom: 3.9rem !important;}&#8221;][\/vc_column_text][\/vc_column][\/vc_row]<\/p>\n","protected":false},"author":1,"featured_media":0,"parent":0,"menu_order":0,"comment_status":"closed","ping_status":"closed","template":"","meta":{"footnotes":""},"class_list":["post-37","page","type-page","status-publish","hentry"],"yoast_head":"<!-- This site is optimized with the Yoast SEO plugin v27.4 - https:\/\/yoast.com\/product\/yoast-seo-wordpress\/ -->\n<title>Contact - Grand Mosque of Iceland<\/title>\n<meta name=\"robots\" content=\"index, follow, max-snippet:-1, max-image-preview:large, max-video-preview:-1\" \/>\n<link rel=\"canonical\" href=\"http:\/\/grandmosque-iceland.is\/en\/contact\/\" \/>\n<meta property=\"og:locale\" content=\"en_US\" \/>\n<meta property=\"og:type\" content=\"article\" \/>\n<meta property=\"og:title\" content=\"Contact - Grand Mosque of Iceland\" \/>\n<meta property=\"og:description\" content=\"[vc_row][vc_column width=&#8221;1\/2&#8243; hide_bg_image_on_tablet=&#8221;&#8221; hide_bg_image_on_mobile=&#8221;&#8221; css=&#8221;.vc_custom_1508853593195{margin-bottom: 2em !important;}&#8221;][vc_column_text css=&#8221;.vc_custom_1577399895811{margin-top: 3.3em !important;}&#8221;] Grand Mosque of Iceland Sk\u00f6garhl\u00ed\u00f0 20 Reykjavik 105 Po Box 8964, \u00cdsland Phone: 00354 7722857 Email: info@grandmosque-iceland.is[\/vc_column_text][\/vc_column][vc_column width=&#8221;1\/2&#8243;][vc_column_text css=&#8221;.vc_custom_1577399904040{margin-top: 3.3em !important;padding-bottom: 3.9rem !important;}&#8221;][\/vc_column_text][\/vc_column][\/vc_row]\" \/>\n<meta property=\"og:url\" content=\"http:\/\/grandmosque-iceland.is\/en\/contact\/\" \/>\n<meta property=\"og:site_name\" content=\"Grand Mosque of Iceland\" \/>\n<meta property=\"article:modified_time\" content=\"2019-12-26T22:38:26+00:00\" \/>\n<meta name=\"twitter:card\" content=\"summary_large_image\" \/>\n<meta name=\"twitter:label1\" content=\"Est. reading time\" \/>\n\t<meta name=\"twitter:data1\" content=\"1 minute\" \/>\n<script type=\"application\/ld+json\" class=\"yoast-schema-graph\">{\"@context\":\"https:\\\/\\\/schema.org\",\"@graph\":[{\"@type\":\"WebPage\",\"@id\":\"http:\\\/\\\/grandmosque-iceland.is\\\/en\\\/contact\\\/\",\"url\":\"http:\\\/\\\/grandmosque-iceland.is\\\/en\\\/contact\\\/\",\"name\":\"Contact - Grand Mosque of Iceland\",\"isPartOf\":{\"@id\":\"https:\\\/\\\/grandmosque-iceland.is\\\/en\\\/#website\"},\"datePublished\":\"2017-07-10T14:42:04+00:00\",\"dateModified\":\"2019-12-26T22:38:26+00:00\",\"breadcrumb\":{\"@id\":\"http:\\\/\\\/grandmosque-iceland.is\\\/en\\\/contact\\\/#breadcrumb\"},\"inLanguage\":\"en-US\",\"potentialAction\":[{\"@type\":\"ReadAction\",\"target\":[\"http:\\\/\\\/grandmosque-iceland.is\\\/en\\\/contact\\\/\"]}]},{\"@type\":\"BreadcrumbList\",\"@id\":\"http:\\\/\\\/grandmosque-iceland.is\\\/en\\\/contact\\\/#breadcrumb\",\"itemListElement\":[{\"@type\":\"ListItem\",\"position\":1,\"name\":\"Home\",\"item\":\"https:\\\/\\\/grandmosque-iceland.is\\\/en\\\/\"},{\"@type\":\"ListItem\",\"position\":2,\"name\":\"Contact\"}]},{\"@type\":\"WebSite\",\"@id\":\"https:\\\/\\\/grandmosque-iceland.is\\\/en\\\/#website\",\"url\":\"https:\\\/\\\/grandmosque-iceland.is\\\/en\\\/\",\"name\":\"Grand Mosque of Iceland\",\"description\":\"\",\"publisher\":{\"@id\":\"https:\\\/\\\/grandmosque-iceland.is\\\/en\\\/#organization\"},\"potentialAction\":[{\"@type\":\"SearchAction\",\"target\":{\"@type\":\"EntryPoint\",\"urlTemplate\":\"https:\\\/\\\/grandmosque-iceland.is\\\/en\\\/?s={search_term_string}\"},\"query-input\":{\"@type\":\"PropertyValueSpecification\",\"valueRequired\":true,\"valueName\":\"search_term_string\"}}],\"inLanguage\":\"en-US\"},{\"@type\":\"Organization\",\"@id\":\"https:\\\/\\\/grandmosque-iceland.is\\\/en\\\/#organization\",\"name\":\"Grand Mosque of Iceland\",\"url\":\"https:\\\/\\\/grandmosque-iceland.is\\\/en\\\/\",\"logo\":{\"@type\":\"ImageObject\",\"inLanguage\":\"en-US\",\"@id\":\"https:\\\/\\\/grandmosque-iceland.is\\\/en\\\/#\\\/schema\\\/logo\\\/image\\\/\",\"url\":\"https:\\\/\\\/grandmosque-iceland.is\\\/en\\\/wp-content\\\/uploads\\\/sites\\\/8\\\/2019\\\/12\\\/logo-e.png\",\"contentUrl\":\"https:\\\/\\\/grandmosque-iceland.is\\\/en\\\/wp-content\\\/uploads\\\/sites\\\/8\\\/2019\\\/12\\\/logo-e.png\",\"width\":236,\"height\":85,\"caption\":\"Grand Mosque of Iceland\"},\"image\":{\"@id\":\"https:\\\/\\\/grandmosque-iceland.is\\\/en\\\/#\\\/schema\\\/logo\\\/image\\\/\"}}]}<\/script>\n<!-- \/ Yoast SEO plugin. -->","yoast_head_json":{"title":"Contact - Grand Mosque of Iceland","robots":{"index":"index","follow":"follow","max-snippet":"max-snippet:-1","max-image-preview":"max-image-preview:large","max-video-preview":"max-video-preview:-1"},"canonical":"http:\/\/grandmosque-iceland.is\/en\/contact\/","og_locale":"en_US","og_type":"article","og_title":"Contact - Grand Mosque of Iceland","og_description":"[vc_row][vc_column width=&#8221;1\/2&#8243; hide_bg_image_on_tablet=&#8221;&#8221; hide_bg_image_on_mobile=&#8221;&#8221; css=&#8221;.vc_custom_1508853593195{margin-bottom: 2em !important;}&#8221;][vc_column_text css=&#8221;.vc_custom_1577399895811{margin-top: 3.3em !important;}&#8221;] Grand Mosque of Iceland Sk\u00f6garhl\u00ed\u00f0 20 Reykjavik 105 Po Box 8964, \u00cdsland Phone: 00354 7722857 Email: info@grandmosque-iceland.is[\/vc_column_text][\/vc_column][vc_column width=&#8221;1\/2&#8243;][vc_column_text css=&#8221;.vc_custom_1577399904040{margin-top: 3.3em !important;padding-bottom: 3.9rem !important;}&#8221;][\/vc_column_text][\/vc_column][\/vc_row]","og_url":"http:\/\/grandmosque-iceland.is\/en\/contact\/","og_site_name":"Grand Mosque of Iceland","article_modified_time":"2019-12-26T22:38:26+00:00","twitter_card":"summary_large_image","twitter_misc":{"Est. reading time":"1 minute"},"schema":{"@context":"https:\/\/schema.org","@graph":[{"@type":"WebPage","@id":"http:\/\/grandmosque-iceland.is\/en\/contact\/","url":"http:\/\/grandmosque-iceland.is\/en\/contact\/","name":"Contact - Grand Mosque of Iceland","isPartOf":{"@id":"https:\/\/grandmosque-iceland.is\/en\/#website"},"datePublished":"2017-07-10T14:42:04+00:00","dateModified":"2019-12-26T22:38:26+00:00","breadcrumb":{"@id":"http:\/\/grandmosque-iceland.is\/en\/contact\/#breadcrumb"},"inLanguage":"en-US","potentialAction":[{"@type":"ReadAction","target":["http:\/\/grandmosque-iceland.is\/en\/contact\/"]}]},{"@type":"BreadcrumbList","@id":"http:\/\/grandmosque-iceland.is\/en\/contact\/#breadcrumb","itemListElement":[{"@type":"ListItem","position":1,"name":"Home","item":"https:\/\/grandmosque-iceland.is\/en\/"},{"@type":"ListItem","position":2,"name":"Contact"}]},{"@type":"WebSite","@id":"https:\/\/grandmosque-iceland.is\/en\/#website","url":"https:\/\/grandmosque-iceland.is\/en\/","name":"Grand Mosque of Iceland","description":"","publisher":{"@id":"https:\/\/grandmosque-iceland.is\/en\/#organization"},"potentialAction":[{"@type":"SearchAction","target":{"@type":"EntryPoint","urlTemplate":"https:\/\/grandmosque-iceland.is\/en\/?s={search_term_string}"},"query-input":{"@type":"PropertyValueSpecification","valueRequired":true,"valueName":"search_term_string"}}],"inLanguage":"en-US"},{"@type":"Organization","@id":"https:\/\/grandmosque-iceland.is\/en\/#organization","name":"Grand Mosque of Iceland","url":"https:\/\/grandmosque-iceland.is\/en\/","logo":{"@type":"ImageObject","inLanguage":"en-US","@id":"https:\/\/grandmosque-iceland.is\/en\/#\/schema\/logo\/image\/","url":"https:\/\/grandmosque-iceland.is\/en\/wp-content\/uploads\/sites\/8\/2019\/12\/logo-e.png","contentUrl":"https:\/\/grandmosque-iceland.is\/en\/wp-content\/uploads\/sites\/8\/2019\/12\/logo-e.png","width":236,"height":85,"caption":"Grand Mosque of Iceland"},"image":{"@id":"https:\/\/grandmosque-iceland.is\/en\/#\/schema\/logo\/image\/"}}]}},"amp_enabled":true,"_links":{"self":[{"href":"https:\/\/grandmosque-iceland.is\/en\/wp-json\/wp\/v2\/pages\/37","targetHints":{"allow":["GET"]}}],"collection":[{"href":"https:\/\/grandmosque-iceland.is\/en\/wp-json\/wp\/v2\/pages"}],"about":[{"href":"https:\/\/grandmosque-iceland.is\/en\/wp-json\/wp\/v2\/types\/page"}],"author":[{"embeddable":true,"href":"https:\/\/grandmosque-iceland.is\/en\/wp-json\/wp\/v2\/users\/1"}],"replies":[{"embeddable":true,"href":"https:\/\/grandmosque-iceland.is\/en\/wp-json\/wp\/v2\/comments?post=37"}],"version-history":[{"count":2,"href":"https:\/\/grandmosque-iceland.is\/en\/wp-json\/wp\/v2\/pages\/37\/revisions"}],"predecessor-version":[{"id":1111,"href":"https:\/\/grandmosque-iceland.is\/en\/wp-json\/wp\/v2\/pages\/37\/revisions\/1111"}],"wp:attachment":[{"href":"https:\/\/grandmosque-iceland.is\/en\/wp-json\/wp\/v2\/media?parent=37"}],"curies":[{"name":"wp","href":"https:\/\/api.w.org\/{rel}","templated":true}]}}