{"id":37,"date":"2017-07-10T14:42:04","date_gmt":"2017-07-10T14:42:04","guid":{"rendered":"http:\/\/rtl.shaha.ancorathemes.com\/?page_id=37"},"modified":"2019-12-26T19:06:38","modified_gmt":"2019-12-26T19:06:38","slug":"%d8%aa%d9%88%d8%a7%d8%b5%d9%84-%d9%85%d8%b9%d9%86%d8%a7","status":"publish","type":"page","link":"https:\/\/grandmosque-iceland.is\/ar\/?page_id=37","title":{"rendered":"\u062a\u0648\u0627\u0635\u0644 \u0645\u0639\u0646\u0627"},"content":{"rendered":"<p>[vc_row][vc_column width=&#8221;1\/2&#8243;]<div id=\"sc_title_1508808585\"\n\t\tclass=\"sc_title color_style_default sc_title_default\"><h3 class=\"sc_item_title sc_title_title sc_align_left sc_item_title_style_default\">\u0645\u0639\u0644\u0648\u0645\u0627\u062a \u0627\u0644\u062a\u0648\u0627\u0635\u0644<\/h3><\/div><!-- \/.sc_title -->[vc_column_text css=&#8221;.vc_custom_1577386927170{margin-top: 3.3em !important;}&#8221;]<\/p>\n<h6>\u0645\u0633\u062c\u062f \u0622\u064a\u0633\u0644\u0646\u062f\u0627 \u0627\u0644\u0643\u0628\u064a\u0631<\/h6>\n<p>Sk\u00f6garhl\u00ed\u00f0 20 Reykjavik 105,<br \/>\nPo Box 8964,<br \/>\n\u00cdsland<\/p>\n<p>\u0627\u0644\u0647\u0627\u062a\u0641: <a href=\"tel:003547722857\">00354 7722857<\/a><br \/>\n\u0627\u0644\u0628\u0631\u064a\u062f \u0627\u0644\u0627\u0644\u0643\u062a\u0631\u0648\u0646\u064a: <a href=\"mailto:info@grandmosque-iceland.is\">info@grandmosque-iceland.is<\/a>[\/vc_column_text]<div id=\"sc_googlemap_2052886691_wrap\" class=\"sc_googlemap_wrap\"><div id=\"sc_googlemap_2052886691\"\n\t\t\tclass=\"sc_googlemap sc_googlemap_default  vc_custom_1577386968213\"\n\t\t\t style=\"width:100%;height:340px;\"\t\t\tdata-zoom=\"14\"\n\t\t\tdata-style=\"shaha\"\n\t\t\tdata-cluster-icon=\"\"\n        ><iframe\n                    src=\"https:\/\/maps.google.com\/maps?t=m&output=embed&iwloc=near&z=14&q=The+Grand+Mosque+of+Iceland\"\n                    scrolling=\"no\"\n                    marginheight=\"0\"\n                    marginwidth=\"0\"\n                    frameborder=\"0\"\n                    aria-label=\"\u0645\u0633\u062c\u062f \u0622\u064a\u0633\u0644\u0646\u062f\u0627 \u0627\u0644\u0643\u0628\u064a\u0631\"><\/iframe><\/div><\/div><!-- \/.sc_googlemap_wrap -->[\/vc_column][vc_column width=&#8221;1\/2&#8243; hide_bg_image_on_tablet=&#8221;&#8221; hide_bg_image_on_mobile=&#8221;&#8221; css=&#8221;.vc_custom_1508853593195{margin-bottom: 2em !important;}&#8221;]<div id=\"sc_title_715119452\"\n\t\tclass=\"sc_title color_style_default sc_title_default\"><h3 class=\"sc_item_title sc_title_title sc_align_left sc_item_title_style_default\">\u0627\u0628\u0642 \u0639\u0644\u0649 \u062a\u0648\u0627\u0635\u0644<\/h3><\/div><!-- \/.sc_title -->[vc_column_text css=&#8221;.vc_custom_1577387182350{margin-top: 3.3em !important;padding-bottom: 3.9rem !important;}&#8221;][\/vc_column_text]\n<div class=\"wpcf7 no-js\" id=\"wpcf7-f829-o1\" lang=\"ar\" dir=\"rtl\" data-wpcf7-id=\"829\">\n<div class=\"screen-reader-response\"><p role=\"status\" aria-live=\"polite\" aria-atomic=\"true\"><\/p> <ul><\/ul><\/div>\n<form action=\"\/ar\/index.php?rest_route=%2Fwp%2Fv2%2Fpages%2F37#wpcf7-f829-o1\" method=\"post\" class=\"wpcf7-form init\" aria-label=\"\u0646\u0645\u0648\u0630\u062c \u0627\u0644\u0627\u062a\u0635\u0627\u0644\" novalidate=\"novalidate\" data-status=\"init\">\n<fieldset class=\"hidden-fields-container\"><input type=\"hidden\" name=\"_wpcf7\" value=\"829\" \/><input type=\"hidden\" name=\"_wpcf7_version\" value=\"6.1.5\" \/><input type=\"hidden\" name=\"_wpcf7_locale\" value=\"ar\" \/><input type=\"hidden\" name=\"_wpcf7_unit_tag\" value=\"wpcf7-f829-o1\" \/><input type=\"hidden\" name=\"_wpcf7_container_post\" value=\"0\" \/><input type=\"hidden\" name=\"_wpcf7_posted_data_hash\" value=\"\" \/>\n<\/fieldset>\n<div class=\"flex\">\n\t<div class='itm row' >\n\t\t<p><span class=\"wpcf7-form-control-wrap\" data-name=\"your-name\"><input size=\"40\" maxlength=\"400\" class=\"wpcf7-form-control wpcf7-text wpcf7-validates-as-required\" aria-required=\"true\" aria-invalid=\"false\" placeholder=\"Your name*\" value=\"\" type=\"text\" name=\"your-name\" \/><\/span>\n\t\t<\/p>\n\t<\/div>\n\t<div class='itm row'>\n\t\t<p><span class=\"wpcf7-form-control-wrap\" data-name=\"your-email\"><input size=\"40\" maxlength=\"400\" class=\"wpcf7-form-control wpcf7-text wpcf7-validates-as-required\" aria-required=\"true\" aria-invalid=\"false\" placeholder=\"Your e-mail*\" value=\"\" type=\"text\" name=\"your-email\" \/><\/span>\n\t\t<\/p>\n\t<\/div>\n<\/div>\n<div class=''>\n\t<p><span class=\"wpcf7-form-control-wrap\" data-name=\"your-message\"><textarea cols=\"40\" rows=\"10\" maxlength=\"2000\" class=\"wpcf7-form-control wpcf7-textarea wpcf7-validates-as-required\" aria-required=\"true\" aria-invalid=\"false\" placeholder=\"Your message*\" name=\"your-message\"><\/textarea><\/span>\n\t<\/p>\n<\/div>\n<div>\n\t<p><span class=\"wpcf7-form-control-wrap\" data-name=\"acceptance-157\"><span class=\"wpcf7-form-control wpcf7-acceptance\"><span class=\"wpcf7-list-item\"><label><input type=\"checkbox\" name=\"acceptance-157\" value=\"1\" aria-invalid=\"false\" \/><span class=\"wpcf7-list-item-label\">I agree that my submitted data is being collected and stored.<\/span><\/label><\/span><\/span><\/span>\n\t<\/p>\n\t<div>\n\t\t<div class=\"sc_form_field sc_form_field_button sc_form_field_submit\">\n\t\t\t<p><input class=\"wpcf7-form-control wpcf7-submit has-spinner\" type=\"submit\" value=\"Submit\" \/>\n\t\t\t<\/p>\n\t\t<\/div>\n\t<\/div>\n<\/div><p style=\"display: none !important;\" class=\"akismet-fields-container\" data-prefix=\"_wpcf7_ak_\"><label>&#916;<textarea name=\"_wpcf7_ak_hp_textarea\" cols=\"45\" rows=\"8\" maxlength=\"100\"><\/textarea><\/label><input type=\"hidden\" id=\"ak_js_1\" name=\"_wpcf7_ak_js\" value=\"190\"\/><script>document.getElementById( \"ak_js_1\" ).setAttribute( \"value\", ( new Date() ).getTime() );<\/script><\/p><div class=\"wpcf7-response-output\" aria-hidden=\"true\"><\/div>\n<\/form>\n<\/div>\n[\/vc_column][\/vc_row]<\/p>\n","protected":false},"excerpt":{"rendered":"<p>[vc_row][vc_column width=&#8221;1\/2&#8243;][vc_column_text css=&#8221;.vc_custom_1577386927170{margin-top: 3.3em !important;}&#8221;] \u0645\u0633\u062c\u062f \u0622\u064a\u0633\u0644\u0646\u062f\u0627 \u0627\u0644\u0643\u0628\u064a\u0631 Sk\u00f6garhl\u00ed\u00f0 20 Reykjavik 105, Po Box 8964, \u00cdsland \u0627\u0644\u0647\u0627\u062a\u0641: 00354 7722857 \u0627\u0644\u0628\u0631\u064a\u062f \u0627\u0644\u0627\u0644\u0643\u062a\u0631\u0648\u0646\u064a: info@grandmosque-iceland.is[\/vc_column_text][\/vc_column][vc_column width=&#8221;1\/2&#8243; hide_bg_image_on_tablet=&#8221;&#8221; hide_bg_image_on_mobile=&#8221;&#8221; css=&#8221;.vc_custom_1508853593195{margin-bottom: 2em !important;}&#8221;][vc_column_text css=&#8221;.vc_custom_1577387182350{margin-top: 3.3em !important;padding-bottom: 3.9rem !important;}&#8221;][\/vc_column_text][\/vc_column][\/vc_row]<\/p>\n","protected":false},"author":1,"featured_media":0,"parent":0,"menu_order":0,"comment_status":"closed","ping_status":"closed","template":"","meta":{"footnotes":""},"class_list":["post-37","page","type-page","status-publish","hentry"],"yoast_head":"<!-- This site is optimized with the Yoast SEO plugin v27.4 - https:\/\/yoast.com\/product\/yoast-seo-wordpress\/ -->\n<title>\u062a\u0648\u0627\u0635\u0644 \u0645\u0639\u0646\u0627 - \u0645\u0633\u062c\u062f \u0622\u064a\u0633\u0644\u0646\u062f\u0627 \u0627\u0644\u0643\u0628\u064a\u0631<\/title>\n<meta name=\"robots\" content=\"index, follow, max-snippet:-1, max-image-preview:large, max-video-preview:-1\" \/>\n<link rel=\"canonical\" href=\"https:\/\/grandmosque-iceland.is\/ar\/?page_id=37\" \/>\n<meta property=\"og:locale\" content=\"ar_AR\" \/>\n<meta property=\"og:type\" content=\"article\" \/>\n<meta property=\"og:title\" content=\"\u062a\u0648\u0627\u0635\u0644 \u0645\u0639\u0646\u0627 - \u0645\u0633\u062c\u062f \u0622\u064a\u0633\u0644\u0646\u062f\u0627 \u0627\u0644\u0643\u0628\u064a\u0631\" \/>\n<meta property=\"og:description\" content=\"[vc_row][vc_column width=&#8221;1\/2&#8243;][vc_column_text css=&#8221;.vc_custom_1577386927170{margin-top: 3.3em !important;}&#8221;] \u0645\u0633\u062c\u062f \u0622\u064a\u0633\u0644\u0646\u062f\u0627 \u0627\u0644\u0643\u0628\u064a\u0631 Sk\u00f6garhl\u00ed\u00f0 20 Reykjavik 105, Po Box 8964, \u00cdsland \u0627\u0644\u0647\u0627\u062a\u0641: 00354 7722857 \u0627\u0644\u0628\u0631\u064a\u062f \u0627\u0644\u0627\u0644\u0643\u062a\u0631\u0648\u0646\u064a: info@grandmosque-iceland.is[\/vc_column_text][\/vc_column][vc_column width=&#8221;1\/2&#8243; hide_bg_image_on_tablet=&#8221;&#8221; hide_bg_image_on_mobile=&#8221;&#8221; css=&#8221;.vc_custom_1508853593195{margin-bottom: 2em !important;}&#8221;][vc_column_text css=&#8221;.vc_custom_1577387182350{margin-top: 3.3em !important;padding-bottom: 3.9rem !important;}&#8221;][\/vc_column_text][\/vc_column][\/vc_row]\" \/>\n<meta property=\"og:url\" content=\"https:\/\/grandmosque-iceland.is\/ar\/?page_id=37\" \/>\n<meta property=\"og:site_name\" content=\"\u0645\u0633\u062c\u062f \u0622\u064a\u0633\u0644\u0646\u062f\u0627 \u0627\u0644\u0643\u0628\u064a\u0631\" \/>\n<meta property=\"article:modified_time\" content=\"2019-12-26T19:06:38+00:00\" \/>\n<meta name=\"twitter:card\" content=\"summary_large_image\" \/>\n<meta name=\"twitter:label1\" content=\"\u0648\u0642\u062a \u0627\u0644\u0642\u0631\u0627\u0621\u0629 \u0627\u0644\u0645\u064f\u0642\u062f\u0651\u0631\" \/>\n\t<meta name=\"twitter:data1\" content=\"\u062f\u0642\u064a\u0642\u0629 \u0648\u0627\u062d\u062f\u0629\" \/>\n<script type=\"application\/ld+json\" class=\"yoast-schema-graph\">{\"@context\":\"https:\\\/\\\/schema.org\",\"@graph\":[{\"@type\":\"WebPage\",\"@id\":\"https:\\\/\\\/grandmosque-iceland.is\\\/ar\\\/?page_id=37\",\"url\":\"https:\\\/\\\/grandmosque-iceland.is\\\/ar\\\/?page_id=37\",\"name\":\"\u062a\u0648\u0627\u0635\u0644 \u0645\u0639\u0646\u0627 - \u0645\u0633\u062c\u062f \u0622\u064a\u0633\u0644\u0646\u062f\u0627 \u0627\u0644\u0643\u0628\u064a\u0631\",\"isPartOf\":{\"@id\":\"https:\\\/\\\/grandmosque-iceland.is\\\/ar\\\/#website\"},\"datePublished\":\"2017-07-10T14:42:04+00:00\",\"dateModified\":\"2019-12-26T19:06:38+00:00\",\"breadcrumb\":{\"@id\":\"https:\\\/\\\/grandmosque-iceland.is\\\/ar\\\/?page_id=37#breadcrumb\"},\"inLanguage\":\"ar\",\"potentialAction\":[{\"@type\":\"ReadAction\",\"target\":[\"https:\\\/\\\/grandmosque-iceland.is\\\/ar\\\/?page_id=37\"]}]},{\"@type\":\"BreadcrumbList\",\"@id\":\"https:\\\/\\\/grandmosque-iceland.is\\\/ar\\\/?page_id=37#breadcrumb\",\"itemListElement\":[{\"@type\":\"ListItem\",\"position\":1,\"name\":\"Home\",\"item\":\"https:\\\/\\\/grandmosque-iceland.is\\\/ar\\\/\"},{\"@type\":\"ListItem\",\"position\":2,\"name\":\"\u062a\u0648\u0627\u0635\u0644 \u0645\u0639\u0646\u0627\"}]},{\"@type\":\"WebSite\",\"@id\":\"https:\\\/\\\/grandmosque-iceland.is\\\/ar\\\/#website\",\"url\":\"https:\\\/\\\/grandmosque-iceland.is\\\/ar\\\/\",\"name\":\"\u0645\u0633\u062c\u062f \u0622\u064a\u0633\u0644\u0646\u062f\u0627 \u0627\u0644\u0643\u0628\u064a\u0631\",\"description\":\"\",\"publisher\":{\"@id\":\"https:\\\/\\\/grandmosque-iceland.is\\\/ar\\\/#organization\"},\"potentialAction\":[{\"@type\":\"SearchAction\",\"target\":{\"@type\":\"EntryPoint\",\"urlTemplate\":\"https:\\\/\\\/grandmosque-iceland.is\\\/ar\\\/?s={search_term_string}\"},\"query-input\":{\"@type\":\"PropertyValueSpecification\",\"valueRequired\":true,\"valueName\":\"search_term_string\"}}],\"inLanguage\":\"ar\"},{\"@type\":\"Organization\",\"@id\":\"https:\\\/\\\/grandmosque-iceland.is\\\/ar\\\/#organization\",\"name\":\"\u0645\u0633\u062c\u062f \u0622\u064a\u0633\u0644\u0646\u062f\u0627 \u0627\u0644\u0643\u0628\u064a\u0631\",\"url\":\"https:\\\/\\\/grandmosque-iceland.is\\\/ar\\\/\",\"logo\":{\"@type\":\"ImageObject\",\"inLanguage\":\"ar\",\"@id\":\"https:\\\/\\\/grandmosque-iceland.is\\\/ar\\\/#\\\/schema\\\/logo\\\/image\\\/\",\"url\":\"https:\\\/\\\/grandmosque-iceland.is\\\/ar\\\/wp-content\\\/uploads\\\/sites\\\/7\\\/2019\\\/12\\\/logo-a.png\",\"contentUrl\":\"https:\\\/\\\/grandmosque-iceland.is\\\/ar\\\/wp-content\\\/uploads\\\/sites\\\/7\\\/2019\\\/12\\\/logo-a.png\",\"width\":236,\"height\":85,\"caption\":\"\u0645\u0633\u062c\u062f \u0622\u064a\u0633\u0644\u0646\u062f\u0627 \u0627\u0644\u0643\u0628\u064a\u0631\"},\"image\":{\"@id\":\"https:\\\/\\\/grandmosque-iceland.is\\\/ar\\\/#\\\/schema\\\/logo\\\/image\\\/\"}}]}<\/script>\n<!-- \/ Yoast SEO plugin. -->","yoast_head_json":{"title":"\u062a\u0648\u0627\u0635\u0644 \u0645\u0639\u0646\u0627 - \u0645\u0633\u062c\u062f \u0622\u064a\u0633\u0644\u0646\u062f\u0627 \u0627\u0644\u0643\u0628\u064a\u0631","robots":{"index":"index","follow":"follow","max-snippet":"max-snippet:-1","max-image-preview":"max-image-preview:large","max-video-preview":"max-video-preview:-1"},"canonical":"https:\/\/grandmosque-iceland.is\/ar\/?page_id=37","og_locale":"ar_AR","og_type":"article","og_title":"\u062a\u0648\u0627\u0635\u0644 \u0645\u0639\u0646\u0627 - \u0645\u0633\u062c\u062f \u0622\u064a\u0633\u0644\u0646\u062f\u0627 \u0627\u0644\u0643\u0628\u064a\u0631","og_description":"[vc_row][vc_column width=&#8221;1\/2&#8243;][vc_column_text css=&#8221;.vc_custom_1577386927170{margin-top: 3.3em !important;}&#8221;] \u0645\u0633\u062c\u062f \u0622\u064a\u0633\u0644\u0646\u062f\u0627 \u0627\u0644\u0643\u0628\u064a\u0631 Sk\u00f6garhl\u00ed\u00f0 20 Reykjavik 105, Po Box 8964, \u00cdsland \u0627\u0644\u0647\u0627\u062a\u0641: 00354 7722857 \u0627\u0644\u0628\u0631\u064a\u062f \u0627\u0644\u0627\u0644\u0643\u062a\u0631\u0648\u0646\u064a: info@grandmosque-iceland.is[\/vc_column_text][\/vc_column][vc_column width=&#8221;1\/2&#8243; hide_bg_image_on_tablet=&#8221;&#8221; hide_bg_image_on_mobile=&#8221;&#8221; css=&#8221;.vc_custom_1508853593195{margin-bottom: 2em !important;}&#8221;][vc_column_text css=&#8221;.vc_custom_1577387182350{margin-top: 3.3em !important;padding-bottom: 3.9rem !important;}&#8221;][\/vc_column_text][\/vc_column][\/vc_row]","og_url":"https:\/\/grandmosque-iceland.is\/ar\/?page_id=37","og_site_name":"\u0645\u0633\u062c\u062f \u0622\u064a\u0633\u0644\u0646\u062f\u0627 \u0627\u0644\u0643\u0628\u064a\u0631","article_modified_time":"2019-12-26T19:06:38+00:00","twitter_card":"summary_large_image","twitter_misc":{"\u0648\u0642\u062a \u0627\u0644\u0642\u0631\u0627\u0621\u0629 \u0627\u0644\u0645\u064f\u0642\u062f\u0651\u0631":"\u062f\u0642\u064a\u0642\u0629 \u0648\u0627\u062d\u062f\u0629"},"schema":{"@context":"https:\/\/schema.org","@graph":[{"@type":"WebPage","@id":"https:\/\/grandmosque-iceland.is\/ar\/?page_id=37","url":"https:\/\/grandmosque-iceland.is\/ar\/?page_id=37","name":"\u062a\u0648\u0627\u0635\u0644 \u0645\u0639\u0646\u0627 - \u0645\u0633\u062c\u062f \u0622\u064a\u0633\u0644\u0646\u062f\u0627 \u0627\u0644\u0643\u0628\u064a\u0631","isPartOf":{"@id":"https:\/\/grandmosque-iceland.is\/ar\/#website"},"datePublished":"2017-07-10T14:42:04+00:00","dateModified":"2019-12-26T19:06:38+00:00","breadcrumb":{"@id":"https:\/\/grandmosque-iceland.is\/ar\/?page_id=37#breadcrumb"},"inLanguage":"ar","potentialAction":[{"@type":"ReadAction","target":["https:\/\/grandmosque-iceland.is\/ar\/?page_id=37"]}]},{"@type":"BreadcrumbList","@id":"https:\/\/grandmosque-iceland.is\/ar\/?page_id=37#breadcrumb","itemListElement":[{"@type":"ListItem","position":1,"name":"Home","item":"https:\/\/grandmosque-iceland.is\/ar\/"},{"@type":"ListItem","position":2,"name":"\u062a\u0648\u0627\u0635\u0644 \u0645\u0639\u0646\u0627"}]},{"@type":"WebSite","@id":"https:\/\/grandmosque-iceland.is\/ar\/#website","url":"https:\/\/grandmosque-iceland.is\/ar\/","name":"\u0645\u0633\u062c\u062f \u0622\u064a\u0633\u0644\u0646\u062f\u0627 \u0627\u0644\u0643\u0628\u064a\u0631","description":"","publisher":{"@id":"https:\/\/grandmosque-iceland.is\/ar\/#organization"},"potentialAction":[{"@type":"SearchAction","target":{"@type":"EntryPoint","urlTemplate":"https:\/\/grandmosque-iceland.is\/ar\/?s={search_term_string}"},"query-input":{"@type":"PropertyValueSpecification","valueRequired":true,"valueName":"search_term_string"}}],"inLanguage":"ar"},{"@type":"Organization","@id":"https:\/\/grandmosque-iceland.is\/ar\/#organization","name":"\u0645\u0633\u062c\u062f \u0622\u064a\u0633\u0644\u0646\u062f\u0627 \u0627\u0644\u0643\u0628\u064a\u0631","url":"https:\/\/grandmosque-iceland.is\/ar\/","logo":{"@type":"ImageObject","inLanguage":"ar","@id":"https:\/\/grandmosque-iceland.is\/ar\/#\/schema\/logo\/image\/","url":"https:\/\/grandmosque-iceland.is\/ar\/wp-content\/uploads\/sites\/7\/2019\/12\/logo-a.png","contentUrl":"https:\/\/grandmosque-iceland.is\/ar\/wp-content\/uploads\/sites\/7\/2019\/12\/logo-a.png","width":236,"height":85,"caption":"\u0645\u0633\u062c\u062f \u0622\u064a\u0633\u0644\u0646\u062f\u0627 \u0627\u0644\u0643\u0628\u064a\u0631"},"image":{"@id":"https:\/\/grandmosque-iceland.is\/ar\/#\/schema\/logo\/image\/"}}]}},"amp_enabled":true,"_links":{"self":[{"href":"https:\/\/grandmosque-iceland.is\/ar\/index.php?rest_route=\/wp\/v2\/pages\/37","targetHints":{"allow":["GET"]}}],"collection":[{"href":"https:\/\/grandmosque-iceland.is\/ar\/index.php?rest_route=\/wp\/v2\/pages"}],"about":[{"href":"https:\/\/grandmosque-iceland.is\/ar\/index.php?rest_route=\/wp\/v2\/types\/page"}],"author":[{"embeddable":true,"href":"https:\/\/grandmosque-iceland.is\/ar\/index.php?rest_route=\/wp\/v2\/users\/1"}],"replies":[{"embeddable":true,"href":"https:\/\/grandmosque-iceland.is\/ar\/index.php?rest_route=%2Fwp%2Fv2%2Fcomments&post=37"}],"version-history":[{"count":8,"href":"https:\/\/grandmosque-iceland.is\/ar\/index.php?rest_route=\/wp\/v2\/pages\/37\/revisions"}],"predecessor-version":[{"id":953,"href":"https:\/\/grandmosque-iceland.is\/ar\/index.php?rest_route=\/wp\/v2\/pages\/37\/revisions\/953"}],"wp:attachment":[{"href":"https:\/\/grandmosque-iceland.is\/ar\/index.php?rest_route=%2Fwp%2Fv2%2Fmedia&parent=37"}],"curies":[{"name":"wp","href":"https:\/\/api.w.org\/{rel}","templated":true}]}}